{"id":723199,"date":"2025-08-27T19:14:58","date_gmt":"2025-08-27T16:14:58","guid":{"rendered":"https:\/\/roveyayinevi.com.tr\/index.php\/urun\/bir-yol-bin-ihtimal\/"},"modified":"2026-04-16T02:31:03","modified_gmt":"2026-04-15T23:31:03","slug":"bir-yol-bin-ihtimal","status":"publish","type":"product","link":"https:\/\/roveyayinevi.com.tr\/index.php\/urun\/bir-yol-bin-ihtimal\/","title":{"rendered":"Bir Yol Bin \u0130htimal"},"content":{"rendered":"<p>\u201cYol, herkeste heyecan yarat\u0131r, ister i\u015f i\u00e7in olsun ister tatil. Ama benim amac\u0131m  ikisi de de\u011fil. Ne i\u015f i\u00e7in seyahat ediyorum, ne de k\u0131sa bir tatil i\u00e7in.  Yirmi be\u015f ya\u015f\u0131na kadar cevaplayamad\u0131\u011f\u0131m sorulara yan\u0131t bulmak \u00fczere yola \u00e7\u0131k\u0131yorum.Daha \u00f6nce kimi zaman bir ayl\u0131k, kimi zaman \u00fc\u00e7 ayl\u0131k seyahatlere \u00e7\u0131karak cevaplar\u0131 bulmaya \u00e7al\u0131\u015ft\u0131m. Bu sefer \u00e7ok daha b\u00fcy\u00fck bir ad\u0131m at\u0131yorum, bunu sadece yola aitolarak deneyece\u011fim.Bu y\u00fczden elimde tek y\u00f6n bir bilet var. Biliyorum, \u00e7ok cesur bir karar bu. Belki yapamayaca\u011f\u0131m, belki bir ayda geri d\u00f6nece\u011fim, belki de hayat\u0131m tamamen de\u011fi\u015fecek. K\u00fc\u00e7\u00fck bir ihtimale \u015fans verdim ve bu riski g\u00f6ze ald\u0131m. Yapamasam da olmad\u0131 der ve denemi\u015f olman\u0131n huzurunu ya\u015far\u0131m. \u015eimdiye kadar hayatta ne istemedi\u011fimi anlad\u0131m, ne istedi\u011fimi ise h\u00e2l\u00e2 bilmiyorum. B\u00fct\u00fcn s\u0131n\u0131rlar\u0131m\u0131 kald\u0131r\u0131p merak etti\u011fim her \u015feyi yolda deneyimleyerek kendimi bulmaya \u00e7al\u0131\u015faca\u011f\u0131m. Bir Yol Bin \u0130htimal, kendisiyle yolda tan\u0131\u015fan ve hayata olan tutkusunu seyahatle yeniden yakalayan gen\u00e7 bir kad\u0131n\u0131n yolculu\u011funu anlat\u0131yor. <\/p>\n","protected":false},"excerpt":{"rendered":"<p>\u201cYol, herkeste heyecan yarat\u0131r, ister i\u015f i\u00e7in olsun ister tatil. Ama benim amac\u0131m ikisi de de\u011fil. Ne i\u015f i\u00e7in seyahat ediyorum, ne de k\u0131sa bir tatil<span class=\"excerpt-hellip\"> [\u2026]<\/span><\/p>\n","protected":false},"featured_media":0,"template":"","meta":{"_monsterinsights_skip_tracking":false,"_monsterinsights_sitenote_active":false,"_monsterinsights_sitenote_note":"","_monsterinsights_sitenote_category":0},"product_brand":[],"product_cat":[18545,12291],"product_tag":[],"class_list":{"0":"post-723199","1":"product","2":"type-product","3":"status-publish","5":"product_cat-anlati","6":"product_cat-edebiyat","7":"pa_cilt-ciltsiz","8":"pa_tur-kitap","9":"pa_yayinevi-nemesis-kitap","10":"pa_yazar-yagmur-arat","12":"first","13":"instock","14":"sale","15":"shipping-taxable","16":"purchasable","17":"product-type-simple"},"_links":{"self":[{"href":"https:\/\/roveyayinevi.com.tr\/index.php\/wp-json\/wp\/v2\/product\/723199","targetHints":{"allow":["GET"]}}],"collection":[{"href":"https:\/\/roveyayinevi.com.tr\/index.php\/wp-json\/wp\/v2\/product"}],"about":[{"href":"https:\/\/roveyayinevi.com.tr\/index.php\/wp-json\/wp\/v2\/types\/product"}],"wp:attachment":[{"href":"https:\/\/roveyayinevi.com.tr\/index.php\/wp-json\/wp\/v2\/media?parent=723199"}],"wp:term":[{"taxonomy":"product_brand","embeddable":true,"href":"https:\/\/roveyayinevi.com.tr\/index.php\/wp-json\/wp\/v2\/product_brand?post=723199"},{"taxonomy":"product_cat","embeddable":true,"href":"https:\/\/roveyayinevi.com.tr\/index.php\/wp-json\/wp\/v2\/product_cat?post=723199"},{"taxonomy":"product_tag","embeddable":true,"href":"https:\/\/roveyayinevi.com.tr\/index.php\/wp-json\/wp\/v2\/product_tag?post=723199"}],"curies":[{"name":"wp","href":"https:\/\/api.w.org\/{rel}","templated":true}]}}