{"id":723198,"date":"2025-08-27T19:14:58","date_gmt":"2025-08-27T16:14:58","guid":{"rendered":"https:\/\/roveyayinevi.com.tr\/index.php\/urun\/ozgurlesebilmek\/"},"modified":"2026-04-16T02:31:03","modified_gmt":"2026-04-15T23:31:03","slug":"ozgurlesebilmek","status":"publish","type":"product","link":"https:\/\/roveyayinevi.com.tr\/index.php\/urun\/ozgurlesebilmek\/","title":{"rendered":"\u00d6zg\u00fcrle\u015febilmek"},"content":{"rendered":"<p>\u0130nsan ancak kendinden ba\u015fka kimseye benzemek istemedi\u011fine karar verdi\u011finde \u00f6zg\u00fcrle\u015fir&#8230;   \u00d6zg\u00fcrl\u00fck, \u00f6zg\u00fcnl\u00fckt\u00fcr&#8230; Kendi gibi olabilme cesareti g\u00f6sterebilen korkusuzlar\u0131n parmak izidir&#8230; Diledi\u011fini yapabilmek de\u011fil, ne diledi\u011finin fark\u0131nda olmakt\u0131r. \u201cBa\u015fkas\u0131 ne der?\u201d kayg\u0131s\u0131yla ya\u015famak yerine, ba\u015fkas\u0131 i\u00e7in ya\u015famaktan, vazge\u00e7ebilmektir. Kaybetme korkusundan ar\u0131nmak de\u011fil, kaybetme ihtimaline ra\u011fmen cesaret g\u00f6stermektir. G\u00f6ze almak de\u011fil, g\u00f6zden \u00e7\u0131karabilmektir \u00f6zg\u00fcrl\u00fck&#8230; Ve \u00f6zg\u00fcrl\u00fck, do\u011fu\u015ftan kazan\u0131lm\u0131\u015f bir hakt\u0131r. Hi\u00e7 kimse \u00f6zg\u00fcrl\u00fck hakk\u0131n\u0131 sonradan \u00f6\u011frendi\u011fi korkulara, kayg\u0131lara, \u015f\u00fcphelere ve de\u011fersizli\u011fe feda etmemelidir.   Uluslararas\u0131 \u00e7ok satanlar listesinde haftalarca bir numara olan, T\u00fcrkiye\u2019de de y\u00fcz binlerce okura ula\u015fmay\u0131 ba\u015faran VAZGE\u00c7EB\u0130LMEK ve SEVEB\u0130LMEK kitaplar\u0131n\u0131n yazar\u0131 Guy Finley\u2019den \u00f6zg\u00fcr olabilme cesareti \u00fczerine korkulara meydan okuyan e\u015fsiz bir manifesto&#8230; <\/p>\n","protected":false},"excerpt":{"rendered":"<p>\u0130nsan ancak kendinden ba\u015fka kimseye benzemek istemedi\u011fine karar verdi\u011finde \u00f6zg\u00fcrle\u015fir&#8230; \u00d6zg\u00fcrl\u00fck, \u00f6zg\u00fcnl\u00fckt\u00fcr&#8230; Kendi gibi olabilme cesareti g\u00f6sterebilen korkusuzlar\u0131n parmak izidir&#8230; Diledi\u011fini yapabilmek de\u011fil, ne diledi\u011finin fark\u0131nda<span class=\"excerpt-hellip\"> [\u2026]<\/span><\/p>\n","protected":false},"featured_media":0,"template":"","meta":{"_monsterinsights_skip_tracking":false,"_monsterinsights_sitenote_active":false,"_monsterinsights_sitenote_note":"","_monsterinsights_sitenote_category":0},"product_brand":[],"product_cat":[12364,12376],"product_tag":[],"class_list":{"0":"post-723198","1":"product","2":"type-product","3":"status-publish","5":"product_cat-genel-konular","6":"product_cat-kisisel-gelisim","7":"pa_cilt-ciltsiz","8":"pa_tur-kitap","9":"pa_yayinevi-destek-yayinlari","10":"pa_yazar-guy-finley","12":"first","13":"instock","14":"sale","15":"shipping-taxable","16":"purchasable","17":"product-type-simple"},"_links":{"self":[{"href":"https:\/\/roveyayinevi.com.tr\/index.php\/wp-json\/wp\/v2\/product\/723198","targetHints":{"allow":["GET"]}}],"collection":[{"href":"https:\/\/roveyayinevi.com.tr\/index.php\/wp-json\/wp\/v2\/product"}],"about":[{"href":"https:\/\/roveyayinevi.com.tr\/index.php\/wp-json\/wp\/v2\/types\/product"}],"wp:attachment":[{"href":"https:\/\/roveyayinevi.com.tr\/index.php\/wp-json\/wp\/v2\/media?parent=723198"}],"wp:term":[{"taxonomy":"product_brand","embeddable":true,"href":"https:\/\/roveyayinevi.com.tr\/index.php\/wp-json\/wp\/v2\/product_brand?post=723198"},{"taxonomy":"product_cat","embeddable":true,"href":"https:\/\/roveyayinevi.com.tr\/index.php\/wp-json\/wp\/v2\/product_cat?post=723198"},{"taxonomy":"product_tag","embeddable":true,"href":"https:\/\/roveyayinevi.com.tr\/index.php\/wp-json\/wp\/v2\/product_tag?post=723198"}],"curies":[{"name":"wp","href":"https:\/\/api.w.org\/{rel}","templated":true}]}}