{"id":723189,"date":"2025-08-27T19:14:53","date_gmt":"2025-08-27T16:14:53","guid":{"rendered":"https:\/\/roveyayinevi.com.tr\/index.php\/urun\/mavi-tuzak\/"},"modified":"2026-04-16T02:31:03","modified_gmt":"2026-04-15T23:31:03","slug":"mavi-tuzak","status":"publish","type":"product","link":"https:\/\/roveyayinevi.com.tr\/index.php\/urun\/mavi-tuzak\/","title":{"rendered":"Mavi Tuzak"},"content":{"rendered":"<p>\u201cHouston, sizinle irtibat\u0131m\u0131z\u0131n kesildi\u011finden bu yana tam on dokuz g\u00fcn ge\u00e7ti.Yerk\u00fcre \u00fczerinden hi\u00e7bir frekans yakalayamad\u0131\u011f\u0131m\u0131z gibi mesajlar\u0131m\u0131z\u0131n ula\u015ft\u0131\u011f\u0131ndan bile emin de\u011filiz.Kald\u0131 ki bunun sebebini anlayabilmemiz i\u00e7in pencereden D\u00fcnya\u2019ya bakmam\u0131z yeterli. G\u0131da ve te\u00e7hizat takviyesi i\u00e7in dokuz g\u00fcn evvel gelmesi gereken Soyuz\u2019dan da hi\u00e7 eser yok.Daha \u00f6nceki mesajlar\u0131m\u0131zda da ifade etti\u011fimiz gibi, m\u00fcrettebat\u0131n hayatlar\u0131n\u0131 idame ettirecek ya\u015fam malzemesi ve te\u00e7hizat eksiklikleri nedeniyle d\u00f6rt saat i\u00e7inde g\u00f6revlerimizi sonland\u0131rarak istasyondaki iki adet Soyuz ile yerk\u00fcreye d\u00f6nmeyi planl\u0131yoruz.Tabii e\u011fer a\u015fa\u011f\u0131da bir yerk\u00fcre kald\u0131ysa.\u201d &#8211; Astronot Brianne Bennet Uluslararas\u0131 Uzay \u0130stasyonu Komutan\u0131Kaptan Vitaly ile sad\u0131k m\u00fcrettebat\u0131 K\u00fcresel astrofiziksel bir felaket sonras\u0131nda sulara g\u00f6m\u00fclm\u00fc\u015f bir D\u00fcnya\u2019da sava\u015f kruvaz\u00f6r\u00fc Efthelia-II ile karay\u0131 bulmaya \u00e7al\u0131\u015f\u0131r.Uluslararas\u0131 Uzay \u0130stasyonu\u2019nun alt\u0131 ki\u015filik m\u00fcrettebat\u0131 ise bu sonsuz mavili\u011fe geri d\u00f6nmeye karar verir.\u0130ki ekibin yollar\u0131 kesi\u015fir ve bu k\u00fcresel felaketin kayna\u011f\u0131na ula\u015fmak i\u00e7in sava\u015fmaktan ba\u015fka \u00e7areleri kalmaz.Ancak sonunda deh\u015fet verici bir k\u0131yamet projesinin bulundu\u011fu bir adaya var\u0131rlar. Ada ya\u015fayan bir laboratuvard\u0131r&#8230;<\/p>\n","protected":false},"excerpt":{"rendered":"<p>\u201cHouston, sizinle irtibat\u0131m\u0131z\u0131n kesildi\u011finden bu yana tam on dokuz g\u00fcn ge\u00e7ti.Yerk\u00fcre \u00fczerinden hi\u00e7bir frekans yakalayamad\u0131\u011f\u0131m\u0131z gibi mesajlar\u0131m\u0131z\u0131n ula\u015ft\u0131\u011f\u0131ndan bile emin de\u011filiz.Kald\u0131 ki bunun sebebini anlayabilmemiz i\u00e7in<span class=\"excerpt-hellip\"> [\u2026]<\/span><\/p>\n","protected":false},"featured_media":0,"template":"","meta":{"_monsterinsights_skip_tracking":false,"_monsterinsights_sitenote_active":false,"_monsterinsights_sitenote_note":"","_monsterinsights_sitenote_category":0},"product_brand":[],"product_cat":[12291,12711],"product_tag":[],"class_list":{"0":"post-723189","1":"product","2":"type-product","3":"status-publish","5":"product_cat-edebiyat","6":"product_cat-roman-oyku","7":"pa_cilt-ciltsiz","8":"pa_tur-kitap","9":"pa_yayinevi-eksik-parca-yayinlari","10":"pa_yazar-ozgen-bicgin","12":"first","13":"instock","14":"sale","15":"shipping-taxable","16":"purchasable","17":"product-type-simple"},"_links":{"self":[{"href":"https:\/\/roveyayinevi.com.tr\/index.php\/wp-json\/wp\/v2\/product\/723189","targetHints":{"allow":["GET"]}}],"collection":[{"href":"https:\/\/roveyayinevi.com.tr\/index.php\/wp-json\/wp\/v2\/product"}],"about":[{"href":"https:\/\/roveyayinevi.com.tr\/index.php\/wp-json\/wp\/v2\/types\/product"}],"wp:attachment":[{"href":"https:\/\/roveyayinevi.com.tr\/index.php\/wp-json\/wp\/v2\/media?parent=723189"}],"wp:term":[{"taxonomy":"product_brand","embeddable":true,"href":"https:\/\/roveyayinevi.com.tr\/index.php\/wp-json\/wp\/v2\/product_brand?post=723189"},{"taxonomy":"product_cat","embeddable":true,"href":"https:\/\/roveyayinevi.com.tr\/index.php\/wp-json\/wp\/v2\/product_cat?post=723189"},{"taxonomy":"product_tag","embeddable":true,"href":"https:\/\/roveyayinevi.com.tr\/index.php\/wp-json\/wp\/v2\/product_tag?post=723189"}],"curies":[{"name":"wp","href":"https:\/\/api.w.org\/{rel}","templated":true}]}}