{"id":723186,"date":"2025-08-27T19:14:51","date_gmt":"2025-08-27T16:14:51","guid":{"rendered":"https:\/\/roveyayinevi.com.tr\/index.php\/urun\/primatlar-banyo-sirasindaciltli\/"},"modified":"2026-04-16T02:31:03","modified_gmt":"2026-04-15T23:31:03","slug":"primatlar-banyo-sirasindaciltli","status":"publish","type":"product","link":"https:\/\/roveyayinevi.com.tr\/index.php\/urun\/primatlar-banyo-sirasindaciltli\/","title":{"rendered":"Primatlar Banyo S\u0131ras\u0131nda(Ciltli)"},"content":{"rendered":"<p>&#8221;\u00c7ocu\u011fum, bu ne s\u0131ras\u0131?Neden toplanm\u0131\u015f s\u0131cakta bizim tak\u0131m\u0131n yar\u0131s\u0131?&#8221;&#8221;Banyo s\u0131ras\u0131, teyzeci\u011fim, banyo s\u0131ras\u0131!\u0130stemez misin sen de y\u0131kanmak, kirinden ve pas\u0131ndan ar\u0131nmak?&#8221;En \u00f6nde Babun, elinde terlik, havlu, bir de sabun; birer metre arayla Dril, Mandril, Goril, C\u00fcce \u0130pek Maymun, Beyaz Y\u00fczl\u00fc Saki ve hatta Mangabey. Derken kirden kapkara g\u00f6be\u011fi ile Japon \u015eebe\u011fi ve pek tabii ki di\u011ferleri\u2026Hava da g\u00fcne\u015fli mi g\u00fcne\u015fli! Primatlar banyo yapmak i\u00e7in s\u0131raya giriyor ve \u015fenlik ba\u015fl\u0131yor\u2026\u0130nsan \u0131rk\u0131 olarak nas\u0131l da &#8221;egzotik&#8221; bir c\u00fcmb\u00fc\u015f\u00fcn par\u00e7as\u0131 oldu\u011fumuzu g\u00f6zler \u00f6n\u00fcne seren bu \u015fenlikli kitap, do\u011fadaki canl\u0131lar\u0131n \u00e7e\u015fitlili\u011fine de\u011finiyor, yery\u00fcz\u00fcn\u00fc payla\u015fman\u0131n \u00f6nemine vurgu yap\u0131yor.Tekerlemeleri and\u0131ran \u015fiirsel anlat\u0131m\u0131yla Madagaskar&#8217;dan Brezilya&#8217;ya d\u00fcnya \u00fczerindeki pek \u00e7ok primat\u0131n ya\u015fam\u0131na g\u00f6z k\u0131rpan Primatlar Banyo S\u0131ras\u0131nda, tekrar tekrar okunacak hik\u00e2yesiyle, hem bilgilendiriyor hem de e\u011flendiriyor.<\/p>\n","protected":false},"excerpt":{"rendered":"<p>&#8221;\u00c7ocu\u011fum, bu ne s\u0131ras\u0131?Neden toplanm\u0131\u015f s\u0131cakta bizim tak\u0131m\u0131n yar\u0131s\u0131?&#8221;&#8221;Banyo s\u0131ras\u0131, teyzeci\u011fim, banyo s\u0131ras\u0131!\u0130stemez misin sen de y\u0131kanmak, kirinden ve pas\u0131ndan ar\u0131nmak?&#8221;En \u00f6nde Babun, elinde terlik, havlu,<span class=\"excerpt-hellip\"> [\u2026]<\/span><\/p>\n","protected":false},"featured_media":0,"template":"","meta":{"_monsterinsights_skip_tracking":false,"_monsterinsights_sitenote_active":false,"_monsterinsights_sitenote_note":"","_monsterinsights_sitenote_category":0},"product_brand":[],"product_cat":[12274,12518],"product_tag":[],"class_list":{"0":"post-723186","1":"product","2":"type-product","3":"status-publish","5":"product_cat-cocuk-ve-genclik-kitaplari","6":"product_cat-okul-oncesi-kitaplar","7":"pa_cilt-ciltli","8":"pa_tur-kitap","9":"pa_yayinevi-ucanbalik-yayincilik","10":"pa_yazar-mustafa-kemal-yilmaz","12":"first","13":"instock","14":"sale","15":"shipping-taxable","16":"purchasable","17":"product-type-simple"},"_links":{"self":[{"href":"https:\/\/roveyayinevi.com.tr\/index.php\/wp-json\/wp\/v2\/product\/723186","targetHints":{"allow":["GET"]}}],"collection":[{"href":"https:\/\/roveyayinevi.com.tr\/index.php\/wp-json\/wp\/v2\/product"}],"about":[{"href":"https:\/\/roveyayinevi.com.tr\/index.php\/wp-json\/wp\/v2\/types\/product"}],"wp:attachment":[{"href":"https:\/\/roveyayinevi.com.tr\/index.php\/wp-json\/wp\/v2\/media?parent=723186"}],"wp:term":[{"taxonomy":"product_brand","embeddable":true,"href":"https:\/\/roveyayinevi.com.tr\/index.php\/wp-json\/wp\/v2\/product_brand?post=723186"},{"taxonomy":"product_cat","embeddable":true,"href":"https:\/\/roveyayinevi.com.tr\/index.php\/wp-json\/wp\/v2\/product_cat?post=723186"},{"taxonomy":"product_tag","embeddable":true,"href":"https:\/\/roveyayinevi.com.tr\/index.php\/wp-json\/wp\/v2\/product_tag?post=723186"}],"curies":[{"name":"wp","href":"https:\/\/api.w.org\/{rel}","templated":true}]}}