{"id":723176,"date":"2025-08-27T19:14:46","date_gmt":"2025-08-27T16:14:46","guid":{"rendered":"https:\/\/roveyayinevi.com.tr\/index.php\/urun\/isimsiz-mezar\/"},"modified":"2025-11-21T05:55:14","modified_gmt":"2025-11-21T02:55:14","slug":"isimsiz-mezar","status":"publish","type":"product","link":"https:\/\/roveyayinevi.com.tr\/index.php\/urun\/isimsiz-mezar\/","title":{"rendered":"\u0130simsiz Mezar"},"content":{"rendered":"<p>Deprem, sel felaketi, \u00e7\u0131\u011f d\u00fc\u015fmesi, h\u0131zl\u0131 tren kazas\u0131, m\u00fclteci \u00f6l\u00fcmleri, intiharlar, i\u015f cinayetleri, kad\u0131n, do\u011fa ve hayvan katliamlar\u0131\u2026   \u0130simsiz, koskoca bir mezara d\u00f6nd\u00fc g\u00fczel \u00fclkem\u2026   Is\u0131namayan, doyamayan, gezip dola\u015famayan ve bir t\u00fcrl\u00fc uyanamayan Alilere, Ay\u015felere, Ahmetlere, Fatmalara\u2026 <\/p>\n","protected":false},"excerpt":{"rendered":"<p>Deprem, sel felaketi, \u00e7\u0131\u011f d\u00fc\u015fmesi, h\u0131zl\u0131 tren kazas\u0131, m\u00fclteci \u00f6l\u00fcmleri, intiharlar, i\u015f cinayetleri, kad\u0131n, do\u011fa ve hayvan katliamlar\u0131\u2026 \u0130simsiz, koskoca bir mezara d\u00f6nd\u00fc g\u00fczel \u00fclkem\u2026 Is\u0131namayan,<span class=\"excerpt-hellip\"> [\u2026]<\/span><\/p>\n","protected":false},"featured_media":0,"template":"","meta":{"_monsterinsights_skip_tracking":false,"_monsterinsights_sitenote_active":false,"_monsterinsights_sitenote_note":"","_monsterinsights_sitenote_category":0},"product_brand":[],"product_cat":[18545,12291],"product_tag":[],"class_list":{"0":"post-723176","1":"product","2":"type-product","3":"status-publish","5":"product_cat-anlati","6":"product_cat-edebiyat","7":"pa_cilt-ciltsiz","8":"pa_tur-kitap","9":"pa_yayinevi-favori-yayinlari","10":"pa_yazar-recai-seyhoglu","12":"first","13":"instock","14":"sale","15":"shipping-taxable","16":"purchasable","17":"product-type-simple"},"_links":{"self":[{"href":"https:\/\/roveyayinevi.com.tr\/index.php\/wp-json\/wp\/v2\/product\/723176","targetHints":{"allow":["GET"]}}],"collection":[{"href":"https:\/\/roveyayinevi.com.tr\/index.php\/wp-json\/wp\/v2\/product"}],"about":[{"href":"https:\/\/roveyayinevi.com.tr\/index.php\/wp-json\/wp\/v2\/types\/product"}],"wp:attachment":[{"href":"https:\/\/roveyayinevi.com.tr\/index.php\/wp-json\/wp\/v2\/media?parent=723176"}],"wp:term":[{"taxonomy":"product_brand","embeddable":true,"href":"https:\/\/roveyayinevi.com.tr\/index.php\/wp-json\/wp\/v2\/product_brand?post=723176"},{"taxonomy":"product_cat","embeddable":true,"href":"https:\/\/roveyayinevi.com.tr\/index.php\/wp-json\/wp\/v2\/product_cat?post=723176"},{"taxonomy":"product_tag","embeddable":true,"href":"https:\/\/roveyayinevi.com.tr\/index.php\/wp-json\/wp\/v2\/product_tag?post=723176"}],"curies":[{"name":"wp","href":"https:\/\/api.w.org\/{rel}","templated":true}]}}