{"id":723174,"date":"2025-08-27T19:14:45","date_gmt":"2025-08-27T16:14:45","guid":{"rendered":"https:\/\/roveyayinevi.com.tr\/index.php\/urun\/4-gunde-sigarayi-kafanda-bitir\/"},"modified":"2026-04-16T02:31:02","modified_gmt":"2026-04-15T23:31:02","slug":"4-gunde-sigarayi-kafanda-bitir","status":"publish","type":"product","link":"https:\/\/roveyayinevi.com.tr\/index.php\/urun\/4-gunde-sigarayi-kafanda-bitir\/","title":{"rendered":"4 G\u00fcnde Sigaray\u0131 Kafanda Bitir"},"content":{"rendered":"<p>Sigara b\u0131rakmakla u\u011fra\u015facak zaman\u0131n\u0131z m\u0131 yok?Ya da daha \u00f6nce b\u0131rak\u0131p b\u0131rak\u0131p, sigaraya kafan\u0131zda nas\u0131l bitirece\u011finizi bilmedi\u011finiz i\u00e7in hep geri mi d\u00f6nd\u00fcn\u00fcz?O zaman bu kitap tam sizin i\u00e7in!\u201c4 G\u00fcnde Sigaray\u0131 Kafanda Bitir\u201d kitab\u0131, d\u00fcnyaca \u00fcnl\u00fc Allen Carr-Sigaray\u0131 B\u0131rakman\u0131n Kolay Yolu y\u00f6nteminin, devrimsel nitelikte ve k\u0131sa, net yeni versiyonudur. \u00d6\u011fretici ve g\u00fc\u00e7l\u00fc b\u00f6l\u00fcmler halinde, en az \u00e7abayla, g\u00fcven verici ve h\u0131zl\u0131 bir \u015fekilde kafan\u0131zda sigaray\u0131 nas\u0131l bitirebilece\u011finizi \u00f6\u011frenin. Hayat\u0131n\u0131z\u0131 de\u011fi\u015ftirmeniz sadece 4 g\u00fcn s\u00fcrecek.Bu kitab\u0131 4 g\u00fcnde okuman\u0131z\u0131 tavsiye ediyoruz (ama daha k\u0131sa s\u00fcrede bitirmeyi tercih edebilirsiniz).Ba\u015flama tarihinizi se\u00e7in ve 4 g\u00fcn sonra \u00f6zg\u00fcr olabilirsiniz. Bu kadar basit.\u201c4 G\u00fcnde sigaray\u0131 kafanda bitir\u201d bak\u0131\u015f a\u00e7\u0131n\u0131z\u0131 de\u011fi\u015ftirecek, sigara, esigara, ya da nikotinin herhangi bir formunu kolayca ve an\u0131nda b\u0131rakman\u0131z\u0131 sa\u011flayacak.Allen Carr-Kolay Yol hakk\u0131nda s\u00f6ylenenlerden baz\u0131lar\u0131:\u201cSigara i\u00e7mek \u00e7ok karma\u015f\u0131k bir labirentin i\u00e7inde kaybolmak gibi. Ama Allen Carr bu labirentin \u00e7\u0131k\u0131\u015f\u0131n\u0131 g\u00f6steren plan\u0131n\u0131 bulmu\u015f. An\u0131nda ba\u011f\u0131ml\u0131l\u0131\u011f\u0131mdan kurtuldum ve \u00f6zg\u00fcr\u00fcm.\u201d- Sir Antony Hopkins\u201cY\u00f6ntemi ger\u00e7ekten de \u00f6zg\u00fcn. Sigara i\u00e7meye devam ederken sigaraya olan ba\u011f\u0131ml\u0131l\u0131\u011f\u0131n\u0131z\u0131 ortadan kald\u0131r\u0131yor. \u00c7al\u0131\u015fanlar\u0131m\u0131n ve dostlar\u0131m\u0131n \u00e7o\u011funda i\u015fe yarad\u0131\u011f\u0131n\u0131 s\u00f6ylemekten memnuniyet duyuyorum.\u201d- Sir Richard Branson\u201cBen Emre\u2019ye Sigara B\u0131rakt\u0131ran Adam diyorum, Emre\u2019nin katk\u0131lar\u0131yla Allen Carr\u2019\u0131n bu kitab\u0131n\u0131 her sigara i\u00e7en mutlaka okumal\u0131.\u201d- Ay\u015fe Arman <\/p>\n","protected":false},"excerpt":{"rendered":"<p>Sigara b\u0131rakmakla u\u011fra\u015facak zaman\u0131n\u0131z m\u0131 yok?Ya da daha \u00f6nce b\u0131rak\u0131p b\u0131rak\u0131p, sigaraya kafan\u0131zda nas\u0131l bitirece\u011finizi bilmedi\u011finiz i\u00e7in hep geri mi d\u00f6nd\u00fcn\u00fcz?O zaman bu kitap tam sizin<span class=\"excerpt-hellip\"> [\u2026]<\/span><\/p>\n","protected":false},"featured_media":0,"template":"","meta":{"_monsterinsights_skip_tracking":false,"_monsterinsights_sitenote_active":false,"_monsterinsights_sitenote_note":"","_monsterinsights_sitenote_category":0},"product_brand":[],"product_cat":[13366,13365],"product_tag":[],"class_list":{"0":"post-723174","1":"product","2":"type-product","3":"status-publish","5":"product_cat-diger-saglik","6":"product_cat-saglik","7":"pa_cilt-ciltsiz","8":"pa_tur-kitap","9":"pa_yayinevi-butik-yayinlari","10":"pa_yazar-allen-carr","12":"first","13":"instock","14":"sale","15":"shipping-taxable","16":"purchasable","17":"product-type-simple"},"_links":{"self":[{"href":"https:\/\/roveyayinevi.com.tr\/index.php\/wp-json\/wp\/v2\/product\/723174","targetHints":{"allow":["GET"]}}],"collection":[{"href":"https:\/\/roveyayinevi.com.tr\/index.php\/wp-json\/wp\/v2\/product"}],"about":[{"href":"https:\/\/roveyayinevi.com.tr\/index.php\/wp-json\/wp\/v2\/types\/product"}],"wp:attachment":[{"href":"https:\/\/roveyayinevi.com.tr\/index.php\/wp-json\/wp\/v2\/media?parent=723174"}],"wp:term":[{"taxonomy":"product_brand","embeddable":true,"href":"https:\/\/roveyayinevi.com.tr\/index.php\/wp-json\/wp\/v2\/product_brand?post=723174"},{"taxonomy":"product_cat","embeddable":true,"href":"https:\/\/roveyayinevi.com.tr\/index.php\/wp-json\/wp\/v2\/product_cat?post=723174"},{"taxonomy":"product_tag","embeddable":true,"href":"https:\/\/roveyayinevi.com.tr\/index.php\/wp-json\/wp\/v2\/product_tag?post=723174"}],"curies":[{"name":"wp","href":"https:\/\/api.w.org\/{rel}","templated":true}]}}