{"id":723173,"date":"2025-08-27T19:14:44","date_gmt":"2025-08-27T16:14:44","guid":{"rendered":"https:\/\/roveyayinevi.com.tr\/index.php\/urun\/kubra\/"},"modified":"2026-04-16T02:31:02","modified_gmt":"2026-04-15T23:31:02","slug":"kubra","status":"publish","type":"product","link":"https:\/\/roveyayinevi.com.tr\/index.php\/urun\/kubra\/","title":{"rendered":"K\u00fcbra"},"content":{"rendered":"<p>&#8220;Bu v\u00fccudun, bu varl\u0131\u011f\u0131n bir \u00f6zelli\u011fi olmal\u0131.Ben dedi\u011fim \u015feyin ben olmas\u0131n\u0131n bir anlam\u0131 olmal\u0131.&#8221;G\u00f6khan \u015eahino\u011flu bir imalat at\u00f6lyesinde \u00e7al\u0131\u015f\u0131yor. S\u0131k\u0131 \u00e7al\u0131\u015f\u0131yor. Ustas\u0131n\u0131n g\u00f6zbebe\u011fi. Kalan zaman\u0131n\u0131 hal\u0131 saha ma\u00e7lar\u0131 ile bir k\u00fcs\u00fcp bir bar\u0131\u015ft\u0131\u011f\u0131 k\u0131z arkada\u015f\u0131 aras\u0131nda payla\u015ft\u0131r\u0131yor. Mahallesinde sayg\u0131l\u0131, inan\u00e7l\u0131 ve olgun bir gen\u00e7 olarak biliniyor. Bir g\u00fcn telefonuna bir s\u00fcredir par\u00e7as\u0131 oldu\u011fu sanal arkada\u015fl\u0131k grubundan K\u00fcbra adl\u0131 kullan\u0131c\u0131n\u0131n mesaj\u0131 d\u00fc\u015f\u00fcyor. \u201cSen farkl\u0131s\u0131n.\u201dG\u00f6khan ba\u015fta anlam veremiyor. Pek de \u00f6nemsemiyor. Ama mesajlar\u0131n say\u0131s\u0131 artt\u0131k\u00e7a G\u00f6khan&#8217;\u0131n merak\u0131 da art\u0131yor. Zira K\u00fcbra, G\u00f6khan ve \u00e7evresindeki herkes hakk\u0131nda haddinden fazla \u015fey biliyor.\u00d6d\u00fcll\u00fc ilk roman S\u0131cak Kafa&#8217;n\u0131n yazar\u0131 Af\u015fin Kum&#8217;dan, insana ve makineye, akla ve vicdana, inanca ve iktidara dair keskin ve h\u0131zl\u0131 bir macera daha. K\u00fcbra.<\/p>\n","protected":false},"excerpt":{"rendered":"<p>&#8220;Bu v\u00fccudun, bu varl\u0131\u011f\u0131n bir \u00f6zelli\u011fi olmal\u0131.Ben dedi\u011fim \u015feyin ben olmas\u0131n\u0131n bir anlam\u0131 olmal\u0131.&#8221;G\u00f6khan \u015eahino\u011flu bir imalat at\u00f6lyesinde \u00e7al\u0131\u015f\u0131yor. S\u0131k\u0131 \u00e7al\u0131\u015f\u0131yor. Ustas\u0131n\u0131n g\u00f6zbebe\u011fi. Kalan zaman\u0131n\u0131 hal\u0131<span class=\"excerpt-hellip\"> [\u2026]<\/span><\/p>\n","protected":false},"featured_media":0,"template":"","meta":{"_monsterinsights_skip_tracking":false,"_monsterinsights_sitenote_active":false,"_monsterinsights_sitenote_note":"","_monsterinsights_sitenote_category":0},"product_brand":[],"product_cat":[12291,12711],"product_tag":[],"class_list":{"0":"post-723173","1":"product","2":"type-product","3":"status-publish","5":"product_cat-edebiyat","6":"product_cat-roman-oyku","7":"pa_cilt-ciltsiz","8":"pa_tur-kitap","9":"pa_yayinevi-april-yayincilik","10":"pa_yazar-afsin-kum","12":"first","13":"instock","14":"sale","15":"shipping-taxable","16":"purchasable","17":"product-type-simple"},"_links":{"self":[{"href":"https:\/\/roveyayinevi.com.tr\/index.php\/wp-json\/wp\/v2\/product\/723173","targetHints":{"allow":["GET"]}}],"collection":[{"href":"https:\/\/roveyayinevi.com.tr\/index.php\/wp-json\/wp\/v2\/product"}],"about":[{"href":"https:\/\/roveyayinevi.com.tr\/index.php\/wp-json\/wp\/v2\/types\/product"}],"wp:attachment":[{"href":"https:\/\/roveyayinevi.com.tr\/index.php\/wp-json\/wp\/v2\/media?parent=723173"}],"wp:term":[{"taxonomy":"product_brand","embeddable":true,"href":"https:\/\/roveyayinevi.com.tr\/index.php\/wp-json\/wp\/v2\/product_brand?post=723173"},{"taxonomy":"product_cat","embeddable":true,"href":"https:\/\/roveyayinevi.com.tr\/index.php\/wp-json\/wp\/v2\/product_cat?post=723173"},{"taxonomy":"product_tag","embeddable":true,"href":"https:\/\/roveyayinevi.com.tr\/index.php\/wp-json\/wp\/v2\/product_tag?post=723173"}],"curies":[{"name":"wp","href":"https:\/\/api.w.org\/{rel}","templated":true}]}}