{"id":723172,"date":"2025-08-27T19:14:43","date_gmt":"2025-08-27T16:14:43","guid":{"rendered":"https:\/\/roveyayinevi.com.tr\/index.php\/urun\/inanc\/"},"modified":"2026-04-16T02:31:02","modified_gmt":"2026-04-15T23:31:02","slug":"inanc","status":"publish","type":"product","link":"https:\/\/roveyayinevi.com.tr\/index.php\/urun\/inanc\/","title":{"rendered":"\u0130nan\u00e7"},"content":{"rendered":"<p>\u201cBeni okuyanlar\u0131n \u015funlar\u0131 da bilmelerini isterim: Ben hi\u00e7bir ortakl\u0131kta hisseli de\u011filim. Hi\u00e7bir bankan\u0131n, fabrikan\u0131n, \u015firketin, gazetenin kazanc\u0131 ile ilgili de\u011filim. 1917&#8217;den beri Rusya\u2019ya birka\u00e7 defa gidip gelerek ve Moskova\u2019da oturarak, daha sonra onun \u00f6rnekli\u011fi ile t\u00fcremi\u015f olanlar\u0131 g\u00f6rerek ve Bat\u0131 sosyalizminin bu derslere g\u00f6re nas\u0131l kendi kendini g\u00f6zden ge\u00e7irmekte oldu\u011funa bakarak edindi\u011fim inan\u00e7lar\u0131 yaymaya \u00e7al\u0131\u015f\u0131yorum. Elli \u015fu kadar y\u0131ldan beri de sava\u015flar\u0131m\u0131n tek dayana\u011f\u0131, inanc\u0131m olmu\u015ftur.\u201d diyor. \u0130nan\u00e7; Falih R\u0131fk\u0131 Atay\u2019\u0131n, d\u00fcnyaya y\u00f6n veren ideolojilerin, politikalar\u0131n ve ki\u015filerin toplumlar \u00fczerindeki etkisini anlatan ve d\u00f6neminin T\u00fcrkiye\u2019sine \u0131\u015f\u0131k tutan de\u011ferlendirmelerini onun \u2018inan\u00e7\u2019 perspektifinden okumak isteyenler i\u00e7in e\u015fsiz bir eser niteli\u011findedir.<\/p>\n","protected":false},"excerpt":{"rendered":"<p>\u201cBeni okuyanlar\u0131n \u015funlar\u0131 da bilmelerini isterim: Ben hi\u00e7bir ortakl\u0131kta hisseli de\u011filim. Hi\u00e7bir bankan\u0131n, fabrikan\u0131n, \u015firketin, gazetenin kazanc\u0131 ile ilgili de\u011filim. 1917&#8217;den beri Rusya\u2019ya birka\u00e7 defa gidip<span class=\"excerpt-hellip\"> [\u2026]<\/span><\/p>\n","protected":false},"featured_media":0,"template":"","meta":{"_monsterinsights_skip_tracking":false,"_monsterinsights_sitenote_active":false,"_monsterinsights_sitenote_note":"","_monsterinsights_sitenote_category":0},"product_brand":[],"product_cat":[13072,12291],"product_tag":[],"class_list":{"0":"post-723172","1":"product","2":"type-product","3":"status-publish","5":"product_cat-arastirma-inceleme-referans","6":"product_cat-edebiyat","7":"pa_cilt-ciltsiz","8":"pa_tur-kitap","9":"pa_yayinevi-pozitif-yayinlari","10":"pa_yazar-falih-rifki-atay","12":"first","13":"instock","14":"sale","15":"shipping-taxable","16":"purchasable","17":"product-type-simple"},"_links":{"self":[{"href":"https:\/\/roveyayinevi.com.tr\/index.php\/wp-json\/wp\/v2\/product\/723172","targetHints":{"allow":["GET"]}}],"collection":[{"href":"https:\/\/roveyayinevi.com.tr\/index.php\/wp-json\/wp\/v2\/product"}],"about":[{"href":"https:\/\/roveyayinevi.com.tr\/index.php\/wp-json\/wp\/v2\/types\/product"}],"wp:attachment":[{"href":"https:\/\/roveyayinevi.com.tr\/index.php\/wp-json\/wp\/v2\/media?parent=723172"}],"wp:term":[{"taxonomy":"product_brand","embeddable":true,"href":"https:\/\/roveyayinevi.com.tr\/index.php\/wp-json\/wp\/v2\/product_brand?post=723172"},{"taxonomy":"product_cat","embeddable":true,"href":"https:\/\/roveyayinevi.com.tr\/index.php\/wp-json\/wp\/v2\/product_cat?post=723172"},{"taxonomy":"product_tag","embeddable":true,"href":"https:\/\/roveyayinevi.com.tr\/index.php\/wp-json\/wp\/v2\/product_tag?post=723172"}],"curies":[{"name":"wp","href":"https:\/\/api.w.org\/{rel}","templated":true}]}}