{"id":723171,"date":"2025-08-27T19:14:42","date_gmt":"2025-08-27T16:14:42","guid":{"rendered":"https:\/\/roveyayinevi.com.tr\/index.php\/urun\/uygulamali-set-ve-kamera-onu-oyunculugu\/"},"modified":"2026-04-16T02:31:02","modified_gmt":"2026-04-15T23:31:02","slug":"uygulamali-set-ve-kamera-onu-oyunculugu","status":"publish","type":"product","link":"https:\/\/roveyayinevi.com.tr\/index.php\/urun\/uygulamali-set-ve-kamera-onu-oyunculugu\/","title":{"rendered":"Uygulamal\u0131 Set ve Kamera \u00d6n\u00fc Oyunculu\u011fu"},"content":{"rendered":"<p>Kamera \u00f6n\u00fc oyunculuk yapanlar\u0131n yan\u0131 s\u0131ra film &amp; dizi vb. gibi sekt\u00f6rlerde \u00e7al\u0131\u015fan herkese yol g\u00f6sterecek bu kitapta;Metin ve Karakter AnaliziRole Haz\u0131rl\u0131kKarakterin Kendisi Olabilme Egzersizleri ve Do\u011fa\u00e7lama TeknikleriKamera ile Do\u011fru \u0130li\u015fki KurmakKamera Kar\u015f\u0131s\u0131nda Bedenini Do\u011fru Kullanmak, Do\u011fall\u0131\u011f\u0131 Yakalayabilmek\u00c7ekim \u00d6ncesi Rol \u00dczerine Yo\u011funla\u015fmakY\u00f6netmenin \u00c7ekim Tarz\u0131n\u0131 KavramakKamera Kar\u015f\u0131s\u0131nda Rahat OlabilmekFizi\u011finizdeki Art\u0131 ve Eksi Y\u00f6nlerin Fark\u0131na VarmakSesinizi Kullanmay\u0131 \u00d6\u011frenmekSette Kullan\u0131lan Terimleri \u00d6\u011frenmekKonsantrasyonSette Do\u011fru Davran\u0131\u015f Bi\u00e7imi \u00d6nerileriSet DisipliniAudition Haz\u0131rl\u0131\u011f\u0131Heyecan\u0131 Bast\u0131rma Y\u00f6ntemleriShowreel gibi pek \u00e7ok ba\u015fl\u0131k alt\u0131nda ba\u015fka kaynaklarda yaz\u0131lmam\u0131\u015f bilgilerle kar\u015f\u0131la\u015facaks\u0131n\u0131z.<\/p>\n","protected":false},"excerpt":{"rendered":"<p>Kamera \u00f6n\u00fc oyunculuk yapanlar\u0131n yan\u0131 s\u0131ra film &amp; dizi vb. gibi sekt\u00f6rlerde \u00e7al\u0131\u015fan herkese yol g\u00f6sterecek bu kitapta;Metin ve Karakter AnaliziRole Haz\u0131rl\u0131kKarakterin Kendisi Olabilme Egzersizleri ve<span class=\"excerpt-hellip\"> [\u2026]<\/span><\/p>\n","protected":false},"featured_media":0,"template":"","meta":{"_monsterinsights_skip_tracking":false,"_monsterinsights_sitenote_active":false,"_monsterinsights_sitenote_note":"","_monsterinsights_sitenote_category":0},"product_brand":[],"product_cat":[12409,12408],"product_tag":[],"class_list":{"0":"post-723171","1":"product","2":"type-product","3":"status-publish","5":"product_cat-fotograf-sinema-tiyatro","6":"product_cat-sanat","7":"pa_cilt-ciltsiz","8":"pa_tur-kitap","9":"pa_yayinevi-pozitif-yayinlari","10":"pa_yazar-yilmaz-arikan","12":"first","13":"instock","14":"sale","15":"shipping-taxable","16":"purchasable","17":"product-type-simple"},"_links":{"self":[{"href":"https:\/\/roveyayinevi.com.tr\/index.php\/wp-json\/wp\/v2\/product\/723171","targetHints":{"allow":["GET"]}}],"collection":[{"href":"https:\/\/roveyayinevi.com.tr\/index.php\/wp-json\/wp\/v2\/product"}],"about":[{"href":"https:\/\/roveyayinevi.com.tr\/index.php\/wp-json\/wp\/v2\/types\/product"}],"wp:attachment":[{"href":"https:\/\/roveyayinevi.com.tr\/index.php\/wp-json\/wp\/v2\/media?parent=723171"}],"wp:term":[{"taxonomy":"product_brand","embeddable":true,"href":"https:\/\/roveyayinevi.com.tr\/index.php\/wp-json\/wp\/v2\/product_brand?post=723171"},{"taxonomy":"product_cat","embeddable":true,"href":"https:\/\/roveyayinevi.com.tr\/index.php\/wp-json\/wp\/v2\/product_cat?post=723171"},{"taxonomy":"product_tag","embeddable":true,"href":"https:\/\/roveyayinevi.com.tr\/index.php\/wp-json\/wp\/v2\/product_tag?post=723171"}],"curies":[{"name":"wp","href":"https:\/\/api.w.org\/{rel}","templated":true}]}}