{"id":723168,"date":"2025-08-27T19:14:40","date_gmt":"2025-08-27T16:14:40","guid":{"rendered":"https:\/\/roveyayinevi.com.tr\/index.php\/urun\/munevver\/"},"modified":"2026-04-16T02:31:02","modified_gmt":"2026-04-15T23:31:02","slug":"munevver","status":"publish","type":"product","link":"https:\/\/roveyayinevi.com.tr\/index.php\/urun\/munevver\/","title":{"rendered":"M\u00fcnevver"},"content":{"rendered":"<p>&#8220;Bak\u0131n, s\u00f6yl\u00fcyorum: Tehlikeli olarak de\u011ferlendiriliyorsunuz.&#8221; Vurgulad\u0131\u011f\u0131 s\u00f6zc\u00fck irkiltiyor beni. &#8220;Tehlikeli mi Tehlikede mi?&#8221; diyorum; &#8220;diliniz s\u00fcr\u00e7m\u00fc\u015f olmas\u0131n? \u0130kisi \u00e7ok ayr\u0131 \u015feyler.&#8221; &#8220;Ayn\u0131 kap\u0131ya \u00e7\u0131kar,&#8221; diyor; &#8220;tehlikeli olan tehlikededir.&#8221; Amerika&#8217;n\u0131n \u00f6nayak oldu\u011fu Bak\u00fc-Tiflis-Ceyhan petrol boru hatt\u0131 tam da ayr\u0131l\u0131k\u00e7\u0131lar\u0131n \u00e7izdi\u011fi K\u00fcrdistan haritas\u0131n\u0131n s\u0131n\u0131r\u0131n\u0131 olu\u015fturacak bi\u00e7imde ge\u00e7iyor topraklar\u0131m\u0131zdan. \u0130\u00e7imden; &#8220;Ama bu kadar\u0131 da olamaz! Olabilir mi?,&#8221; derken telefonun sesiyle irkiliyorum\u2026 \u00c7ok b\u00fcy\u00fck bir oyunun i\u00e7in-de yuvarlan\u0131yor T\u00fcrkiye\u2026&#8221; &#8220;Ben \u015funu bilir \u015funu s\u00f6ylerim hep,&#8221; diyor y\u00fcz\u00fcme bakmadan; &#8220;siyasi tav\u0131rl\u0131 yazarlar, \u015fu ya da bu bi\u00e7imde arkalar\u0131n\u0131 bir g\u00fcce dayarlar. Bug\u00fcn devlet kat\u0131nda, ne ordu, ne h\u00fck\u00fcmet, ne istihbarat sizinle ayn\u0131 g\u00f6r\u00fc\u015fte. Ne tavanda yanda\u015f\u0131n\u0131z kald\u0131, ne tabanda! D\u00fcnyada bile s\u0131rt\u0131n\u0131z\u0131 dayayabilece\u011fiz g\u00fc\u00e7 kalm\u0131yor gitgide. &#8216;K\u00fcresel E-fendi&#8217; dedikleriniz ulus devletlerin g\u0131rtla\u011f\u0131na \u00f6yle bir \u00e7\u00f6kt\u00fc ki, devletler, halklar\u0131n\u0131 al\u0131\u015ft\u0131ra al\u0131\u015ft\u0131ra, kendi kendilerini tasfiye etmeye ba\u015flad\u0131lar art\u0131k. Yahu siz b\u00f6yle ulus devlet diye at\u0131p tutarken, neyinize g\u00fcveniyorsunuz Allah a\u015fk\u0131na?&#8221; &#8220;Allah&#8217;a!&#8221; diyorum; &#8220;en g\u00fc\u00e7l\u00fc istihbarat \u00f6rg\u00fctleri, CIA&#8217;lar Mossad&#8217;lar solda s\u0131f\u0131r kal\u0131r Allah&#8217;\u0131n yan\u0131nda.&#8221;<\/p>\n","protected":false},"excerpt":{"rendered":"<p>&#8220;Bak\u0131n, s\u00f6yl\u00fcyorum: Tehlikeli olarak de\u011ferlendiriliyorsunuz.&#8221; Vurgulad\u0131\u011f\u0131 s\u00f6zc\u00fck irkiltiyor beni. &#8220;Tehlikeli mi Tehlikede mi?&#8221; diyorum; &#8220;diliniz s\u00fcr\u00e7m\u00fc\u015f olmas\u0131n? \u0130kisi \u00e7ok ayr\u0131 \u015feyler.&#8221; &#8220;Ayn\u0131 kap\u0131ya \u00e7\u0131kar,&#8221; diyor; &#8220;tehlikeli<span class=\"excerpt-hellip\"> [\u2026]<\/span><\/p>\n","protected":false},"featured_media":0,"template":"","meta":{"_monsterinsights_skip_tracking":false,"_monsterinsights_sitenote_active":false,"_monsterinsights_sitenote_note":"","_monsterinsights_sitenote_category":0},"product_brand":[],"product_cat":[12291,12711],"product_tag":[],"class_list":{"0":"post-723168","1":"product","2":"type-product","3":"status-publish","5":"product_cat-edebiyat","6":"product_cat-roman-oyku","7":"pa_cilt-ciltsiz","8":"pa_tur-kitap","9":"pa_yayinevi-otopsi-yayinevi","10":"pa_yazar-cengiz-ozakinci","12":"first","13":"instock","14":"sale","15":"shipping-taxable","16":"purchasable","17":"product-type-simple"},"_links":{"self":[{"href":"https:\/\/roveyayinevi.com.tr\/index.php\/wp-json\/wp\/v2\/product\/723168","targetHints":{"allow":["GET"]}}],"collection":[{"href":"https:\/\/roveyayinevi.com.tr\/index.php\/wp-json\/wp\/v2\/product"}],"about":[{"href":"https:\/\/roveyayinevi.com.tr\/index.php\/wp-json\/wp\/v2\/types\/product"}],"wp:attachment":[{"href":"https:\/\/roveyayinevi.com.tr\/index.php\/wp-json\/wp\/v2\/media?parent=723168"}],"wp:term":[{"taxonomy":"product_brand","embeddable":true,"href":"https:\/\/roveyayinevi.com.tr\/index.php\/wp-json\/wp\/v2\/product_brand?post=723168"},{"taxonomy":"product_cat","embeddable":true,"href":"https:\/\/roveyayinevi.com.tr\/index.php\/wp-json\/wp\/v2\/product_cat?post=723168"},{"taxonomy":"product_tag","embeddable":true,"href":"https:\/\/roveyayinevi.com.tr\/index.php\/wp-json\/wp\/v2\/product_tag?post=723168"}],"curies":[{"name":"wp","href":"https:\/\/api.w.org\/{rel}","templated":true}]}}