{"id":723167,"date":"2025-08-27T19:14:40","date_gmt":"2025-08-27T16:14:40","guid":{"rendered":"https:\/\/roveyayinevi.com.tr\/index.php\/urun\/iblisin-kiblesi\/"},"modified":"2026-04-16T02:31:02","modified_gmt":"2026-04-15T23:31:02","slug":"iblisin-kiblesi","status":"publish","type":"product","link":"https:\/\/roveyayinevi.com.tr\/index.php\/urun\/iblisin-kiblesi\/","title":{"rendered":"\u0130blisin K\u0131blesi"},"content":{"rendered":"<p>H\u0131ristiyan-Siyonist \u0130slamc\u0131 \u0130ttifak\u0131 kuruldu -Hedef Anadolu Federal \u0130slam Cumhuriyeti -T\u00fcrkiye\u2019ye bi\u00e7ilen k\u00fcresel rol: Hilafet -M\u00fcsl\u00fcmanlar \u0130srail\u2019li bir mehdiye haz\u0131rlan\u0131yor -T\u00fcrkiye\u2019yi Siyonist-Masonlar m\u0131 y\u00f6netiyor, yoksa Amerikanc\u0131 \u0130slamc\u0131 \u0130lim Yayma Cemiyeti\u2019nin kurdu\u011fu \u0130mam-Hatip okullar\u0131nda yeti\u015fen \u0130slamc\u0131lar m\u0131?-1998\u2019de Siyasal \u0130slam\u2019a destek yasas\u0131 \u00e7\u0131kartan H\u0131ristiyan-Siyonist ABD, altm\u0131\u015f y\u0131ld\u0131r \u0130slamc\u0131lar\u0131n k\u0131blesi mi? -ABD D\u0131\u015fi\u015fleri Bakan\u0131 ni\u00e7in T\u00fcrkiye\u2019nin \u0130slam devletine d\u00f6nmesini istedi?  -H\u0131ristiyan-Siyonizm\u2019in Ba\u015f\u0131 Amerika \u0130slam \u015eeriat\u00e7\u0131s\u0131 m\u0131?  -ABD ni\u00e7in i\u015fgal etti\u011fi Sudan\u2019da ve Irak\u2019ta Federal \u0130slam Cumhuriyetleri kuruyor; ni\u00e7in T\u00fcrkiye\u2019de Hilafet istiyor? -Ba\u015fbakanl\u0131k MGK Kararlar\u0131n\u0131 K\u0131ymetlendirme M\u00fc\u015favirli\u011fi Raporunda MGK\u2019ya Hilafet \u00f6nerenlerin gerek\u00e7eleri neler? -ABD P*KK\u2019ya ni\u00e7in \u0130slamc\u0131 s\u00f6ylem \u00f6nerdi? -Siyasal \u0130slamc\u0131l\u0131\u011f\u0131 etnik b\u00f6l\u00fcc\u00fcl\u00fc\u011fe kimler s\u00fcr\u00fckledi? -1990\u2019lar\u0131n ba\u015f\u0131nda K\u00fcrt Raporu haz\u0131rlat\u0131p Parti toplant\u0131lar\u0131n\u0131 Irak\u2019\u0131n Kuzeyi\u2019nde pe\u015fmerge kamplar\u0131nda yapan Siyasal \u0130slamc\u0131lar, T\u00fcrkiye\u2019nin y\u00f6netimine nas\u0131l t\u0131rmand\u0131? -T\u00fcrkiye\u2019de Lions Kul\u00fcb\u00fcn ilk kurucular\u0131 \u0130slamc\u0131-Masonlar m\u0131? -\u0130slam\u2019\u0131 Masonlukla bir tutan Mason \u0130slam Konseyi Ba\u015fkan\u0131 kim? -T\u00fcrkiye\u2019yi y\u00f6neten Siyasal \u0130slamc\u0131 kadrolar\u0131 yeti\u015ftiren \u0130lim Yayma Vakf\u0131\u2019n\u0131 Masonlar m\u0131 kurdu? -\u0130mam-Hatip okullar\u0131 a\u00e7an \u0130lim Yayma Cemiyeti\u2019nin Amerikan B\u00fcy\u00fckel\u00e7ili\u011fiyle ili\u015fkisi neydi? -Atat\u00fcrk d\u00f6neminde okutulan Din Dersi kitaplar\u0131 Allah\u2019\u0131, Kur\u2019an\u2019\u0131, Peygamberi nas\u0131l tan\u0131ml\u0131yordu?-ABD, hangi tarikatlar\u0131 ve cemiyetleri neden destekliyor? -Emperyalistler aras\u0131 \u00e7at\u0131\u015fmalarda Siyasal \u0130slam kart\u0131 nas\u0131l kullan\u0131l\u0131yor? -\u201cAtat\u00fcrk ya\u015fasayd\u0131 \u0130slamc\u0131 olurdu!\u201d diyerek kamuoyunu \u0130slamc\u0131 bir askeri darbeye haz\u0131rlayan \u0130slamc\u0131-Kom\u00fcnistler kimlerdi? -\u0130slamc\u0131 askeri darbe isteyenler hangi Genelkurmay Ba\u015fkan\u0131\u2019na neden umut ba\u011flad\u0131lar? -Polis e\u011fitimine Amerikanc\u0131 \u0130slamc\u0131 damga vuranlar kimlerdi? -Siyasal \u0130slamc\u0131lar\u0131 para ve silah vererek ter\u00f6re y\u00f6nelten Siyonist Yahudi Amerikan devlet adamlar\u0131 kimler? -1960\u2019larda ilk \u0130slamc\u0131 \u0130ntihar U\u00e7a\u011f\u0131 eylemini planlayan ve orduyu \u0130slamc\u0131 darbe yapmaya k\u0131\u015fk\u0131rtan \u0130slamc\u0131 T\u00fcrk kimdi?-\u0130lim Yayma Cemiyeti ba\u011flant\u0131l\u0131 Amerikanc\u0131 \u0130slamc\u0131lar 1969 Kanl\u0131 Pazar\u2019da Amerika\u2019ya kar\u015f\u0131 direni\u015f ba\u015flatan yurtseverleri nas\u0131l katletti? -M\u00fcsl\u00fcmanl\u0131k ile \u0130slamc\u0131l\u0131k neden ayn\u0131 \u015feyler de\u011fildir?-\u0130slamc\u0131lar M\u00fcsl\u00fcman m\u0131? -\u0130slamc\u0131 H\u0131ristiyanlar kimler? -\u0130slamc\u0131 Siyonistler Kimler? -\u0130slamc\u0131 Yahudiler kimler? -\u0130slamc\u0131 Kom\u00fcnistler kimler? -K\u0131z\u0131l t\u00fcrbanl\u0131 erkek kom\u00fcnistin \u0130slamc\u0131l\u0131\u011f\u0131 nereden kaynaklan\u0131yor? -Amerikan Scientology tarikat\u0131yla ortakl\u0131k kuran \u0130slamc\u0131lar kimler? -\u0130slamc\u0131lar\u0131n \u201cYahudi D\u00fc\u015fmanl\u0131\u011f\u0131\u201d \u0130srail\u2019le ve Siyonistlerle dan\u0131\u015f\u0131kl\u0131 m\u0131?-H\u0131ristiyan-Siyonistler Siyasal \u0130slamc\u0131lar\u0131 neden destekliyor?-\u201cGayr\u0131m\u00fcslimlerle ortak cihad\u201d projesi haz\u0131rlayan \u0130slamc\u0131lar kimler?-Kimler M\u00fcsl\u00fcman kamuoyunu \u0130srail\u2019li bir Mehdi\u2019ye haz\u0131rl\u0131yor?-T\u00fcrbanl\u0131 imam-hatipli k\u0131zlar\u0131n Ermeni ayinlerinde ne i\u015fi var? -\u0130ngiliz Lordlar Kamaras\u0131 t\u00fcrban\u0131 ni\u00e7in destekliyor? -\u0130slamc\u0131 \u201cYeniden Milli M\u00fccadele Hareketi\u201dnin Amerika ba\u011flant\u0131s\u0131 neydi? -1960\u2019larda t\u00fcrban misyonerli\u011fi yapan \u0130slamc\u0131 gazete, Amerikan 6. Filosuna nas\u0131l hizmet ediyordu? -Amerikan ordusunda t\u00fcrbanl\u0131 subaylar m\u0131 var?-M\u00fcsl\u00fcmanl\u0131\u011fa ve Hz. Muhammed\u2019e d\u00fc\u015fman olan ve Kur\u2019an\u2019\u0131 y\u0131rt\u0131p yakan H\u0131ristiyanlar ve Siyonist Yahudiler, t\u00fcrbana ni\u00e7in var g\u00fc\u00e7leriyle sahip \u00e7\u0131k\u0131yor? -II.Abd\u00fclhamid \u00e7ar\u015faf\u0131 neden yasaklam\u0131\u015ft\u0131? -Ab*dullah \u00d6*calan gibi kanl\u0131 b\u00f6l\u00fcc\u00fc \u00f6rg\u00fct liderlerinin gen\u00e7liklerinde \u0130slamc\u0131 olmalar\u0131 bir raslant\u0131 m\u0131? -Irak\u2019\u0131n Kuzeyinde K\u00fcrdistan kurulmas\u0131n\u0131 savunan \u0130slamc\u0131lar kimler? -T\u00fcrkiye\u2019nin y\u00f6netimini \u0130mam-Hatiplilere emanet edece\u011fiz diyen, imam-vali, imam-b\u00fcrokrat, imam-yarg\u0131\u00e7, imam-siyaset\u00e7i, imam-subay isteyen Cumhurba\u015fkanlar\u0131, Genelkurmay Ba\u015fkanlar\u0131 ve askeri istihbarat\u00e7\u0131lar kimler? -\u015eah\u2019\u0131n son Genelkurmay Ba\u015fkan\u0131 Abbas Karabagi anlat\u0131yor: Binlerce Amerikal\u0131 subay\u0131n g\u00f6rev yapt\u0131\u011f\u0131 \u015eah\u2019\u0131n ordusu Humeyni Devrimi\u2019ni ni\u00e7in bast\u0131rmad\u0131?-1995 M\u0130T \u0130slamc\u0131 \u00d6rg\u00fctler Raporu &#8211; tam metin-Genelkurmay \u201cSiyasal \u0130slam\u2019\u0131n Yay\u0131lmas\u0131\u201d Raporu &#8211; tam metin-Orgeneral \u00c7evik Bir imzal\u0131 \u201cBat\u0131 Harekat Konsepti\u201d &#8211; tam metin -Anayasa Mahkemesi\u2019nin \u0130slamc\u0131 MNP\u2019yi kapatma karar metni-\u201c\u0130slamc\u0131-Siyonist-H\u0131ristiyan \u0130ttifak\u0131\u201dn\u0131n 1945\u2019ten 28 \u015eubat\u2019a ve g\u00fcn\u00fcm\u00fcze uzanan altm\u0131\u015f y\u0131ll\u0131k \u00f6yk\u00fcs\u00fc.<\/p>\n","protected":false},"excerpt":{"rendered":"<p>H\u0131ristiyan-Siyonist \u0130slamc\u0131 \u0130ttifak\u0131 kuruldu -Hedef Anadolu Federal \u0130slam Cumhuriyeti -T\u00fcrkiye\u2019ye bi\u00e7ilen k\u00fcresel rol: Hilafet -M\u00fcsl\u00fcmanlar \u0130srail\u2019li bir mehdiye haz\u0131rlan\u0131yor -T\u00fcrkiye\u2019yi Siyonist-Masonlar m\u0131 y\u00f6netiyor, yoksa Amerikanc\u0131 \u0130slamc\u0131<span class=\"excerpt-hellip\"> [\u2026]<\/span><\/p>\n","protected":false},"featured_media":0,"template":"","meta":{"_monsterinsights_skip_tracking":false,"_monsterinsights_sitenote_active":false,"_monsterinsights_sitenote_note":"","_monsterinsights_sitenote_category":0},"product_brand":[],"product_cat":[12304,13493],"product_tag":[],"class_list":{"0":"post-723167","1":"product","2":"type-product","3":"status-publish","5":"product_cat-tarih","6":"product_cat-turkiye-ve-cumhuriyet-tarihi","7":"pa_cilt-ciltsiz","8":"pa_tur-kitap","9":"pa_yayinevi-otopsi-yayinevi","10":"pa_yazar-cengiz-ozakinci","12":"first","13":"instock","14":"sale","15":"shipping-taxable","16":"purchasable","17":"product-type-simple"},"_links":{"self":[{"href":"https:\/\/roveyayinevi.com.tr\/index.php\/wp-json\/wp\/v2\/product\/723167","targetHints":{"allow":["GET"]}}],"collection":[{"href":"https:\/\/roveyayinevi.com.tr\/index.php\/wp-json\/wp\/v2\/product"}],"about":[{"href":"https:\/\/roveyayinevi.com.tr\/index.php\/wp-json\/wp\/v2\/types\/product"}],"wp:attachment":[{"href":"https:\/\/roveyayinevi.com.tr\/index.php\/wp-json\/wp\/v2\/media?parent=723167"}],"wp:term":[{"taxonomy":"product_brand","embeddable":true,"href":"https:\/\/roveyayinevi.com.tr\/index.php\/wp-json\/wp\/v2\/product_brand?post=723167"},{"taxonomy":"product_cat","embeddable":true,"href":"https:\/\/roveyayinevi.com.tr\/index.php\/wp-json\/wp\/v2\/product_cat?post=723167"},{"taxonomy":"product_tag","embeddable":true,"href":"https:\/\/roveyayinevi.com.tr\/index.php\/wp-json\/wp\/v2\/product_tag?post=723167"}],"curies":[{"name":"wp","href":"https:\/\/api.w.org\/{rel}","templated":true}]}}