{"id":723163,"date":"2025-08-27T19:14:36","date_gmt":"2025-08-27T16:14:36","guid":{"rendered":"https:\/\/roveyayinevi.com.tr\/index.php\/urun\/mutlulugun-safagi\/"},"modified":"2026-04-16T02:31:02","modified_gmt":"2026-04-15T23:31:02","slug":"mutlulugun-safagi","status":"publish","type":"product","link":"https:\/\/roveyayinevi.com.tr\/index.php\/urun\/mutlulugun-safagi\/","title":{"rendered":"Mutlulu\u011fun \u015eafa\u011f\u0131"},"content":{"rendered":"<p>\u201cA\u011flat\u0131yor, g\u00fcld\u00fcr\u00fcyor, \u00f6fkelendiriyor, sevin\u00e7ten havalara u\u00e7uruyor\u2026 Yo\u011fun duygularla dolu\u2026 Nefis.\u201d -New York Times   HER EVL\u0130L\u0130\u011e\u0130N \u0130K\u0130 TARAFI VARDIR.   Carl Brown ile Annie McGairy 1927\u2019de Brooklyn\u2019de tan\u0131\u015f\u0131r, birbirlerine \u00e2\u015f\u0131k olurlar. Annie hen\u00fcz on sekiz ya\u015f\u0131nda olmas\u0131na ra\u011fmen ailesinin tavsiyesini hi\u00e7e sayar, tek ba\u015f\u0131na \u00fclkenin yar\u0131s\u0131n\u0131 katederek Carl\u2019\u0131n hukuk okudu\u011fu \u00fcniversite kasabas\u0131na seyahat eder ve orada evlenirler. Evlerinden uzakta, \u00e7ok az para ve say\u0131l\u0131 arkada\u015fla, birlikte ilk seneleri umduklar\u0131ndan daha zor ge\u00e7er. Ama t\u00fcrl\u00fc s\u0131k\u0131nt\u0131n\u0131n, fakirli\u011fin y\u00fck\u00fc omuzlar\u0131na binerken, dirayet, sadakat ve sevgiyle asl\u0131nda her \u015feyin \u00fcstesinden gelebileceklerini anlarlar. Yaln\u0131zl\u0131klar\u0131 da uzun s\u00fcrmez.   Ge\u00e7ti\u011fimiz y\u00fczy\u0131l\u0131n en sevilen romanlar\u0131ndan biri olan Bir Gen\u00e7 K\u0131z Yeti\u015fiyor\u2019un yazar\u0131 Betty Smith\u2019ten zaman\u0131n \u00f6tesinde bir klasik.   \u201cBetty Smith do\u011fu\u015ftan \u00f6yk\u00fcc\u00fcym\u00fc\u015f.\u201d -USA Today   \u201cMutlulu\u011fun \u015eafa\u011f\u0131 \u00e7ok duygusal ve unutulmaz bir hik\u00e2ye, a\u015fk\u0131n imk\u00e2ns\u0131z\u0131 ba\u015farabilece\u011fine dair sevindirici bir kan\u0131t.\u201d -Chicago Tribune   \u201cY\u0131llard\u0131r hi\u00e7bir romanda bu kadar g\u00f6z\u00fc pek, bu kadar sempatik bir kad\u0131n kahramana rastlanm\u0131yordu.\u201d -New York Times <\/p>\n","protected":false},"excerpt":{"rendered":"<p>\u201cA\u011flat\u0131yor, g\u00fcld\u00fcr\u00fcyor, \u00f6fkelendiriyor, sevin\u00e7ten havalara u\u00e7uruyor\u2026 Yo\u011fun duygularla dolu\u2026 Nefis.\u201d -New York Times HER EVL\u0130L\u0130\u011e\u0130N \u0130K\u0130 TARAFI VARDIR. Carl Brown ile Annie McGairy 1927\u2019de Brooklyn\u2019de tan\u0131\u015f\u0131r,<span class=\"excerpt-hellip\"> [\u2026]<\/span><\/p>\n","protected":false},"featured_media":0,"template":"","meta":{"_monsterinsights_skip_tracking":false,"_monsterinsights_sitenote_active":false,"_monsterinsights_sitenote_note":"","_monsterinsights_sitenote_category":0},"product_brand":[],"product_cat":[12291,12711],"product_tag":[],"class_list":{"0":"post-723163","1":"product","2":"type-product","3":"status-publish","5":"product_cat-edebiyat","6":"product_cat-roman-oyku","7":"pa_cilt-ciltsiz","8":"pa_tur-kitap","9":"pa_yayinevi-epsilon-yayinlari","10":"pa_yazar-betty-smith","12":"first","13":"instock","14":"sale","15":"shipping-taxable","16":"purchasable","17":"product-type-simple"},"_links":{"self":[{"href":"https:\/\/roveyayinevi.com.tr\/index.php\/wp-json\/wp\/v2\/product\/723163","targetHints":{"allow":["GET"]}}],"collection":[{"href":"https:\/\/roveyayinevi.com.tr\/index.php\/wp-json\/wp\/v2\/product"}],"about":[{"href":"https:\/\/roveyayinevi.com.tr\/index.php\/wp-json\/wp\/v2\/types\/product"}],"wp:attachment":[{"href":"https:\/\/roveyayinevi.com.tr\/index.php\/wp-json\/wp\/v2\/media?parent=723163"}],"wp:term":[{"taxonomy":"product_brand","embeddable":true,"href":"https:\/\/roveyayinevi.com.tr\/index.php\/wp-json\/wp\/v2\/product_brand?post=723163"},{"taxonomy":"product_cat","embeddable":true,"href":"https:\/\/roveyayinevi.com.tr\/index.php\/wp-json\/wp\/v2\/product_cat?post=723163"},{"taxonomy":"product_tag","embeddable":true,"href":"https:\/\/roveyayinevi.com.tr\/index.php\/wp-json\/wp\/v2\/product_tag?post=723163"}],"curies":[{"name":"wp","href":"https:\/\/api.w.org\/{rel}","templated":true}]}}