{"id":723162,"date":"2025-08-27T19:14:36","date_gmt":"2025-08-27T16:14:36","guid":{"rendered":"https:\/\/roveyayinevi.com.tr\/index.php\/urun\/morfin-ile-vitamin\/"},"modified":"2026-04-16T02:31:02","modified_gmt":"2026-04-15T23:31:02","slug":"morfin-ile-vitamin","status":"publish","type":"product","link":"https:\/\/roveyayinevi.com.tr\/index.php\/urun\/morfin-ile-vitamin\/","title":{"rendered":"Morfin ile Vitamin"},"content":{"rendered":"<p>Dostlar\u0131m, yan\u0131ld\u0131n\u0131z&#8230; Bu kitap bir ila\u00e7 m\u00fcmessili taraf\u0131ndan yaz\u0131lmad\u0131. Hik\u00e2yemin sizi bir t\u00fcp morfin gibi yat\u0131\u015ft\u0131rmas\u0131n\u0131 ve bir kutu vitamin gibi desteklemesini \u00e7ok isterdim. Fakat ne yaz\u0131k ki elinizde tuttu\u011funuz kitap olduk\u00e7a ba\u015f a\u011fr\u0131t\u0131c\u0131. Yer yer sizi \u00fczebilir. Bazen sayfalar\u0131 par\u00e7alamak isteyebilirsiniz.   Morfin bu kitab\u0131 yay\u0131nlaman\u0131n \u00e7\u0131lg\u0131nl\u0131k oldu\u011funu s\u00f6yledi\u011finde ona \u00e7enesini kapamas\u0131n\u0131 s\u00f6yledi\u011fim i\u00e7in pi\u015fman olmam da pek m\u00fcmk\u00fcn.   Her \u015feye ra\u011fmen, canlar\u0131m, ci\u011ferlerim, kap\u0131y\u0131 aralay\u0131p i\u00e7eri girmeye karar verdiyseniz, siz ger\u00e7ek bir kitap tutkunu gibi sayfalar\u0131 koklamadan \u00f6nce s\u00f6ylemek istedi\u011fim m\u00fchim bir \u015fey var:   Rahat olabilirsiniz, hik\u00e2yenin sonunda her \u015fey r\u00fcya \u00e7\u0131km\u0131yor. Sevgiler, Sad\u0131k dostunuz, Vitamin <\/p>\n","protected":false},"excerpt":{"rendered":"<p>Dostlar\u0131m, yan\u0131ld\u0131n\u0131z&#8230; Bu kitap bir ila\u00e7 m\u00fcmessili taraf\u0131ndan yaz\u0131lmad\u0131. Hik\u00e2yemin sizi bir t\u00fcp morfin gibi yat\u0131\u015ft\u0131rmas\u0131n\u0131 ve bir kutu vitamin gibi desteklemesini \u00e7ok isterdim. Fakat ne<span class=\"excerpt-hellip\"> [\u2026]<\/span><\/p>\n","protected":false},"featured_media":0,"template":"","meta":{"_monsterinsights_skip_tracking":false,"_monsterinsights_sitenote_active":false,"_monsterinsights_sitenote_note":"","_monsterinsights_sitenote_category":0},"product_brand":[],"product_cat":[12291,12711],"product_tag":[],"class_list":{"0":"post-723162","1":"product","2":"type-product","3":"status-publish","5":"product_cat-edebiyat","6":"product_cat-roman-oyku","7":"pa_cilt-ciltsiz","8":"pa_tur-kitap","9":"pa_yayinevi-epsilon-yayinlari","10":"pa_yazar-zeynep-yilmaz","12":"first","13":"instock","14":"sale","15":"shipping-taxable","16":"purchasable","17":"product-type-simple"},"_links":{"self":[{"href":"https:\/\/roveyayinevi.com.tr\/index.php\/wp-json\/wp\/v2\/product\/723162","targetHints":{"allow":["GET"]}}],"collection":[{"href":"https:\/\/roveyayinevi.com.tr\/index.php\/wp-json\/wp\/v2\/product"}],"about":[{"href":"https:\/\/roveyayinevi.com.tr\/index.php\/wp-json\/wp\/v2\/types\/product"}],"wp:attachment":[{"href":"https:\/\/roveyayinevi.com.tr\/index.php\/wp-json\/wp\/v2\/media?parent=723162"}],"wp:term":[{"taxonomy":"product_brand","embeddable":true,"href":"https:\/\/roveyayinevi.com.tr\/index.php\/wp-json\/wp\/v2\/product_brand?post=723162"},{"taxonomy":"product_cat","embeddable":true,"href":"https:\/\/roveyayinevi.com.tr\/index.php\/wp-json\/wp\/v2\/product_cat?post=723162"},{"taxonomy":"product_tag","embeddable":true,"href":"https:\/\/roveyayinevi.com.tr\/index.php\/wp-json\/wp\/v2\/product_tag?post=723162"}],"curies":[{"name":"wp","href":"https:\/\/api.w.org\/{rel}","templated":true}]}}