{"id":723161,"date":"2025-08-27T19:14:35","date_gmt":"2025-08-27T16:14:35","guid":{"rendered":"https:\/\/roveyayinevi.com.tr\/index.php\/urun\/turk-tarihciliginde-tezler-teoriler\/"},"modified":"2026-04-16T02:31:02","modified_gmt":"2026-04-15T23:31:02","slug":"turk-tarihciliginde-tezler-teoriler","status":"publish","type":"product","link":"https:\/\/roveyayinevi.com.tr\/index.php\/urun\/turk-tarihciliginde-tezler-teoriler\/","title":{"rendered":"T\u00fcrk Tarih\u00e7ili\u011finde Tezler &#8211; Teoriler"},"content":{"rendered":"<p>Bu kitapta, T\u00fcrk Tarih Tezi\u2019nden, teritoryal temelli tarih g\u00f6r\u00fc\u015f\u00fcne, Marksist bir tarih yakla\u015f\u0131m\u0131 olarak Asya Tipi \u00dcretim Tarz\u0131\u2019ndan, geri kalm\u0131\u015fl\u0131\u011f\u0131n ya da az geli\u015fmi\u015fli\u011fin tarihine, T\u00fcrk-\u0130slam Sentezi\u2019nden Garbiyat\u00e7\u0131l\u0131k\u2019a kadar pek \u00e7ok tez ve teori ilk defa derinlemesine tart\u0131\u015fmaya a\u00e7\u0131l\u0131yor.<\/p>\n","protected":false},"excerpt":{"rendered":"<p>Bu kitapta, T\u00fcrk Tarih Tezi\u2019nden, teritoryal temelli tarih g\u00f6r\u00fc\u015f\u00fcne, Marksist bir tarih yakla\u015f\u0131m\u0131 olarak Asya Tipi \u00dcretim Tarz\u0131\u2019ndan, geri kalm\u0131\u015fl\u0131\u011f\u0131n ya da az geli\u015fmi\u015fli\u011fin tarihine, T\u00fcrk-\u0130slam<span class=\"excerpt-hellip\"> [\u2026]<\/span><\/p>\n","protected":false},"featured_media":0,"template":"","meta":{"_monsterinsights_skip_tracking":false,"_monsterinsights_sitenote_active":false,"_monsterinsights_sitenote_note":"","_monsterinsights_sitenote_category":0},"product_brand":[],"product_cat":[12304,13650],"product_tag":[],"class_list":{"0":"post-723161","1":"product","2":"type-product","3":"status-publish","5":"product_cat-tarih","6":"product_cat-turk-tarihi-arastirmalari","7":"pa_cilt-ciltsiz","8":"pa_tur-kitap","9":"pa_yayinevi-yeni-insan-yayinlari","10":"pa_yazar-kolektif","12":"first","13":"instock","14":"sale","15":"shipping-taxable","16":"purchasable","17":"product-type-simple"},"_links":{"self":[{"href":"https:\/\/roveyayinevi.com.tr\/index.php\/wp-json\/wp\/v2\/product\/723161","targetHints":{"allow":["GET"]}}],"collection":[{"href":"https:\/\/roveyayinevi.com.tr\/index.php\/wp-json\/wp\/v2\/product"}],"about":[{"href":"https:\/\/roveyayinevi.com.tr\/index.php\/wp-json\/wp\/v2\/types\/product"}],"wp:attachment":[{"href":"https:\/\/roveyayinevi.com.tr\/index.php\/wp-json\/wp\/v2\/media?parent=723161"}],"wp:term":[{"taxonomy":"product_brand","embeddable":true,"href":"https:\/\/roveyayinevi.com.tr\/index.php\/wp-json\/wp\/v2\/product_brand?post=723161"},{"taxonomy":"product_cat","embeddable":true,"href":"https:\/\/roveyayinevi.com.tr\/index.php\/wp-json\/wp\/v2\/product_cat?post=723161"},{"taxonomy":"product_tag","embeddable":true,"href":"https:\/\/roveyayinevi.com.tr\/index.php\/wp-json\/wp\/v2\/product_tag?post=723161"}],"curies":[{"name":"wp","href":"https:\/\/api.w.org\/{rel}","templated":true}]}}