{"id":723160,"date":"2025-08-27T19:14:34","date_gmt":"2025-08-27T16:14:34","guid":{"rendered":"https:\/\/roveyayinevi.com.tr\/index.php\/urun\/iyiden-daha-iyi-olmak\/"},"modified":"2026-04-11T02:38:23","modified_gmt":"2026-04-10T23:38:23","slug":"iyiden-daha-iyi-olmak","status":"publish","type":"product","link":"https:\/\/roveyayinevi.com.tr\/index.php\/urun\/iyiden-daha-iyi-olmak\/","title":{"rendered":"\u0130yiden daha iyi olmak"},"content":{"rendered":"<p>Bu \u00e7al\u0131\u015fmada, maddi ve manevi kar\u015f\u0131l\u0131klar\u0131 ki\u015fiden ki\u015fiye de\u011fi\u015fen de\u011fer yarg\u0131lar\u0131m\u0131zdan olan ve yoruma \u00e7ok a\u00e7\u0131k olan  &#8220;iyi&#8221; kavram\u0131 ile ilgili bilgiler, bir de &#8220;neye g\u00f6re&#8221; sorgusuna kar\u015f\u0131l\u0131k gelen de\u011ferlendirmeler okuyacaks\u0131n\u0131z.  Son on y\u0131l\u0131m\u0131 \u00e7al\u0131\u015fma hayat\u0131 ile ilgili sosyal konulara a\u011f\u0131rl\u0131k vererek ge\u00e7iren ve \u00e7e\u015fitli yaz\u0131lar, makaleler ve kitaplar yazan birisi olarak ve \u00fcstelik bir  &#8220;sosyal giri\u015fimcilik&#8221; e\u011fitmeni olarak, insanlarla bire-bir ili\u015fkilerden de fazlas\u0131yla etkilenmi\u015f bulunmaktay\u0131m. Bu etkile\u015fim beni ister istemez bir sosyal sorumluluk i\u00e7erisine \u00e7ekmektedir. <\/p>\n","protected":false},"excerpt":{"rendered":"<p>Bu \u00e7al\u0131\u015fmada, maddi ve manevi kar\u015f\u0131l\u0131klar\u0131 ki\u015fiden ki\u015fiye de\u011fi\u015fen de\u011fer yarg\u0131lar\u0131m\u0131zdan olan ve yoruma \u00e7ok a\u00e7\u0131k olan &#8220;iyi&#8221; kavram\u0131 ile ilgili bilgiler, bir de &#8220;neye g\u00f6re&#8221;<span class=\"excerpt-hellip\"> [\u2026]<\/span><\/p>\n","protected":false},"featured_media":0,"template":"","meta":{"_monsterinsights_skip_tracking":false,"_monsterinsights_sitenote_active":false,"_monsterinsights_sitenote_note":"","_monsterinsights_sitenote_category":0},"product_brand":[],"product_cat":[12364,12376],"product_tag":[],"class_list":{"0":"post-723160","1":"product","2":"type-product","3":"status-publish","5":"product_cat-genel-konular","6":"product_cat-kisisel-gelisim","7":"pa_cilt-ciltsiz","8":"pa_tur-kitap","9":"pa_yayinevi-gulnar-yayinlari","10":"pa_yazar-sedat-sadioglu","12":"first","13":"instock","14":"sale","15":"shipping-taxable","16":"purchasable","17":"product-type-simple"},"_links":{"self":[{"href":"https:\/\/roveyayinevi.com.tr\/index.php\/wp-json\/wp\/v2\/product\/723160","targetHints":{"allow":["GET"]}}],"collection":[{"href":"https:\/\/roveyayinevi.com.tr\/index.php\/wp-json\/wp\/v2\/product"}],"about":[{"href":"https:\/\/roveyayinevi.com.tr\/index.php\/wp-json\/wp\/v2\/types\/product"}],"wp:attachment":[{"href":"https:\/\/roveyayinevi.com.tr\/index.php\/wp-json\/wp\/v2\/media?parent=723160"}],"wp:term":[{"taxonomy":"product_brand","embeddable":true,"href":"https:\/\/roveyayinevi.com.tr\/index.php\/wp-json\/wp\/v2\/product_brand?post=723160"},{"taxonomy":"product_cat","embeddable":true,"href":"https:\/\/roveyayinevi.com.tr\/index.php\/wp-json\/wp\/v2\/product_cat?post=723160"},{"taxonomy":"product_tag","embeddable":true,"href":"https:\/\/roveyayinevi.com.tr\/index.php\/wp-json\/wp\/v2\/product_tag?post=723160"}],"curies":[{"name":"wp","href":"https:\/\/api.w.org\/{rel}","templated":true}]}}