{"id":723158,"date":"2025-08-27T19:14:33","date_gmt":"2025-08-27T16:14:33","guid":{"rendered":"https:\/\/roveyayinevi.com.tr\/index.php\/urun\/mizah-atolyesi\/"},"modified":"2026-04-13T02:38:00","modified_gmt":"2026-04-12T23:38:00","slug":"mizah-atolyesi","status":"publish","type":"product","link":"https:\/\/roveyayinevi.com.tr\/index.php\/urun\/mizah-atolyesi\/","title":{"rendered":"Mizah At\u00f6lyesi"},"content":{"rendered":"<p>Haz\u0131r cevap olmak m\u0131 \u00f6nemli yoksa cevap haz\u0131rlama yetene\u011fimi? Elbette cevap haz\u0131rlama yetene\u011fi daha \u00f6nemlidir. haz\u0131r cevap stoklar\u0131m\u0131z t\u00fckenebilir, yetersiz olabilir. Haz\u0131r cevab\u0131n\u0131z duruma uygun olmay\u0131p sizi g\u00fcl\u00fcn\u00e7 duruma d\u00fc\u015f\u00fcrebilir. \u0130\u015fte bu kitap size n\u00fckteli cevap haz\u0131rlama yollar\u0131n\u0131 g\u00f6steriyor,  g\u00fclerek \u00f6\u011frenme ser\u00fcvenine haz\u0131rsan\u0131z, bu kitap tam size g\u00f6re.<\/p>\n","protected":false},"excerpt":{"rendered":"<p>Haz\u0131r cevap olmak m\u0131 \u00f6nemli yoksa cevap haz\u0131rlama yetene\u011fimi? Elbette cevap haz\u0131rlama yetene\u011fi daha \u00f6nemlidir. haz\u0131r cevap stoklar\u0131m\u0131z t\u00fckenebilir, yetersiz olabilir. Haz\u0131r cevab\u0131n\u0131z duruma uygun olmay\u0131p<span class=\"excerpt-hellip\"> [\u2026]<\/span><\/p>\n","protected":false},"featured_media":0,"template":"","meta":{"_monsterinsights_skip_tracking":false,"_monsterinsights_sitenote_active":false,"_monsterinsights_sitenote_note":"","_monsterinsights_sitenote_category":0},"product_brand":[],"product_cat":[12364,12376],"product_tag":[],"class_list":{"0":"post-723158","1":"product","2":"type-product","3":"status-publish","5":"product_cat-genel-konular","6":"product_cat-kisisel-gelisim","7":"pa_cilt-ciltsiz","8":"pa_tur-kitap","9":"pa_yayinevi-gulnar-yayinlari","10":"pa_yazar-durdu-gunes","12":"first","13":"instock","14":"sale","15":"shipping-taxable","16":"purchasable","17":"product-type-simple"},"_links":{"self":[{"href":"https:\/\/roveyayinevi.com.tr\/index.php\/wp-json\/wp\/v2\/product\/723158","targetHints":{"allow":["GET"]}}],"collection":[{"href":"https:\/\/roveyayinevi.com.tr\/index.php\/wp-json\/wp\/v2\/product"}],"about":[{"href":"https:\/\/roveyayinevi.com.tr\/index.php\/wp-json\/wp\/v2\/types\/product"}],"wp:attachment":[{"href":"https:\/\/roveyayinevi.com.tr\/index.php\/wp-json\/wp\/v2\/media?parent=723158"}],"wp:term":[{"taxonomy":"product_brand","embeddable":true,"href":"https:\/\/roveyayinevi.com.tr\/index.php\/wp-json\/wp\/v2\/product_brand?post=723158"},{"taxonomy":"product_cat","embeddable":true,"href":"https:\/\/roveyayinevi.com.tr\/index.php\/wp-json\/wp\/v2\/product_cat?post=723158"},{"taxonomy":"product_tag","embeddable":true,"href":"https:\/\/roveyayinevi.com.tr\/index.php\/wp-json\/wp\/v2\/product_tag?post=723158"}],"curies":[{"name":"wp","href":"https:\/\/api.w.org\/{rel}","templated":true}]}}