{"id":723157,"date":"2025-08-27T19:14:33","date_gmt":"2025-08-27T16:14:33","guid":{"rendered":"https:\/\/roveyayinevi.com.tr\/index.php\/urun\/universitelerin-sessizligi\/"},"modified":"2026-01-29T02:57:09","modified_gmt":"2026-01-28T23:57:09","slug":"universitelerin-sessizligi","status":"publish","type":"product","link":"https:\/\/roveyayinevi.com.tr\/index.php\/urun\/universitelerin-sessizligi\/","title":{"rendered":"\u00dcniversitelerin Sessizli\u011fi"},"content":{"rendered":"<p>Bu kitap, e\u011fitimin g\u00fcncel e\u011fitsel sorunlar\u0131 ele al\u0131p irdeleyen makale ve bildirilerden se\u00e7ilerek yaz\u0131lardan olu\u015fmaktad\u0131r. Kitab\u0131n yay\u0131mlanmas\u0131n\u0131n temel amac\u0131, ilk kitapta da oldu\u011fu gibi, okuyucuya, ele al\u0131nan konuyla ilgili olarak bir bak\u0131\u015f a\u00e7\u0131s\u0131 kazand\u0131r\u0131p ger\u00e7e\u011fi g\u00f6rmesine yard\u0131mc\u0131 olmakt\u0131r. Bu kitapta irdelenen a\u015fa\u011f\u0131daki konular, ne yaz\u0131k ki piyasac\u0131 ve gerici anlay\u0131\u015flar iktidar oldu\u011fu s\u00fcrece sorun olmaya devam edecek konulard\u0131r: T\u00fcrkiye\u2019de \u00dcniversitelerin Temel Sorunlar\u0131 AKP\u2019nin E\u011fitim Tahribat\u0131 Nas\u0131l D\u00fczelecek? Okullarda Dinsel K\u00fclt\u00fcr: T\u00fcrkiye \u00d6rne\u011fi Bakanl\u0131\u011f\u0131n \u00d6\u011fretmen Yeti\u015ftirme Konusunda Aymazl\u0131\u011f\u0131 15 Temmuz Darbe Giri\u015fiminin \u00d6\u011fretileri Proje Okullar\u0131 m\u0131, Projeler Bakanl\u0131\u011f\u0131 m\u0131? Son M\u00fcfredat: Toplumun Gelecekle \u0130mtihan\u0131! Meslekten At\u0131lmalar ve \u00dcniversite! TEOG ve Sonras\u0131 P\u0130SA Sonu\u00e7lar\u0131 ve D\u00fc\u015f\u00fcnd\u00fcrd\u00fckleri Y\u00fcksek\u00f6\u011fretimde Politika Transferi E\u011fitim Sistemimizdeki K\u0131r\u0131lma Anlar\u0131 \u015eu Yard\u0131mc\u0131 Do\u00e7entlik Nedir ya? AKP\u2019nin \u2018Hedef 2023\u2019\u00fc Yeti\u015fkin (Halk) E\u011fitiminin Sorunlar\u0131; ve benzeri&#8230;<\/p>\n","protected":false},"excerpt":{"rendered":"<p>Bu kitap, e\u011fitimin g\u00fcncel e\u011fitsel sorunlar\u0131 ele al\u0131p irdeleyen makale ve bildirilerden se\u00e7ilerek yaz\u0131lardan olu\u015fmaktad\u0131r. Kitab\u0131n yay\u0131mlanmas\u0131n\u0131n temel amac\u0131, ilk kitapta da oldu\u011fu gibi, okuyucuya, ele<span class=\"excerpt-hellip\"> [\u2026]<\/span><\/p>\n","protected":false},"featured_media":0,"template":"","meta":{"_monsterinsights_skip_tracking":false,"_monsterinsights_sitenote_active":false,"_monsterinsights_sitenote_note":"","_monsterinsights_sitenote_category":0},"product_brand":[],"product_cat":[12567,12566],"product_tag":[],"class_list":{"0":"post-723157","1":"product","2":"type-product","3":"status-publish","5":"product_cat-diger-egitim","6":"product_cat-egitim","7":"pa_cilt-ciltsiz","8":"pa_tur-kitap","9":"pa_yayinevi-utopya-yayinevi","10":"pa_yazar-rifat-okcabol","12":"first","13":"instock","14":"sale","15":"shipping-taxable","16":"purchasable","17":"product-type-simple"},"_links":{"self":[{"href":"https:\/\/roveyayinevi.com.tr\/index.php\/wp-json\/wp\/v2\/product\/723157","targetHints":{"allow":["GET"]}}],"collection":[{"href":"https:\/\/roveyayinevi.com.tr\/index.php\/wp-json\/wp\/v2\/product"}],"about":[{"href":"https:\/\/roveyayinevi.com.tr\/index.php\/wp-json\/wp\/v2\/types\/product"}],"wp:attachment":[{"href":"https:\/\/roveyayinevi.com.tr\/index.php\/wp-json\/wp\/v2\/media?parent=723157"}],"wp:term":[{"taxonomy":"product_brand","embeddable":true,"href":"https:\/\/roveyayinevi.com.tr\/index.php\/wp-json\/wp\/v2\/product_brand?post=723157"},{"taxonomy":"product_cat","embeddable":true,"href":"https:\/\/roveyayinevi.com.tr\/index.php\/wp-json\/wp\/v2\/product_cat?post=723157"},{"taxonomy":"product_tag","embeddable":true,"href":"https:\/\/roveyayinevi.com.tr\/index.php\/wp-json\/wp\/v2\/product_tag?post=723157"}],"curies":[{"name":"wp","href":"https:\/\/api.w.org\/{rel}","templated":true}]}}