{"id":723155,"date":"2025-08-27T19:14:31","date_gmt":"2025-08-27T16:14:31","guid":{"rendered":"https:\/\/roveyayinevi.com.tr\/index.php\/urun\/rengeyigi-turkleri-dukhalar\/"},"modified":"2026-04-16T02:31:02","modified_gmt":"2026-04-15T23:31:02","slug":"rengeyigi-turkleri-dukhalar","status":"publish","type":"product","link":"https:\/\/roveyayinevi.com.tr\/index.php\/urun\/rengeyigi-turkleri-dukhalar\/","title":{"rendered":"Rengeyi\u011fi T\u00fcrkleri &#8211; Dukhalar"},"content":{"rendered":"<p>Bir hayvan\u0131 evcille\u015ftirmeyi ba\u015farm\u0131\u015f ender avc\u0131-toplay\u0131c\u0131 topluluklardan biri olan Dukhalar, Mo\u011folistan\u2019\u0131n kuzeyindeki H\u00f6vsg\u00f6l b\u00f6lgesinde ya\u015fayan g\u00f6\u00e7er bir T\u00fcrk halk\u0131d\u0131r. Yerle\u015fik d\u00fczene ge\u00e7i\u015fle birlikte insan\u0131n kendisini do\u011fadan ayr\u0131 ve \u00fcst\u00fcn bir konuma yerle\u015ftirdi\u011fi g\u00fcn\u00fcm\u00fcz insan merkezci Bat\u0131 toplumlar\u0131n\u0131n aksine, do\u011fay\u0131 canl\u0131 bir varl\u0131k olarak kabul ederek t\u00fcm canl\u0131lara sayg\u0131yla yakla\u015fan e\u015fitlik\u00e7i bir topluluk olan Dukhalar, bize tarihin en \u00f6nemli olaylar\u0131ndan biri kabul edilen evcille\u015ftirmenin sonu\u00e7lar\u0131n\u0131 anlamam\u0131z bak\u0131m\u0131ndan e\u015fsiz bir f\u0131rsat sunuyor.   Peki, ya\u015fad\u0131klar\u0131 co\u011frafyay\u0131 evi olarak kabul eden bu g\u00f6\u00e7er avc\u0131-toplay\u0131c\u0131 insanlar b\u00f6ylesine devasa bir evle nas\u0131l ili\u015fki kuruyor, ne gibi kurallara dikkat ediyorlar? Bir liderin olmad\u0131\u011f\u0131 Dukhalarda e\u015fitlik\u00e7i toplumsal ili\u015fkiler nas\u0131l y\u00fcr\u00fct\u00fcl\u00fcyor? Evcille\u015ftirme Dukhalar i\u00e7in ne anlama geliyor? Rengeyikleri insanlardan ne gibi bir fayda sa\u011fl\u0131yor? Dukhalar ava gitmeden \u00f6nce ve av esnas\u0131nda nelere dikkat ediyorlar? Ay\u0131, Sibirya halklar\u0131 i\u00e7in neden \u00f6zel bir yere sahip? Hayvan kemikleriyle nas\u0131l fal bak\u0131l\u0131yor ve r\u00fcyalar bir avc\u0131ya nas\u0131l bir pusula gibi y\u00f6n g\u00f6steriyor?   K\u00fclt\u00fcrel antropolog Selcen K\u00fc\u00e7\u00fck\u00fcstel\u2019in aral\u0131klarla alt\u0131 y\u0131la yay\u0131lan bir alan \u00e7al\u0131\u015fmas\u0131n\u0131n sonucu olan bu kitap, Dukhalar\u0131n ya\u015fam\u0131n\u0131 t\u00fcm detaylar\u0131yla ortaya sererken \u201cyery\u00fcz\u00fcndeki t\u00fcm canl\u0131l\u0131k belirtilerini h\u0131zla t\u00fcketti\u011fimiz g\u00fcn\u00fcm\u00fcz d\u00fcnyas\u0131n\u0131n uzak bir k\u00f6\u015fesinde insan, hayvan ve do\u011fa aras\u0131ndaki karma\u015f\u0131k ili\u015fkilerin bir k\u0131sm\u0131na \u0131\u015f\u0131k tutmay\u0131 ama\u00e7l\u0131yor.\u201d   \u201c\u00c7evrende g\u00f6rd\u00fc\u011f\u00fcn her \u015feyin bir ruhu vard\u0131r, hem de her \u015feyin&#8230; Bu y\u00fczden soluk ald\u0131\u011f\u0131n her an, bunu fark etmeli ve \u00e7ok dikkatli olmal\u0131s\u0131n! B\u00f6ylece hi\u00e7bir canl\u0131n\u0131n ruhuna sayg\u0131s\u0131zl\u0131k yapmam\u0131\u015f olursun.\u201d <\/p>\n","protected":false},"excerpt":{"rendered":"<p>Bir hayvan\u0131 evcille\u015ftirmeyi ba\u015farm\u0131\u015f ender avc\u0131-toplay\u0131c\u0131 topluluklardan biri olan Dukhalar, Mo\u011folistan\u2019\u0131n kuzeyindeki H\u00f6vsg\u00f6l b\u00f6lgesinde ya\u015fayan g\u00f6\u00e7er bir T\u00fcrk halk\u0131d\u0131r. Yerle\u015fik d\u00fczene ge\u00e7i\u015fle birlikte insan\u0131n kendisini do\u011fadan<span class=\"excerpt-hellip\"> [\u2026]<\/span><\/p>\n","protected":false},"featured_media":0,"template":"","meta":{"_monsterinsights_skip_tracking":false,"_monsterinsights_sitenote_active":false,"_monsterinsights_sitenote_note":"","_monsterinsights_sitenote_category":0},"product_brand":[],"product_cat":[12312,12304],"product_tag":[],"class_list":{"0":"post-723155","1":"product","2":"type-product","3":"status-publish","5":"product_cat-diger","6":"product_cat-tarih","7":"pa_cilt-ciltsiz","8":"pa_tur-kitap","9":"pa_yayinevi-kolektif-kitap","10":"pa_yazar-selcen-kucukustel","12":"first","13":"instock","14":"sale","15":"shipping-taxable","16":"purchasable","17":"product-type-simple"},"_links":{"self":[{"href":"https:\/\/roveyayinevi.com.tr\/index.php\/wp-json\/wp\/v2\/product\/723155","targetHints":{"allow":["GET"]}}],"collection":[{"href":"https:\/\/roveyayinevi.com.tr\/index.php\/wp-json\/wp\/v2\/product"}],"about":[{"href":"https:\/\/roveyayinevi.com.tr\/index.php\/wp-json\/wp\/v2\/types\/product"}],"wp:attachment":[{"href":"https:\/\/roveyayinevi.com.tr\/index.php\/wp-json\/wp\/v2\/media?parent=723155"}],"wp:term":[{"taxonomy":"product_brand","embeddable":true,"href":"https:\/\/roveyayinevi.com.tr\/index.php\/wp-json\/wp\/v2\/product_brand?post=723155"},{"taxonomy":"product_cat","embeddable":true,"href":"https:\/\/roveyayinevi.com.tr\/index.php\/wp-json\/wp\/v2\/product_cat?post=723155"},{"taxonomy":"product_tag","embeddable":true,"href":"https:\/\/roveyayinevi.com.tr\/index.php\/wp-json\/wp\/v2\/product_tag?post=723155"}],"curies":[{"name":"wp","href":"https:\/\/api.w.org\/{rel}","templated":true}]}}