{"id":723154,"date":"2025-08-27T19:14:30","date_gmt":"2025-08-27T16:14:30","guid":{"rendered":"https:\/\/roveyayinevi.com.tr\/index.php\/urun\/durunun-kurabiyeler\/"},"modified":"2026-04-16T02:31:02","modified_gmt":"2026-04-15T23:31:02","slug":"durunun-kurabiyeler","status":"publish","type":"product","link":"https:\/\/roveyayinevi.com.tr\/index.php\/urun\/durunun-kurabiyeler\/","title":{"rendered":"Duru&#8217;nun Kurabiyeler"},"content":{"rendered":"<p>Duru o g\u00fcn okuldan eve geldi\u011finde bir s\u00fcrprizle kar\u015f\u0131la\u015ft\u0131: Evde \u00e7ay partisi vard\u0131! Anneannesi Nermin Han\u0131m, ona kuzeni Ada\u2019y\u0131 da \u00e7a\u011f\u0131rd\u0131\u011f\u0131n\u0131 ve kurabiyeleri onlar\u0131n yapaca\u011f\u0131n\u0131 s\u00f6yleyince Duru mutluluktan havalara u\u00e7tu. Bakal\u0131m kurabiyeleri yaparken neler ya\u015fayacaklard\u0131? <\/p>\n","protected":false},"excerpt":{"rendered":"<p>Duru o g\u00fcn okuldan eve geldi\u011finde bir s\u00fcrprizle kar\u015f\u0131la\u015ft\u0131: Evde \u00e7ay partisi vard\u0131! Anneannesi Nermin Han\u0131m, ona kuzeni Ada\u2019y\u0131 da \u00e7a\u011f\u0131rd\u0131\u011f\u0131n\u0131 ve kurabiyeleri onlar\u0131n yapaca\u011f\u0131n\u0131 s\u00f6yleyince<span class=\"excerpt-hellip\"> [\u2026]<\/span><\/p>\n","protected":false},"featured_media":0,"template":"","meta":{"_monsterinsights_skip_tracking":false,"_monsterinsights_sitenote_active":false,"_monsterinsights_sitenote_note":"","_monsterinsights_sitenote_category":0},"product_brand":[],"product_cat":[12274,12284],"product_tag":[],"class_list":{"0":"post-723154","1":"product","2":"type-product","3":"status-publish","5":"product_cat-cocuk-ve-genclik-kitaplari","6":"product_cat-hikayeler","7":"pa_cilt-ciltsiz","8":"pa_tur-kitap","9":"pa_yayinevi-ucan-fil-yayinlari","10":"pa_yazar-nilgun-ilgaz","12":"first","13":"instock","14":"sale","15":"shipping-taxable","16":"purchasable","17":"product-type-simple"},"_links":{"self":[{"href":"https:\/\/roveyayinevi.com.tr\/index.php\/wp-json\/wp\/v2\/product\/723154","targetHints":{"allow":["GET"]}}],"collection":[{"href":"https:\/\/roveyayinevi.com.tr\/index.php\/wp-json\/wp\/v2\/product"}],"about":[{"href":"https:\/\/roveyayinevi.com.tr\/index.php\/wp-json\/wp\/v2\/types\/product"}],"wp:attachment":[{"href":"https:\/\/roveyayinevi.com.tr\/index.php\/wp-json\/wp\/v2\/media?parent=723154"}],"wp:term":[{"taxonomy":"product_brand","embeddable":true,"href":"https:\/\/roveyayinevi.com.tr\/index.php\/wp-json\/wp\/v2\/product_brand?post=723154"},{"taxonomy":"product_cat","embeddable":true,"href":"https:\/\/roveyayinevi.com.tr\/index.php\/wp-json\/wp\/v2\/product_cat?post=723154"},{"taxonomy":"product_tag","embeddable":true,"href":"https:\/\/roveyayinevi.com.tr\/index.php\/wp-json\/wp\/v2\/product_tag?post=723154"}],"curies":[{"name":"wp","href":"https:\/\/api.w.org\/{rel}","templated":true}]}}