{"id":723153,"date":"2025-08-27T19:14:30","date_gmt":"2025-08-27T16:14:30","guid":{"rendered":"https:\/\/roveyayinevi.com.tr\/index.php\/urun\/frankin-ikili-yasami-ciltli\/"},"modified":"2026-04-16T02:31:02","modified_gmt":"2026-04-15T23:31:02","slug":"frankin-ikili-yasami-ciltli","status":"publish","type":"product","link":"https:\/\/roveyayinevi.com.tr\/index.php\/urun\/frankin-ikili-yasami-ciltli\/","title":{"rendered":"Frank\u2019in \u0130kili Ya\u015fam\u0131 (Ciltli)"},"content":{"rendered":"<p>Lise son s\u0131n\u0131fa giden Frank Li, Koreli ebeveynlerinin geleneksel beklentileri ile G\u00fcney California\u2019da yeti\u015fmenin aras\u0131nda kalm\u0131\u015f Araftakiler grubuna \u00fcyeydi. S\u00f6z konusu sevgililer olunca Frank\u2019in annesiyle babas\u0131n\u0131n tek bir kural\u0131 vard\u0131: Koreli bir k\u0131zla beraber ol. Fakat Frank Koreli olmayan, zeki ve g\u00fczel Brit Means\u2019ten ho\u015flanmaya ba\u015flay\u0131nca i\u015fler zorla\u015fmaya ba\u015flad\u0131. Araftakiler\u2019in bir di\u011fer \u00fcyesi olan Joy Song da benzer bir durumla kar\u015f\u0131 kar\u015f\u0131ya kal\u0131nca bir anla\u015fma yapt\u0131lar: \u00d6zg\u00fcr olabilmek i\u00e7in beraberlermi\u015f gibi yapacaklard\u0131. Frank bunun m\u00fckemmel bir plan oldu\u011funu d\u00fc\u015f\u00fcn\u00fcrken kader kar\u015f\u0131s\u0131na ba\u015fka engeller \u00e7\u0131karacak ve Frank hayat, a\u015fk ve kendi hakk\u0131nda bildi\u011fi her \u015feyi sorgulayacakt\u0131.\u201cJohn Green\u2019in kalemi ve Sevdi\u011fim T\u00fcm Erkeklere\u2019nin bir birle\u015fimi olan bu hik\u00e2ye, senenin en b\u00fcy\u00fck gen\u00e7 yeti\u015fkin roman\u0131 olma yolunda.\u201d- Entertainment Weekly\u0130ki arkada\u015f. Bir entrika. Yanl\u0131\u015f gitmemesinin imk\u00e2n\u0131 yok.\u201cDavid Yoon\u2019un koca y\u00fcrekli, d\u00fcr\u00fcst, komik ve romantik ilk roman\u0131na \u00e2\u015f\u0131k oldum. G\u00fcl\u00fcmsedim, kahkaha att\u0131m, a\u011flad\u0131m ve \u00e7ok \u015fey \u00f6\u011frendim. Frank\u2019e \u00e2\u015f\u0131k olmaya haz\u0131r olun millet!\u201d- Adam Silvera, Ve Sonunda \u0130kisi De \u00d6l\u00fcr\u2019\u00fcn New York Times \u00e7oksatan yazar\u0131\u201cFrank\u2019in \u0130kili Ya\u015fam\u0131 muhte\u015fem, yeni bir ses; birini sevmek \u00fczerine yaz\u0131lm\u0131\u015f dobra ve t\u00fcm\u00fcyle ger\u00e7ek\u00e7i bir hik\u00e2ye. David Yoon her konuyu hem iyi hem k\u00f6t\u00fc yanlar\u0131yla ele almaktan \u00e7ekinmese de hassas bir \u015fekilde irdeliyor.\u201d- Marie Lu, Asi\u2019nin New York Times \u00e7oksatan yazar\u0131\u201cHem bir a\u015fk hem de \u0131rk\u00e7\u0131l\u0131k hakk\u0131nda olmay\u0131 ba\u015faran bu kitab\u0131 \u00e7ok \u00e7ok \u00e7ok sevdim! Frank Li kesinlikle tan\u0131\u015fman\u0131z gereken bir karakter.\u201d- Jodi Picoult, K\u00fc\u00e7\u00fck Muazzam \u015eeyler\u2019in New York Times \u00e7oksatan yazar\u0131<\/p>\n","protected":false},"excerpt":{"rendered":"<p>Lise son s\u0131n\u0131fa giden Frank Li, Koreli ebeveynlerinin geleneksel beklentileri ile G\u00fcney California\u2019da yeti\u015fmenin aras\u0131nda kalm\u0131\u015f Araftakiler grubuna \u00fcyeydi. S\u00f6z konusu sevgililer olunca Frank\u2019in annesiyle babas\u0131n\u0131n<span class=\"excerpt-hellip\"> [\u2026]<\/span><\/p>\n","protected":false},"featured_media":0,"template":"","meta":{"_monsterinsights_skip_tracking":false,"_monsterinsights_sitenote_active":false,"_monsterinsights_sitenote_note":"","_monsterinsights_sitenote_category":0},"product_brand":[],"product_cat":[12291,12711],"product_tag":[],"class_list":{"0":"post-723153","1":"product","2":"type-product","3":"status-publish","5":"product_cat-edebiyat","6":"product_cat-roman-oyku","7":"pa_cilt-ciltli","8":"pa_tur-kitap","9":"pa_yayinevi-epsilon-yayinlari","10":"pa_yazar-david-yoon","12":"first","13":"instock","14":"sale","15":"shipping-taxable","16":"purchasable","17":"product-type-simple"},"_links":{"self":[{"href":"https:\/\/roveyayinevi.com.tr\/index.php\/wp-json\/wp\/v2\/product\/723153","targetHints":{"allow":["GET"]}}],"collection":[{"href":"https:\/\/roveyayinevi.com.tr\/index.php\/wp-json\/wp\/v2\/product"}],"about":[{"href":"https:\/\/roveyayinevi.com.tr\/index.php\/wp-json\/wp\/v2\/types\/product"}],"wp:attachment":[{"href":"https:\/\/roveyayinevi.com.tr\/index.php\/wp-json\/wp\/v2\/media?parent=723153"}],"wp:term":[{"taxonomy":"product_brand","embeddable":true,"href":"https:\/\/roveyayinevi.com.tr\/index.php\/wp-json\/wp\/v2\/product_brand?post=723153"},{"taxonomy":"product_cat","embeddable":true,"href":"https:\/\/roveyayinevi.com.tr\/index.php\/wp-json\/wp\/v2\/product_cat?post=723153"},{"taxonomy":"product_tag","embeddable":true,"href":"https:\/\/roveyayinevi.com.tr\/index.php\/wp-json\/wp\/v2\/product_tag?post=723153"}],"curies":[{"name":"wp","href":"https:\/\/api.w.org\/{rel}","templated":true}]}}