{"id":723151,"date":"2025-08-27T19:14:28","date_gmt":"2025-08-27T16:14:28","guid":{"rendered":"https:\/\/roveyayinevi.com.tr\/index.php\/urun\/islam-edebinden-bir-demet\/"},"modified":"2026-04-16T02:31:02","modified_gmt":"2026-04-15T23:31:02","slug":"islam-edebinden-bir-demet","status":"publish","type":"product","link":"https:\/\/roveyayinevi.com.tr\/index.php\/urun\/islam-edebinden-bir-demet\/","title":{"rendered":"\u0130slam Edebinden Bir Demet"},"content":{"rendered":"<p>\u0130slam tarihinde birbirinden g\u00fczel edep, ahlak ve terbiye \u00f6rnekleri mevcuttur. Cemiyet hayat\u0131 i\u00e7inde pek \u00e7ok karde\u015fimiz, bu g\u00fczelliklerden ya habersiz ya da sahip olduklar\u0131 bilgileri eksik veya \u00e7arp\u0131k. Merhum Abdulfett\u00e2h Eb\u00fb Gudde, bu bilgileri bir araya toplayarak karde\u015flerimizin hizmetine sundu. Bu ahl\u00e2k kurallar\u0131n\u0131 hayata aksettirmek i\u00e7in ihmalk\u00e2r davranmamak gerekir. Bu kurallar basite al\u0131nmamal\u0131d\u0131r. Aile ve karde\u015fler aras\u0131nda bu t\u00fcr kurallara gerek yok anlay\u0131\u015f\u0131 edep ve ahlak zaafiyetine sebebiyet verecektir.<\/p>\n","protected":false},"excerpt":{"rendered":"<p>\u0130slam tarihinde birbirinden g\u00fczel edep, ahlak ve terbiye \u00f6rnekleri mevcuttur. Cemiyet hayat\u0131 i\u00e7inde pek \u00e7ok karde\u015fimiz, bu g\u00fczelliklerden ya habersiz ya da sahip olduklar\u0131 bilgileri eksik<span class=\"excerpt-hellip\"> [\u2026]<\/span><\/p>\n","protected":false},"featured_media":0,"template":"","meta":{"_monsterinsights_skip_tracking":false,"_monsterinsights_sitenote_active":false,"_monsterinsights_sitenote_note":"","_monsterinsights_sitenote_category":0},"product_brand":[],"product_cat":[12718,12719],"product_tag":[],"class_list":{"0":"post-723151","1":"product","2":"type-product","3":"status-publish","5":"product_cat-din","6":"product_cat-islam","7":"pa_cilt-ciltsiz","8":"pa_tur-kitap","9":"pa_yayinevi-takdim-kitap","10":"pa_yazar-abdulfettah-ebu-gudde","12":"first","13":"instock","14":"sale","15":"shipping-taxable","16":"purchasable","17":"product-type-simple"},"_links":{"self":[{"href":"https:\/\/roveyayinevi.com.tr\/index.php\/wp-json\/wp\/v2\/product\/723151","targetHints":{"allow":["GET"]}}],"collection":[{"href":"https:\/\/roveyayinevi.com.tr\/index.php\/wp-json\/wp\/v2\/product"}],"about":[{"href":"https:\/\/roveyayinevi.com.tr\/index.php\/wp-json\/wp\/v2\/types\/product"}],"wp:attachment":[{"href":"https:\/\/roveyayinevi.com.tr\/index.php\/wp-json\/wp\/v2\/media?parent=723151"}],"wp:term":[{"taxonomy":"product_brand","embeddable":true,"href":"https:\/\/roveyayinevi.com.tr\/index.php\/wp-json\/wp\/v2\/product_brand?post=723151"},{"taxonomy":"product_cat","embeddable":true,"href":"https:\/\/roveyayinevi.com.tr\/index.php\/wp-json\/wp\/v2\/product_cat?post=723151"},{"taxonomy":"product_tag","embeddable":true,"href":"https:\/\/roveyayinevi.com.tr\/index.php\/wp-json\/wp\/v2\/product_tag?post=723151"}],"curies":[{"name":"wp","href":"https:\/\/api.w.org\/{rel}","templated":true}]}}