{"id":723150,"date":"2025-08-27T19:14:28","date_gmt":"2025-08-27T16:14:28","guid":{"rendered":"https:\/\/roveyayinevi.com.tr\/index.php\/urun\/mesih\/"},"modified":"2026-04-08T02:38:44","modified_gmt":"2026-04-07T23:38:44","slug":"mesih","status":"publish","type":"product","link":"https:\/\/roveyayinevi.com.tr\/index.php\/urun\/mesih\/","title":{"rendered":"Mesih"},"content":{"rendered":"<p>\u0130ster Suriye\u2019ye ve Irak\u2019a y\u00f6nelik hareketlilik olsun ister B\u00fcy\u00fck Ortado\u011fu Projesi ve Trump\u2019\u0131n en son mega projesi dedi\u011fi yeni Ortado\u011fu plan\u0131\u2026 Bunlar\u0131n hepsinin ortak bir noktas\u0131 vard\u0131: TEOLOJ\u0130. Yani, insanlar\u0131n inand\u0131klar\u0131 dini de\u011ferler ve bu de\u011ferler \u00fczerinden \u00e7izdikleri politik yol haritas\u0131. Kitab\u0131 yazd\u0131\u011f\u0131m\u0131z d\u00f6nemde olmaz dedi\u011fimiz her \u015feyin neredeyse kitap yaz\u0131l\u0131rken hayata ge\u00e7mi\u015f olmas\u0131 bizi ger\u00e7ekten endi\u015feye sevk etti. Her sat\u0131r\u0131nda, her c\u00fcmlesinde, hatta her kelimesinde i\u00e7imizden gelen tek s\u00f6z \u201cBu kitap bizi yan\u0131lts\u0131n\u201d oldu. Bu kitap size k\u0131yametin kap\u0131s\u0131n\u0131n nas\u0131l a\u00e7\u0131laca\u011f\u0131n\u0131 anlatmay\u0131 vaat ediyor.   \u201cSizin inand\u0131\u011f\u0131n\u0131z \u015fey fark etmez. E\u011fer onlar buna inan\u0131yorsa, bu sizi de etkileyecektir.\u201d William Cooper   \u201cMa\u015fiah h\u00e2l\u00e2 gelmedi. O halde geli\u015fini h\u0131zland\u0131rmak i\u00e7in bir \u015fey yap\u0131n.\u201d Menachem Mendel Schneerson   \u201c\u00c7ocuklar\u0131m\u0131n \u00f6m\u00fcrlerinin sonuna kadar ya\u015fayaca\u011f\u0131n\u0131 zannetmiyorum. Armagedon\u2019da son \u00e7at\u0131\u015fma olacak ve sonra Tanr\u0131 evreni yok edecek. \u201d Jerry Falwell   \u201cReagan\u2019\u0131n politik kararlar\u0131n\u0131n \u00e7o\u011fu \u0130ncil kehanetlerinin laf\u0131zc\u0131 yorumlar\u0131 \u00fczerine bina edilmi\u015ftir. Bu durum Reagan\u2019\u0131, \u2018\u015eayet Tanr\u0131 ipotek alt\u0131ndaki b\u00fct\u00fcn d\u00fcnyay\u0131 yak\u0131nda geri alacaksa, o zaman devlet bor\u00e7lar\u0131 konusunda tasalanmak i\u00e7in hi\u00e7bir sebep yok\u2019 gibi bir d\u00fc\u015f\u00fcnceye sevk etmi\u015ftir.\u201d James Mills   \u201cBunu yapmam\u0131n sebebi, size bakt\u0131\u011f\u0131mda \u0130srail\u2019i diriltecek insanlar\u0131 g\u00f6rmemdir ve o ideal hepimizin y\u00fcre\u011findeki kutsal tutkudur: Atalar\u0131m\u0131z\u0131n vatan\u0131, yuvam\u0131z \u0130srail\u2019e d\u00f6n\u00fc\u015f.\u201d Edmond de Rothschild <\/p>\n","protected":false},"excerpt":{"rendered":"<p>\u0130ster Suriye\u2019ye ve Irak\u2019a y\u00f6nelik hareketlilik olsun ister B\u00fcy\u00fck Ortado\u011fu Projesi ve Trump\u2019\u0131n en son mega projesi dedi\u011fi yeni Ortado\u011fu plan\u0131\u2026 Bunlar\u0131n hepsinin ortak bir noktas\u0131<span class=\"excerpt-hellip\"> [\u2026]<\/span><\/p>\n","protected":false},"featured_media":0,"template":"","meta":{"_monsterinsights_skip_tracking":false,"_monsterinsights_sitenote_active":false,"_monsterinsights_sitenote_note":"","_monsterinsights_sitenote_category":0},"product_brand":[],"product_cat":[52477],"product_tag":[],"class_list":{"0":"post-723150","1":"product","2":"type-product","3":"status-publish","5":"product_cat-arastirma","6":"pa_cilt-ciltsiz","7":"pa_tur-kitap","8":"pa_yayinevi-destek-yayinlari","9":"pa_yazar-ceyhun-bozkurt-mete-yarar","11":"first","12":"instock","13":"sale","14":"shipping-taxable","15":"purchasable","16":"product-type-simple"},"_links":{"self":[{"href":"https:\/\/roveyayinevi.com.tr\/index.php\/wp-json\/wp\/v2\/product\/723150","targetHints":{"allow":["GET"]}}],"collection":[{"href":"https:\/\/roveyayinevi.com.tr\/index.php\/wp-json\/wp\/v2\/product"}],"about":[{"href":"https:\/\/roveyayinevi.com.tr\/index.php\/wp-json\/wp\/v2\/types\/product"}],"wp:attachment":[{"href":"https:\/\/roveyayinevi.com.tr\/index.php\/wp-json\/wp\/v2\/media?parent=723150"}],"wp:term":[{"taxonomy":"product_brand","embeddable":true,"href":"https:\/\/roveyayinevi.com.tr\/index.php\/wp-json\/wp\/v2\/product_brand?post=723150"},{"taxonomy":"product_cat","embeddable":true,"href":"https:\/\/roveyayinevi.com.tr\/index.php\/wp-json\/wp\/v2\/product_cat?post=723150"},{"taxonomy":"product_tag","embeddable":true,"href":"https:\/\/roveyayinevi.com.tr\/index.php\/wp-json\/wp\/v2\/product_tag?post=723150"}],"curies":[{"name":"wp","href":"https:\/\/api.w.org\/{rel}","templated":true}]}}