{"id":723147,"date":"2025-08-27T19:14:26","date_gmt":"2025-08-27T16:14:26","guid":{"rendered":"https:\/\/roveyayinevi.com.tr\/index.php\/urun\/gorunmez-cocuk\/"},"modified":"2026-04-16T02:31:02","modified_gmt":"2026-04-15T23:31:02","slug":"gorunmez-cocuk","status":"publish","type":"product","link":"https:\/\/roveyayinevi.com.tr\/index.php\/urun\/gorunmez-cocuk\/","title":{"rendered":"G\u00f6r\u00fcnmez \u00c7ocuk"},"content":{"rendered":"<p>Alt\u0131n renkli k\u00fc\u00e7\u00fck bir ejderha bulsan\u0131z ve e\u011fer onun tatl\u0131 m\u0131 tatl\u0131 minicik ye\u015fil patileri varsa ne de sevinirsiniz de\u011fil mi? Mumi\u015f de bir ejderha buldu\u011funda havalara u\u00e7mu\u015ftu. Ama sevinci biraz kursa\u011f\u0131nda kalm\u0131\u015ft\u0131. \u015eimdiye kadar bir isme sahip olmam\u0131\u015f, bunun eksikli\u011fiyle ya\u015fam\u0131\u015f bir yarat\u0131k sizden kendisine bir isim koyman\u0131z\u0131 istese, bir de bu konuda b\u0131kt\u0131r\u0131c\u0131 derecede \u0131srarc\u0131 olsa ne yapars\u0131n\u0131z? Peki ya bir g\u00fcn bir arkada\u015f\u0131n\u0131z yan\u0131nda g\u00f6r\u00fcnmez bir \u00e7ocukla gelse ve sizden onu iyile\u015ftirmenizi istese nas\u0131l bir \u00e7are \u00f6nerirsiniz? B\u00fct\u00fcn bu s\u0131ra d\u0131\u015f\u0131 \u015feyler Mumi Vadisi\u2019nde oluyor. Ama kimse bu s\u0131ra d\u0131\u015f\u0131 \u015feylere \u015fa\u015f\u0131rm\u0131yor, bir yolunu bulup ya\u015fam\u0131na devam ediyor. G\u00f6r\u00fcnmez \u00c7ocuk\u2019taki dokuz ayr\u0131 hik\u00e2yede, Mumi Vadisi sakinlerini biraz daha yak\u0131ndan tan\u0131yoruz. Filijonk, Hemul, Hatifnatlar, Mumrik, Mumi\u015f\u2026 Bu Vadi sakinlerini bulu\u015fturan \u015feyse, \u00fczerinde sessizce anla\u015fmaya var\u0131lm\u0131\u015f ve b\u00fct\u00fcn Tove Jansson kitaplar\u0131nda kar\u015f\u0131m\u0131za \u00e7\u0131kan sevgi ve arkada\u015fl\u0131k de\u011ferleri\u2026 Belki de ya\u015famdaki zorluklarla ve korkular\u0131yla ba\u015fa \u00e7\u0131kmalar\u0131n\u0131n yolu budur. <\/p>\n","protected":false},"excerpt":{"rendered":"<p>Alt\u0131n renkli k\u00fc\u00e7\u00fck bir ejderha bulsan\u0131z ve e\u011fer onun tatl\u0131 m\u0131 tatl\u0131 minicik ye\u015fil patileri varsa ne de sevinirsiniz de\u011fil mi? Mumi\u015f de bir ejderha buldu\u011funda<span class=\"excerpt-hellip\"> [\u2026]<\/span><\/p>\n","protected":false},"featured_media":0,"template":"","meta":{"_monsterinsights_skip_tracking":false,"_monsterinsights_sitenote_active":false,"_monsterinsights_sitenote_note":"","_monsterinsights_sitenote_category":0},"product_brand":[],"product_cat":[12274,12284],"product_tag":[],"class_list":{"0":"post-723147","1":"product","2":"type-product","3":"status-publish","5":"product_cat-cocuk-ve-genclik-kitaplari","6":"product_cat-hikayeler","7":"pa_cilt-ciltsiz","8":"pa_tur-kitap","9":"pa_yayinevi-dinozor-cocuk","10":"pa_yazar-tove-jansson","12":"first","13":"instock","14":"sale","15":"shipping-taxable","16":"purchasable","17":"product-type-simple"},"_links":{"self":[{"href":"https:\/\/roveyayinevi.com.tr\/index.php\/wp-json\/wp\/v2\/product\/723147","targetHints":{"allow":["GET"]}}],"collection":[{"href":"https:\/\/roveyayinevi.com.tr\/index.php\/wp-json\/wp\/v2\/product"}],"about":[{"href":"https:\/\/roveyayinevi.com.tr\/index.php\/wp-json\/wp\/v2\/types\/product"}],"wp:attachment":[{"href":"https:\/\/roveyayinevi.com.tr\/index.php\/wp-json\/wp\/v2\/media?parent=723147"}],"wp:term":[{"taxonomy":"product_brand","embeddable":true,"href":"https:\/\/roveyayinevi.com.tr\/index.php\/wp-json\/wp\/v2\/product_brand?post=723147"},{"taxonomy":"product_cat","embeddable":true,"href":"https:\/\/roveyayinevi.com.tr\/index.php\/wp-json\/wp\/v2\/product_cat?post=723147"},{"taxonomy":"product_tag","embeddable":true,"href":"https:\/\/roveyayinevi.com.tr\/index.php\/wp-json\/wp\/v2\/product_tag?post=723147"}],"curies":[{"name":"wp","href":"https:\/\/api.w.org\/{rel}","templated":true}]}}