{"id":723144,"date":"2025-08-27T19:14:24","date_gmt":"2025-08-27T16:14:24","guid":{"rendered":"https:\/\/roveyayinevi.com.tr\/index.php\/urun\/kuramdan-uygulamaya-sinif-ogretmenligi-seti-ilkokulda-matematik-ogretimi\/"},"modified":"2026-04-16T02:31:02","modified_gmt":"2026-04-15T23:31:02","slug":"kuramdan-uygulamaya-sinif-ogretmenligi-seti-ilkokulda-matematik-ogretimi","status":"publish","type":"product","link":"https:\/\/roveyayinevi.com.tr\/index.php\/urun\/kuramdan-uygulamaya-sinif-ogretmenligi-seti-ilkokulda-matematik-ogretimi\/","title":{"rendered":"Kuramdan Uygulamaya S\u0131n\u0131f \u00d6\u011fretmenli\u011fi Seti &#8211; \u0130lkokulda Matematik \u00d6\u011fretimi"},"content":{"rendered":"<p>Matematik \u00e7ocuklar i\u00e7in korkulan derslerin ba\u015f\u0131nda gelmektedir. Oysaki matematik korkulan bir dersten \u00f6te hayat\u0131 anlamaya yarayan, e\u011flenceli ve yarat\u0131c\u0131 bir s\u00fcre\u00e7tir. Bu durumun ortaya \u00e7\u0131kmas\u0131nda en \u00f6nemli etken matemati\u011fin g\u00fcnl\u00fck hayattan kopuk sadece kural ve prosed\u00fcrlerden olu\u015ftu\u011fu alg\u0131s\u0131d\u0131r. Bu alg\u0131n\u0131n k\u0131r\u0131labilmesi i\u00e7in matematik \u00f6\u011fretiminin s\u00fcrecinin anlaml\u0131 ve e\u011flenceli bir hale getirilmelidir. Bu kitap \u00fclkemizdeki yenilik ve geli\u015fmelere ba\u011fl\u0131 olarak yenilenen 2018 matematik \u00f6\u011fretim program\u0131 dikkate al\u0131narak haz\u0131rlanm\u0131\u015ft\u0131r. Bu kitab\u0131n temel amac\u0131 g\u00fcncel \u00f6\u011frenme ve \u00f6\u011fretme kuramlar\u0131n\u0131 dikkate alarak \u00f6\u011frencilerin daha aktif oldu\u011fu, matematiksel kavram ve genellemeleri ezberlemek yerine i\u00e7selle\u015ftirdi\u011fi ve matematik \u00f6\u011frenim s\u00fcrecinden haz alabilece\u011fi etkinlik \u00f6rnekleri sunabilmektir. Bu amac\u0131m\u0131z\u0131n en \u00f6nemli temel g\u00f6stergesi Skemp\u2019in ortaya att\u0131\u011f\u0131 \u201cbir \u00e7ocuk ho\u015fland\u0131\u011f\u0131 i\u015fi yapar ve yapt\u0131\u011f\u0131 i\u00e7in geli\u015fir\u201d d\u00fc\u015f\u00fcncesidir. Bu nedenledir ki haz\u0131rlad\u0131\u011f\u0131m\u0131z etkinliklerde \u00f6\u011frencilerin e\u011flenceli bir s\u00fcre\u00e7ten ge\u00e7irerek \u00e7ok y\u00f6nl\u00fc geli\u015fmesini hedefledik.<\/p>\n","protected":false},"excerpt":{"rendered":"<p>Matematik \u00e7ocuklar i\u00e7in korkulan derslerin ba\u015f\u0131nda gelmektedir. Oysaki matematik korkulan bir dersten \u00f6te hayat\u0131 anlamaya yarayan, e\u011flenceli ve yarat\u0131c\u0131 bir s\u00fcre\u00e7tir. Bu durumun ortaya \u00e7\u0131kmas\u0131nda en<span class=\"excerpt-hellip\"> [\u2026]<\/span><\/p>\n","protected":false},"featured_media":0,"template":"","meta":{"_monsterinsights_skip_tracking":false,"_monsterinsights_sitenote_active":false,"_monsterinsights_sitenote_note":"","_monsterinsights_sitenote_category":0},"product_brand":[],"product_cat":[12573,12566],"product_tag":[],"class_list":{"0":"post-723144","1":"product","2":"type-product","3":"status-publish","5":"product_cat-akademik-kitaplar","6":"product_cat-egitim","7":"pa_cilt-ciltsiz","8":"pa_tur-kitap","9":"pa_yayinevi-egiten-kitap","10":"pa_yazar-kolektif","12":"first","13":"instock","14":"sale","15":"shipping-taxable","16":"purchasable","17":"product-type-simple"},"_links":{"self":[{"href":"https:\/\/roveyayinevi.com.tr\/index.php\/wp-json\/wp\/v2\/product\/723144","targetHints":{"allow":["GET"]}}],"collection":[{"href":"https:\/\/roveyayinevi.com.tr\/index.php\/wp-json\/wp\/v2\/product"}],"about":[{"href":"https:\/\/roveyayinevi.com.tr\/index.php\/wp-json\/wp\/v2\/types\/product"}],"wp:attachment":[{"href":"https:\/\/roveyayinevi.com.tr\/index.php\/wp-json\/wp\/v2\/media?parent=723144"}],"wp:term":[{"taxonomy":"product_brand","embeddable":true,"href":"https:\/\/roveyayinevi.com.tr\/index.php\/wp-json\/wp\/v2\/product_brand?post=723144"},{"taxonomy":"product_cat","embeddable":true,"href":"https:\/\/roveyayinevi.com.tr\/index.php\/wp-json\/wp\/v2\/product_cat?post=723144"},{"taxonomy":"product_tag","embeddable":true,"href":"https:\/\/roveyayinevi.com.tr\/index.php\/wp-json\/wp\/v2\/product_tag?post=723144"}],"curies":[{"name":"wp","href":"https:\/\/api.w.org\/{rel}","templated":true}]}}