{"id":723143,"date":"2025-08-27T19:14:24","date_gmt":"2025-08-27T16:14:24","guid":{"rendered":"https:\/\/roveyayinevi.com.tr\/index.php\/urun\/hayat-bilgisi-ve-sosyal-bilgiler-derslerinde-uygulamali-deger-yonetimi\/"},"modified":"2026-04-16T02:31:02","modified_gmt":"2026-04-15T23:31:02","slug":"hayat-bilgisi-ve-sosyal-bilgiler-derslerinde-uygulamali-deger-yonetimi","status":"publish","type":"product","link":"https:\/\/roveyayinevi.com.tr\/index.php\/urun\/hayat-bilgisi-ve-sosyal-bilgiler-derslerinde-uygulamali-deger-yonetimi\/","title":{"rendered":"Hayat Bilgisi ve Sosyal Bilgiler Derslerinde Uygulamal\u0131 De\u011fer Y\u00f6netimi"},"content":{"rendered":"<p>Elinizdeki \u00e7al\u0131\u015fman\u0131n amac\u0131, hayat bilgisi ve sosyal bilgiler \u00f6\u011fretiminde de\u011fer \u00f6\u011fretimi i\u00e7in uygulama \u00f6rneklerini sunmakt\u0131r. Son y\u0131llarda de\u011fer e\u011fitimi ve de\u011fer \u00f6\u011fretimine y\u00f6nelik ara\u015ft\u0131rma ve \u00e7al\u0131\u015fmalar\u0131n say\u0131s\u0131 artsa da bu eser, hayat bilgisi ve sosyal bilgiler dersleri \u00f6\u011fretim programlar\u0131nda yer alan de\u011ferlere y\u00f6nelik \u00f6rnek ders planlar\u0131 sunmas\u0131 bak\u0131m\u0131ndan kapsaml\u0131 tek \u00e7al\u0131\u015fmad\u0131r denilebilir. Bundan dolay\u0131 kitab\u0131n iki ana okuyucu grubu i\u00e7in \u00f6nemli oldu\u011funa inan\u0131lmaktad\u0131r. \u0130lki, de\u011fer e\u011fitimi ve de\u011fer \u00f6\u011fretimi \u00fczerine \u00e7al\u0131\u015fan ara\u015ft\u0131rmac\u0131lar, di\u011feri ise hizmet i\u00e7indeki s\u0131n\u0131f \u00f6\u011fretmenleri ile hizmet \u00f6ncesi e\u011fitime devam eden s\u0131n\u0131f e\u011fitimi \u00f6\u011fretmen adaylar\u0131d\u0131r. Bu eserin \u00f6zellikle ikinci grubun uygulamal\u0131 de\u011fer \u00f6\u011fretimi ad\u0131na \u00f6nemli kaynak ihtiyac\u0131na cevap verece\u011fi umulmaktad\u0131r.<\/p>\n","protected":false},"excerpt":{"rendered":"<p>Elinizdeki \u00e7al\u0131\u015fman\u0131n amac\u0131, hayat bilgisi ve sosyal bilgiler \u00f6\u011fretiminde de\u011fer \u00f6\u011fretimi i\u00e7in uygulama \u00f6rneklerini sunmakt\u0131r. Son y\u0131llarda de\u011fer e\u011fitimi ve de\u011fer \u00f6\u011fretimine y\u00f6nelik ara\u015ft\u0131rma ve \u00e7al\u0131\u015fmalar\u0131n<span class=\"excerpt-hellip\"> [\u2026]<\/span><\/p>\n","protected":false},"featured_media":0,"template":"","meta":{"_monsterinsights_skip_tracking":false,"_monsterinsights_sitenote_active":false,"_monsterinsights_sitenote_note":"","_monsterinsights_sitenote_category":0},"product_brand":[],"product_cat":[12573,12566],"product_tag":[],"class_list":{"0":"post-723143","1":"product","2":"type-product","3":"status-publish","5":"product_cat-akademik-kitaplar","6":"product_cat-egitim","7":"pa_cilt-ciltsiz","8":"pa_tur-kitap","9":"pa_yayinevi-egiten-kitap","10":"pa_yazar-seher-yarar-kaptan","12":"first","13":"instock","14":"sale","15":"shipping-taxable","16":"purchasable","17":"product-type-simple"},"_links":{"self":[{"href":"https:\/\/roveyayinevi.com.tr\/index.php\/wp-json\/wp\/v2\/product\/723143","targetHints":{"allow":["GET"]}}],"collection":[{"href":"https:\/\/roveyayinevi.com.tr\/index.php\/wp-json\/wp\/v2\/product"}],"about":[{"href":"https:\/\/roveyayinevi.com.tr\/index.php\/wp-json\/wp\/v2\/types\/product"}],"wp:attachment":[{"href":"https:\/\/roveyayinevi.com.tr\/index.php\/wp-json\/wp\/v2\/media?parent=723143"}],"wp:term":[{"taxonomy":"product_brand","embeddable":true,"href":"https:\/\/roveyayinevi.com.tr\/index.php\/wp-json\/wp\/v2\/product_brand?post=723143"},{"taxonomy":"product_cat","embeddable":true,"href":"https:\/\/roveyayinevi.com.tr\/index.php\/wp-json\/wp\/v2\/product_cat?post=723143"},{"taxonomy":"product_tag","embeddable":true,"href":"https:\/\/roveyayinevi.com.tr\/index.php\/wp-json\/wp\/v2\/product_tag?post=723143"}],"curies":[{"name":"wp","href":"https:\/\/api.w.org\/{rel}","templated":true}]}}