{"id":723142,"date":"2025-08-27T19:14:23","date_gmt":"2025-08-27T16:14:23","guid":{"rendered":"https:\/\/roveyayinevi.com.tr\/index.php\/urun\/farkli-yaklasim-yontem-ve-teknikler-isiginda-etkinliklerle-cevre-egitimi\/"},"modified":"2026-04-16T02:31:02","modified_gmt":"2026-04-15T23:31:02","slug":"farkli-yaklasim-yontem-ve-teknikler-isiginda-etkinliklerle-cevre-egitimi","status":"publish","type":"product","link":"https:\/\/roveyayinevi.com.tr\/index.php\/urun\/farkli-yaklasim-yontem-ve-teknikler-isiginda-etkinliklerle-cevre-egitimi\/","title":{"rendered":"Farkl\u0131 Yakla\u015f\u0131m, Y\u00f6ntem ve Teknikler I\u015f\u0131\u011f\u0131nda Etkinliklerle \u00c7evre E\u011fitimi"},"content":{"rendered":"<p>Kitap 16 b\u00f6l\u00fcm halinde sunulmu\u015ftur. Kitapta; \u00e7evre e\u011fitiminde probleme dayal\u0131 \u00f6\u011frenme, proje tabanl\u0131 \u00f6\u011frenme, okul d\u0131\u015f\u0131 \u00f6\u011frenme, arg\u00fcmantasyon odakl\u0131 \u00f6\u011frenme, otantik \u00f6\u011frenme, STEM yakla\u015f\u0131m\u0131, \u00e7oklu zek\u00e2 kuram\u0131, disiplinler aras\u0131 yakla\u015f\u0131m, teknoloji entegrasyonu, kavram karikat\u00fcrleri, zihin haritalar\u0131, yarat\u0131c\u0131 drama, rol oynama etkinlikleri, beyin f\u0131rt\u0131nas\u0131, kan\u0131t temelli \u00f6\u011frenme, istasyon tekni\u011fi b\u00f6l\u00fcmleri i\u00e7erisinde etkinlik \u00f6rneklerine yer verilmi\u015ftir.<\/p>\n","protected":false},"excerpt":{"rendered":"<p>Kitap 16 b\u00f6l\u00fcm halinde sunulmu\u015ftur. Kitapta; \u00e7evre e\u011fitiminde probleme dayal\u0131 \u00f6\u011frenme, proje tabanl\u0131 \u00f6\u011frenme, okul d\u0131\u015f\u0131 \u00f6\u011frenme, arg\u00fcmantasyon odakl\u0131 \u00f6\u011frenme, otantik \u00f6\u011frenme, STEM yakla\u015f\u0131m\u0131, \u00e7oklu zek\u00e2<span class=\"excerpt-hellip\"> [\u2026]<\/span><\/p>\n","protected":false},"featured_media":0,"template":"","meta":{"_monsterinsights_skip_tracking":false,"_monsterinsights_sitenote_active":false,"_monsterinsights_sitenote_note":"","_monsterinsights_sitenote_category":0},"product_brand":[],"product_cat":[12573,12566],"product_tag":[],"class_list":{"0":"post-723142","1":"product","2":"type-product","3":"status-publish","5":"product_cat-akademik-kitaplar","6":"product_cat-egitim","7":"pa_cilt-ciltsiz","8":"pa_tur-kitap","9":"pa_yayinevi-egiten-kitap","10":"pa_yazar-kolektif","12":"first","13":"instock","14":"sale","15":"shipping-taxable","16":"purchasable","17":"product-type-simple"},"_links":{"self":[{"href":"https:\/\/roveyayinevi.com.tr\/index.php\/wp-json\/wp\/v2\/product\/723142","targetHints":{"allow":["GET"]}}],"collection":[{"href":"https:\/\/roveyayinevi.com.tr\/index.php\/wp-json\/wp\/v2\/product"}],"about":[{"href":"https:\/\/roveyayinevi.com.tr\/index.php\/wp-json\/wp\/v2\/types\/product"}],"wp:attachment":[{"href":"https:\/\/roveyayinevi.com.tr\/index.php\/wp-json\/wp\/v2\/media?parent=723142"}],"wp:term":[{"taxonomy":"product_brand","embeddable":true,"href":"https:\/\/roveyayinevi.com.tr\/index.php\/wp-json\/wp\/v2\/product_brand?post=723142"},{"taxonomy":"product_cat","embeddable":true,"href":"https:\/\/roveyayinevi.com.tr\/index.php\/wp-json\/wp\/v2\/product_cat?post=723142"},{"taxonomy":"product_tag","embeddable":true,"href":"https:\/\/roveyayinevi.com.tr\/index.php\/wp-json\/wp\/v2\/product_tag?post=723142"}],"curies":[{"name":"wp","href":"https:\/\/api.w.org\/{rel}","templated":true}]}}