{"id":723141,"date":"2025-08-27T19:14:22","date_gmt":"2025-08-27T16:14:22","guid":{"rendered":"https:\/\/roveyayinevi.com.tr\/index.php\/urun\/kuramdan-uygulamaya-sinif-ogretmenligi-seti-gorsel-sanatlar-ogretimi\/"},"modified":"2026-04-16T02:31:02","modified_gmt":"2026-04-15T23:31:02","slug":"kuramdan-uygulamaya-sinif-ogretmenligi-seti-gorsel-sanatlar-ogretimi","status":"publish","type":"product","link":"https:\/\/roveyayinevi.com.tr\/index.php\/urun\/kuramdan-uygulamaya-sinif-ogretmenligi-seti-gorsel-sanatlar-ogretimi\/","title":{"rendered":"Kuramdan Uygulamaya S\u0131n\u0131f \u00d6\u011fretmenli\u011fi Seti &#8211; G\u00f6rsel Sanatlar \u00d6\u011fretimi"},"content":{"rendered":"<p>Umar\u0131m size yazaca\u011f\u0131m\u0131z t\u00fcm sat\u0131rlar sanat\u0131 anlaman\u0131z, anlatman\u0131z, sorgulaman\u0131z ve sanat\u0131n e\u011fitim boyutunda sizin de yerinizi alman\u0131z i\u00e7in bir f\u0131rsat olacakt\u0131r.Sanat\u0131 tan\u0131mlamak ne kadar g\u00fc\u00e7se bir sanat e\u011fitimi kitab\u0131n\u0131 tan\u0131mlamak da o kadar g\u00fc\u00e7 g\u00f6z\u00fckmekte. Burada kaleme al\u0131nanlar bir buz da\u011f\u0131n\u0131n sadece k\u00fc\u00e7\u00fck bir b\u00f6l\u00fcm\u00fc olarak alg\u0131lanabilir. \u00c7\u00fcnk\u00fc sanat\u0131 ve sanat e\u011fitimi bir kitaba s\u0131\u011fd\u0131rmak hali haz\u0131rda \u00e7ok da m\u00fcmk\u00fcn de\u011fildir. Bu noktadan hareketle elinizdeki kayna\u011f\u0131 \u00f6zellikle \u00f6\u011fretmen ve \u00f6\u011fretmen adaylar\u0131 i\u00e7in bir ders kitab\u0131n hatta ba\u015f ucu kayna\u011f\u0131 olarak k\u00fct\u00fcphanelerde yerini alaca\u011f\u0131 d\u00fc\u015f\u00fcncesindeyim. \u0130\u00e7inde yer alan kuramsal ve uygulamaya dair bilgiler sanat \u00f6\u011fretimi noktas\u0131nda pratik bir \u015fekilde yard\u0131m\u0131n\u0131za ko\u015facakt\u0131r. Bunun yan\u0131nda sanata ilgi duyan ve bir ba\u015flang\u0131\u00e7 kitab\u0131 arayanlar i\u00e7in de elinizde tuttu\u011funuz kitap bir \u0131\u015f\u0131k olacakt\u0131r.<\/p>\n","protected":false},"excerpt":{"rendered":"<p>Umar\u0131m size yazaca\u011f\u0131m\u0131z t\u00fcm sat\u0131rlar sanat\u0131 anlaman\u0131z, anlatman\u0131z, sorgulaman\u0131z ve sanat\u0131n e\u011fitim boyutunda sizin de yerinizi alman\u0131z i\u00e7in bir f\u0131rsat olacakt\u0131r.Sanat\u0131 tan\u0131mlamak ne kadar g\u00fc\u00e7se bir<span class=\"excerpt-hellip\"> [\u2026]<\/span><\/p>\n","protected":false},"featured_media":0,"template":"","meta":{"_monsterinsights_skip_tracking":false,"_monsterinsights_sitenote_active":false,"_monsterinsights_sitenote_note":"","_monsterinsights_sitenote_category":0},"product_brand":[],"product_cat":[12573,12566],"product_tag":[],"class_list":{"0":"post-723141","1":"product","2":"type-product","3":"status-publish","5":"product_cat-akademik-kitaplar","6":"product_cat-egitim","7":"pa_cilt-ciltsiz","8":"pa_tur-kitap","9":"pa_yayinevi-egiten-kitap","10":"pa_yazar-kolektif","12":"first","13":"instock","14":"sale","15":"shipping-taxable","16":"purchasable","17":"product-type-simple"},"_links":{"self":[{"href":"https:\/\/roveyayinevi.com.tr\/index.php\/wp-json\/wp\/v2\/product\/723141","targetHints":{"allow":["GET"]}}],"collection":[{"href":"https:\/\/roveyayinevi.com.tr\/index.php\/wp-json\/wp\/v2\/product"}],"about":[{"href":"https:\/\/roveyayinevi.com.tr\/index.php\/wp-json\/wp\/v2\/types\/product"}],"wp:attachment":[{"href":"https:\/\/roveyayinevi.com.tr\/index.php\/wp-json\/wp\/v2\/media?parent=723141"}],"wp:term":[{"taxonomy":"product_brand","embeddable":true,"href":"https:\/\/roveyayinevi.com.tr\/index.php\/wp-json\/wp\/v2\/product_brand?post=723141"},{"taxonomy":"product_cat","embeddable":true,"href":"https:\/\/roveyayinevi.com.tr\/index.php\/wp-json\/wp\/v2\/product_cat?post=723141"},{"taxonomy":"product_tag","embeddable":true,"href":"https:\/\/roveyayinevi.com.tr\/index.php\/wp-json\/wp\/v2\/product_tag?post=723141"}],"curies":[{"name":"wp","href":"https:\/\/api.w.org\/{rel}","templated":true}]}}