{"id":723139,"date":"2025-08-27T19:14:21","date_gmt":"2025-08-27T16:14:21","guid":{"rendered":"https:\/\/roveyayinevi.com.tr\/index.php\/urun\/erken-cocukluk-doneminde-fen-egitimi-2\/"},"modified":"2026-04-16T02:31:02","modified_gmt":"2026-04-15T23:31:02","slug":"erken-cocukluk-doneminde-fen-egitimi-2","status":"publish","type":"product","link":"https:\/\/roveyayinevi.com.tr\/index.php\/urun\/erken-cocukluk-doneminde-fen-egitimi-2\/","title":{"rendered":"Erken \u00c7ocukluk D\u00f6neminde Fen E\u011fitimi"},"content":{"rendered":"<p>Bu kitapla \u00f6\u011fretmenlerin ve \u00f6\u011fretmen adaylar\u0131n\u0131n erken \u00e7ocukluk d\u00f6neminde fen e\u011fitimine y\u00f6nelik uygulamalar\u0131nda rehber olmak ama\u00e7lanmaktad\u0131r. Birinci b\u00f6l\u00fcmde fen e\u011fitiminin \u00f6nemi, ama\u00e7lar\u0131; ikinci b\u00f6l\u00fcmde fen e\u011fitiminde y\u00f6ntemler; \u00fc\u00e7\u00fcnc\u00fc b\u00f6l\u00fcmde fen e\u011fitiminde drama; d\u00f6rd\u00fcnc\u00fc b\u00f6l\u00fcmde yarat\u0131c\u0131l\u0131k ve geli\u015ftirilmesi konular\u0131 anlat\u0131lmaktad\u0131r. Be\u015finci b\u00f6l\u00fcmde ise \u00e7e\u015fitli konularda deney, drama, oyun, bilmece, bulmaca, tekerleme, kavram haritas\u0131, anoloji gibi farkl\u0131 etkinlikleri fen e\u011fitimine y\u00f6nelik \u00f6rnekler verilmektedir.<\/p>\n","protected":false},"excerpt":{"rendered":"<p>Bu kitapla \u00f6\u011fretmenlerin ve \u00f6\u011fretmen adaylar\u0131n\u0131n erken \u00e7ocukluk d\u00f6neminde fen e\u011fitimine y\u00f6nelik uygulamalar\u0131nda rehber olmak ama\u00e7lanmaktad\u0131r. Birinci b\u00f6l\u00fcmde fen e\u011fitiminin \u00f6nemi, ama\u00e7lar\u0131; ikinci b\u00f6l\u00fcmde fen e\u011fitiminde<span class=\"excerpt-hellip\"> [\u2026]<\/span><\/p>\n","protected":false},"featured_media":0,"template":"","meta":{"_monsterinsights_skip_tracking":false,"_monsterinsights_sitenote_active":false,"_monsterinsights_sitenote_note":"","_monsterinsights_sitenote_category":0},"product_brand":[],"product_cat":[12573,12566],"product_tag":[],"class_list":{"0":"post-723139","1":"product","2":"type-product","3":"status-publish","5":"product_cat-akademik-kitaplar","6":"product_cat-egitim","7":"pa_cilt-ciltsiz","8":"pa_tur-kitap","9":"pa_yayinevi-egiten-kitap","10":"pa_yazar-kolektif","12":"first","13":"instock","14":"sale","15":"shipping-taxable","16":"purchasable","17":"product-type-simple"},"_links":{"self":[{"href":"https:\/\/roveyayinevi.com.tr\/index.php\/wp-json\/wp\/v2\/product\/723139","targetHints":{"allow":["GET"]}}],"collection":[{"href":"https:\/\/roveyayinevi.com.tr\/index.php\/wp-json\/wp\/v2\/product"}],"about":[{"href":"https:\/\/roveyayinevi.com.tr\/index.php\/wp-json\/wp\/v2\/types\/product"}],"wp:attachment":[{"href":"https:\/\/roveyayinevi.com.tr\/index.php\/wp-json\/wp\/v2\/media?parent=723139"}],"wp:term":[{"taxonomy":"product_brand","embeddable":true,"href":"https:\/\/roveyayinevi.com.tr\/index.php\/wp-json\/wp\/v2\/product_brand?post=723139"},{"taxonomy":"product_cat","embeddable":true,"href":"https:\/\/roveyayinevi.com.tr\/index.php\/wp-json\/wp\/v2\/product_cat?post=723139"},{"taxonomy":"product_tag","embeddable":true,"href":"https:\/\/roveyayinevi.com.tr\/index.php\/wp-json\/wp\/v2\/product_tag?post=723139"}],"curies":[{"name":"wp","href":"https:\/\/api.w.org\/{rel}","templated":true}]}}