{"id":723136,"date":"2025-08-27T19:14:19","date_gmt":"2025-08-27T16:14:19","guid":{"rendered":"https:\/\/roveyayinevi.com.tr\/index.php\/urun\/basi-dertte-clarice-bean\/"},"modified":"2026-04-16T02:31:02","modified_gmt":"2026-04-15T23:31:02","slug":"basi-dertte-clarice-bean","status":"publish","type":"product","link":"https:\/\/roveyayinevi.com.tr\/index.php\/urun\/basi-dertte-clarice-bean\/","title":{"rendered":"Ba\u015f\u0131 Dertte &#8211; Clarice Bean"},"content":{"rendered":"<p>Hayatta a\u00e7\u0131klanamayan pek \u00e7ok \u015fey var. \u00d6rne\u011fin neden Anane deyip de Anneanne yaz\u0131yoruz? Ve neden a\u011fz\u0131m\u0131z\u0131 a\u00e7mak ba\u015f\u0131m\u0131z\u0131 b\u00fcy\u00fck derde sokabiliyor?Son zamanlarda Clarice Bean\u2019in ba\u015f\u0131 s\u00fcrekli derde giriyor. Hem de neredeyse okulun en yaramaz\u0131 Karl Wrenbury kadar. Oysa Clarice\u2019in tek istedi\u011fi okul piyesinde ba\u015frol\u00fc oynamak ve s\u00f6zc\u00fckleri do\u011fru yazma konusundaki yetene\u011fiyle \u00f6\u011fretmenini etkileyebilmek\u2026\u00dc\u00e7 kitapl\u0131k serinin ikinci maceras\u0131 Clarice Bean, Ba\u015f\u0131 Dertte elinizden d\u00fc\u015f\u00fcremeyece\u011finiz kadar e\u011flenceli!<\/p>\n","protected":false},"excerpt":{"rendered":"<p>Hayatta a\u00e7\u0131klanamayan pek \u00e7ok \u015fey var. \u00d6rne\u011fin neden Anane deyip de Anneanne yaz\u0131yoruz? Ve neden a\u011fz\u0131m\u0131z\u0131 a\u00e7mak ba\u015f\u0131m\u0131z\u0131 b\u00fcy\u00fck derde sokabiliyor?Son zamanlarda Clarice Bean\u2019in ba\u015f\u0131 s\u00fcrekli<span class=\"excerpt-hellip\"> [\u2026]<\/span><\/p>\n","protected":false},"featured_media":0,"template":"","meta":{"_monsterinsights_skip_tracking":false,"_monsterinsights_sitenote_active":false,"_monsterinsights_sitenote_note":"","_monsterinsights_sitenote_category":0},"product_brand":[],"product_cat":[12274,12284],"product_tag":[],"class_list":{"0":"post-723136","1":"product","2":"type-product","3":"status-publish","5":"product_cat-cocuk-ve-genclik-kitaplari","6":"product_cat-hikayeler","7":"pa_cilt-ciltsiz","8":"pa_tur-kitap","9":"pa_yayinevi-redhouse-kidz-yayinlari","10":"pa_yazar-lauren-child","12":"first","13":"instock","14":"sale","15":"shipping-taxable","16":"purchasable","17":"product-type-simple"},"_links":{"self":[{"href":"https:\/\/roveyayinevi.com.tr\/index.php\/wp-json\/wp\/v2\/product\/723136","targetHints":{"allow":["GET"]}}],"collection":[{"href":"https:\/\/roveyayinevi.com.tr\/index.php\/wp-json\/wp\/v2\/product"}],"about":[{"href":"https:\/\/roveyayinevi.com.tr\/index.php\/wp-json\/wp\/v2\/types\/product"}],"wp:attachment":[{"href":"https:\/\/roveyayinevi.com.tr\/index.php\/wp-json\/wp\/v2\/media?parent=723136"}],"wp:term":[{"taxonomy":"product_brand","embeddable":true,"href":"https:\/\/roveyayinevi.com.tr\/index.php\/wp-json\/wp\/v2\/product_brand?post=723136"},{"taxonomy":"product_cat","embeddable":true,"href":"https:\/\/roveyayinevi.com.tr\/index.php\/wp-json\/wp\/v2\/product_cat?post=723136"},{"taxonomy":"product_tag","embeddable":true,"href":"https:\/\/roveyayinevi.com.tr\/index.php\/wp-json\/wp\/v2\/product_tag?post=723136"}],"curies":[{"name":"wp","href":"https:\/\/api.w.org\/{rel}","templated":true}]}}