{"id":723135,"date":"2025-08-27T19:14:18","date_gmt":"2025-08-27T16:14:18","guid":{"rendered":"https:\/\/roveyayinevi.com.tr\/index.php\/urun\/caktirma-clarice-bean\/"},"modified":"2026-04-12T02:37:19","modified_gmt":"2026-04-11T23:37:19","slug":"caktirma-clarice-bean","status":"publish","type":"product","link":"https:\/\/roveyayinevi.com.tr\/index.php\/urun\/caktirma-clarice-bean\/","title":{"rendered":"\u00c7akt\u0131rma &#8211; Clarice Bean"},"content":{"rendered":"<p>Hakk\u0131nda kayg\u0131lanmay\u0131 hi\u00e7 d\u00fc\u015f\u00fcnmedi\u011finiz kayg\u0131, sizi en \u00e7ok kayg\u0131land\u0131rmas\u0131 gereken kayg\u0131d\u0131r. En az\u0131ndan Clarice Bean \u00f6yle oldu\u011funu d\u00fc\u015f\u00fcn\u00fcyor.Clarice kayg\u0131lar\u0131 i\u00e7in bir defter tutuyor. \u00d6rne\u011fin \u201cKayg\u0131 no. 1: sonsuzluk\u201d ya da \u201cKayg\u0131 no. 3: de\u011fi\u015fim\u201d.\u015eanss\u0131zl\u0131\u011f\u0131na bak\u0131n ki tam da kayg\u0131land\u0131\u011f\u0131 gibi Clarice\u2019in en iyi arkada\u015f\u0131 ans\u0131z\u0131n ba\u015fka bir \u00fclkeye ta\u015f\u0131n\u0131yor. Art\u0131k o \u00e7ok sevdi\u011fi dedektif Ruby Redfort kitaplar\u0131ndan uyarlanan filmin ilk g\u00f6sterimine bileti olmas\u0131n\u0131n hi\u00e7 \u00f6nemi kalmad\u0131. Ta ki beklenmedik bir durum her \u015feyi de\u011fi\u015ftirene kadar\u2026Serinin son kitab\u0131 Clarice Bean, \u00c7akt\u0131rma gizem ve e\u011flence dolu bir macera!<\/p>\n","protected":false},"excerpt":{"rendered":"<p>Hakk\u0131nda kayg\u0131lanmay\u0131 hi\u00e7 d\u00fc\u015f\u00fcnmedi\u011finiz kayg\u0131, sizi en \u00e7ok kayg\u0131land\u0131rmas\u0131 gereken kayg\u0131d\u0131r. En az\u0131ndan Clarice Bean \u00f6yle oldu\u011funu d\u00fc\u015f\u00fcn\u00fcyor.Clarice kayg\u0131lar\u0131 i\u00e7in bir defter tutuyor. \u00d6rne\u011fin \u201cKayg\u0131 no.<span class=\"excerpt-hellip\"> [\u2026]<\/span><\/p>\n","protected":false},"featured_media":0,"template":"","meta":{"_monsterinsights_skip_tracking":false,"_monsterinsights_sitenote_active":false,"_monsterinsights_sitenote_note":"","_monsterinsights_sitenote_category":0},"product_brand":[],"product_cat":[12274,12284],"product_tag":[],"class_list":{"0":"post-723135","1":"product","2":"type-product","3":"status-publish","5":"product_cat-cocuk-ve-genclik-kitaplari","6":"product_cat-hikayeler","7":"pa_cilt-ciltsiz","8":"pa_tur-kitap","9":"pa_yayinevi-redhouse-kidz-yayinlari","10":"pa_yazar-lauren-child","12":"first","13":"instock","14":"sale","15":"shipping-taxable","16":"purchasable","17":"product-type-simple"},"_links":{"self":[{"href":"https:\/\/roveyayinevi.com.tr\/index.php\/wp-json\/wp\/v2\/product\/723135","targetHints":{"allow":["GET"]}}],"collection":[{"href":"https:\/\/roveyayinevi.com.tr\/index.php\/wp-json\/wp\/v2\/product"}],"about":[{"href":"https:\/\/roveyayinevi.com.tr\/index.php\/wp-json\/wp\/v2\/types\/product"}],"wp:attachment":[{"href":"https:\/\/roveyayinevi.com.tr\/index.php\/wp-json\/wp\/v2\/media?parent=723135"}],"wp:term":[{"taxonomy":"product_brand","embeddable":true,"href":"https:\/\/roveyayinevi.com.tr\/index.php\/wp-json\/wp\/v2\/product_brand?post=723135"},{"taxonomy":"product_cat","embeddable":true,"href":"https:\/\/roveyayinevi.com.tr\/index.php\/wp-json\/wp\/v2\/product_cat?post=723135"},{"taxonomy":"product_tag","embeddable":true,"href":"https:\/\/roveyayinevi.com.tr\/index.php\/wp-json\/wp\/v2\/product_tag?post=723135"}],"curies":[{"name":"wp","href":"https:\/\/api.w.org\/{rel}","templated":true}]}}