{"id":723132,"date":"2025-08-27T19:14:16","date_gmt":"2025-08-27T16:14:16","guid":{"rendered":"https:\/\/roveyayinevi.com.tr\/index.php\/urun\/cocukluktan-eriskinlige-otizm-spektrum-bozuklugu\/"},"modified":"2026-04-16T02:31:02","modified_gmt":"2026-04-15T23:31:02","slug":"cocukluktan-eriskinlige-otizm-spektrum-bozuklugu","status":"publish","type":"product","link":"https:\/\/roveyayinevi.com.tr\/index.php\/urun\/cocukluktan-eriskinlige-otizm-spektrum-bozuklugu\/","title":{"rendered":"\u00c7ocukluktan Eri\u015fkinli\u011fe Otizm Spektrum Bozuklu\u011fu"},"content":{"rendered":"<p>Bu kitap, otizmli bir \u00e7ocuk veya yeti\u015fkin ile bire bir temas halinde olan aile hekimleri, \u00f6\u011fretmenler, psikologlar ve aile bireylerinin bu bozuklu\u011fu daha iyi anlayabilmeleri ve son bilimsel veriler \u0131\u015f\u0131\u011f\u0131nda ak\u0131llar\u0131ndaki sorular\u0131 cevaplayabilmeleri i\u00e7in haz\u0131rlanm\u0131\u015ft\u0131r. Kitapta otizmin tan\u0131m\u0131, nedenleri, klinik \u00f6zellikleri, tan\u0131 ve tedavisi ile ilgili g\u00fcncel bilgilerin yan\u0131 s\u0131ra otizm alan\u0131nda geri planda kalan eri\u015fkenlik d\u00f6nemine de \u00f6zellikle e\u011filim sa\u011flanmaya \u00e7al\u0131\u015f\u0131lm\u0131\u015ft\u0131r.<\/p>\n","protected":false},"excerpt":{"rendered":"<p>Bu kitap, otizmli bir \u00e7ocuk veya yeti\u015fkin ile bire bir temas halinde olan aile hekimleri, \u00f6\u011fretmenler, psikologlar ve aile bireylerinin bu bozuklu\u011fu daha iyi anlayabilmeleri ve<span class=\"excerpt-hellip\"> [\u2026]<\/span><\/p>\n","protected":false},"featured_media":0,"template":"","meta":{"_monsterinsights_skip_tracking":false,"_monsterinsights_sitenote_active":false,"_monsterinsights_sitenote_note":"","_monsterinsights_sitenote_category":0},"product_brand":[],"product_cat":[12573,12566],"product_tag":[],"class_list":{"0":"post-723132","1":"product","2":"type-product","3":"status-publish","5":"product_cat-akademik-kitaplar","6":"product_cat-egitim","7":"pa_cilt-ciltsiz","8":"pa_tur-kitap","9":"pa_yayinevi-egiten-kitap","10":"pa_yazar-murat-eyuboglu","12":"first","13":"instock","14":"sale","15":"shipping-taxable","16":"purchasable","17":"product-type-simple"},"_links":{"self":[{"href":"https:\/\/roveyayinevi.com.tr\/index.php\/wp-json\/wp\/v2\/product\/723132","targetHints":{"allow":["GET"]}}],"collection":[{"href":"https:\/\/roveyayinevi.com.tr\/index.php\/wp-json\/wp\/v2\/product"}],"about":[{"href":"https:\/\/roveyayinevi.com.tr\/index.php\/wp-json\/wp\/v2\/types\/product"}],"wp:attachment":[{"href":"https:\/\/roveyayinevi.com.tr\/index.php\/wp-json\/wp\/v2\/media?parent=723132"}],"wp:term":[{"taxonomy":"product_brand","embeddable":true,"href":"https:\/\/roveyayinevi.com.tr\/index.php\/wp-json\/wp\/v2\/product_brand?post=723132"},{"taxonomy":"product_cat","embeddable":true,"href":"https:\/\/roveyayinevi.com.tr\/index.php\/wp-json\/wp\/v2\/product_cat?post=723132"},{"taxonomy":"product_tag","embeddable":true,"href":"https:\/\/roveyayinevi.com.tr\/index.php\/wp-json\/wp\/v2\/product_tag?post=723132"}],"curies":[{"name":"wp","href":"https:\/\/api.w.org\/{rel}","templated":true}]}}