{"id":723131,"date":"2025-08-27T19:14:16","date_gmt":"2025-08-27T16:14:16","guid":{"rendered":"https:\/\/roveyayinevi.com.tr\/index.php\/urun\/cocuk-sagligi-ve-hastaliklari-ilk-yardim\/"},"modified":"2026-04-16T02:31:01","modified_gmt":"2026-04-15T23:31:01","slug":"cocuk-sagligi-ve-hastaliklari-ilk-yardim","status":"publish","type":"product","link":"https:\/\/roveyayinevi.com.tr\/index.php\/urun\/cocuk-sagligi-ve-hastaliklari-ilk-yardim\/","title":{"rendered":"\u00c7ocuk Sa\u011fl\u0131\u011f\u0131 ve Hastal\u0131klar\u0131 &#8211; \u0130lk Yard\u0131m"},"content":{"rendered":"<p>Bu kitap \u00e7ocuk sa\u011fl\u0131\u011f\u0131 alan\u0131na g\u00f6n\u00fcl vermi\u015f \u00e7ok say\u0131da uzman\u0131n katk\u0131lar\u0131 ile ortaya \u00e7\u0131km\u0131\u015ft\u0131r. Amac\u0131m\u0131z, \u00e7ocuk sa\u011fl\u0131\u011f\u0131 ile ilgili olarak her basamakta ya da alanda g\u00f6rev yapan meslek elemanlar\u0131n\u0131n ba\u015fvurabilecekleri bir kaynak olu\u015fturmakt\u0131r.<\/p>\n","protected":false},"excerpt":{"rendered":"<p>Bu kitap \u00e7ocuk sa\u011fl\u0131\u011f\u0131 alan\u0131na g\u00f6n\u00fcl vermi\u015f \u00e7ok say\u0131da uzman\u0131n katk\u0131lar\u0131 ile ortaya \u00e7\u0131km\u0131\u015ft\u0131r. Amac\u0131m\u0131z, \u00e7ocuk sa\u011fl\u0131\u011f\u0131 ile ilgili olarak her basamakta ya da alanda g\u00f6rev<span class=\"excerpt-hellip\"> [\u2026]<\/span><\/p>\n","protected":false},"featured_media":0,"template":"","meta":{"_monsterinsights_skip_tracking":false,"_monsterinsights_sitenote_active":false,"_monsterinsights_sitenote_note":"","_monsterinsights_sitenote_category":0},"product_brand":[],"product_cat":[12573,12566],"product_tag":[],"class_list":{"0":"post-723131","1":"product","2":"type-product","3":"status-publish","5":"product_cat-akademik-kitaplar","6":"product_cat-egitim","7":"pa_cilt-ciltsiz","8":"pa_tur-kitap","9":"pa_yayinevi-egiten-kitap","10":"pa_yazar-didem-yucel-elitez","12":"first","13":"instock","14":"sale","15":"shipping-taxable","16":"purchasable","17":"product-type-simple"},"_links":{"self":[{"href":"https:\/\/roveyayinevi.com.tr\/index.php\/wp-json\/wp\/v2\/product\/723131","targetHints":{"allow":["GET"]}}],"collection":[{"href":"https:\/\/roveyayinevi.com.tr\/index.php\/wp-json\/wp\/v2\/product"}],"about":[{"href":"https:\/\/roveyayinevi.com.tr\/index.php\/wp-json\/wp\/v2\/types\/product"}],"wp:attachment":[{"href":"https:\/\/roveyayinevi.com.tr\/index.php\/wp-json\/wp\/v2\/media?parent=723131"}],"wp:term":[{"taxonomy":"product_brand","embeddable":true,"href":"https:\/\/roveyayinevi.com.tr\/index.php\/wp-json\/wp\/v2\/product_brand?post=723131"},{"taxonomy":"product_cat","embeddable":true,"href":"https:\/\/roveyayinevi.com.tr\/index.php\/wp-json\/wp\/v2\/product_cat?post=723131"},{"taxonomy":"product_tag","embeddable":true,"href":"https:\/\/roveyayinevi.com.tr\/index.php\/wp-json\/wp\/v2\/product_tag?post=723131"}],"curies":[{"name":"wp","href":"https:\/\/api.w.org\/{rel}","templated":true}]}}