{"id":723130,"date":"2025-08-27T19:14:15","date_gmt":"2025-08-27T16:14:15","guid":{"rendered":"https:\/\/roveyayinevi.com.tr\/index.php\/urun\/cevre-egitimi-2\/"},"modified":"2026-04-16T02:31:01","modified_gmt":"2026-04-15T23:31:01","slug":"cevre-egitimi-2","status":"publish","type":"product","link":"https:\/\/roveyayinevi.com.tr\/index.php\/urun\/cevre-egitimi-2\/","title":{"rendered":"\u00c7evre E\u011fitimi"},"content":{"rendered":"<p>Y\u00d6K taraf\u0131ndan 2018-2019 \u00f6\u011fretim y\u0131l\u0131ndan itibaren \u00fclkemizde \u00f6\u011fretmen yeti\u015ftiren e\u011fitim fak\u00fcltelerinin g\u00fcncellenen programlar\u0131nda \u00c7evre E\u011fitimi ile ilgili derslere, \u00e7e\u015fitli b\u00f6l\u00fcmlerin ve farkl\u0131 d\u00f6nemlerinde yer verilmi\u015ftir.Bu ihtiya\u00e7tan yola \u00e7\u0131k\u0131larak haz\u0131rlanan kitapta, Tarihi S\u00fcre\u00e7te T\u00fcrklerde \u00c7evre Bilinci, S\u00fcrd\u00fcr\u00fclebilir\u00c7evre E\u011fitimi, Ekoloji \u0130le \u0130lgili Temel Kavramlar, Ekosistemlerin Genel \u00d6zellikleri, Karasal-SuculEkosistemler ve Madde D\u00f6ng\u00fcleri, Biyo\u00e7e\u015fitlilik, \u00c7evre Sorunlar\u0131 \u2013 \u00c7evre Problemleri, S\u00fcrd\u00fcr\u00fclebilir\u00c7evre E\u011fitimi A\u00e7\u0131s\u0131ndan \u0130lkokul ve Okul \u00d6ncesi \u00d6\u011fretim Program\u0131n De\u011ferlendirilmesi, \u00c7evre Eti\u011fi,Okul \u00d6ncesi ve \u0130lkokul \u00d6\u011frencileri \u0130\u00e7in \u00c7evre Etkinlikler\u201d konular\u0131n\u0131 yer verilmi\u015ftir.<\/p>\n","protected":false},"excerpt":{"rendered":"<p>Y\u00d6K taraf\u0131ndan 2018-2019 \u00f6\u011fretim y\u0131l\u0131ndan itibaren \u00fclkemizde \u00f6\u011fretmen yeti\u015ftiren e\u011fitim fak\u00fcltelerinin g\u00fcncellenen programlar\u0131nda \u00c7evre E\u011fitimi ile ilgili derslere, \u00e7e\u015fitli b\u00f6l\u00fcmlerin ve farkl\u0131 d\u00f6nemlerinde yer verilmi\u015ftir.Bu ihtiya\u00e7tan<span class=\"excerpt-hellip\"> [\u2026]<\/span><\/p>\n","protected":false},"featured_media":0,"template":"","meta":{"_monsterinsights_skip_tracking":false,"_monsterinsights_sitenote_active":false,"_monsterinsights_sitenote_note":"","_monsterinsights_sitenote_category":0},"product_brand":[],"product_cat":[12573,12566],"product_tag":[],"class_list":{"0":"post-723130","1":"product","2":"type-product","3":"status-publish","5":"product_cat-akademik-kitaplar","6":"product_cat-egitim","7":"pa_cilt-ciltsiz","8":"pa_tur-kitap","9":"pa_yayinevi-egiten-kitap","10":"pa_yazar-murat-kurt","12":"first","13":"instock","14":"sale","15":"shipping-taxable","16":"purchasable","17":"product-type-simple"},"_links":{"self":[{"href":"https:\/\/roveyayinevi.com.tr\/index.php\/wp-json\/wp\/v2\/product\/723130","targetHints":{"allow":["GET"]}}],"collection":[{"href":"https:\/\/roveyayinevi.com.tr\/index.php\/wp-json\/wp\/v2\/product"}],"about":[{"href":"https:\/\/roveyayinevi.com.tr\/index.php\/wp-json\/wp\/v2\/types\/product"}],"wp:attachment":[{"href":"https:\/\/roveyayinevi.com.tr\/index.php\/wp-json\/wp\/v2\/media?parent=723130"}],"wp:term":[{"taxonomy":"product_brand","embeddable":true,"href":"https:\/\/roveyayinevi.com.tr\/index.php\/wp-json\/wp\/v2\/product_brand?post=723130"},{"taxonomy":"product_cat","embeddable":true,"href":"https:\/\/roveyayinevi.com.tr\/index.php\/wp-json\/wp\/v2\/product_cat?post=723130"},{"taxonomy":"product_tag","embeddable":true,"href":"https:\/\/roveyayinevi.com.tr\/index.php\/wp-json\/wp\/v2\/product_tag?post=723130"}],"curies":[{"name":"wp","href":"https:\/\/api.w.org\/{rel}","templated":true}]}}