{"id":723129,"date":"2025-08-27T19:14:14","date_gmt":"2025-08-27T16:14:14","guid":{"rendered":"https:\/\/roveyayinevi.com.tr\/index.php\/urun\/21-yuzyil-egitiminde-6c-modeli\/"},"modified":"2026-04-16T02:31:01","modified_gmt":"2026-04-15T23:31:01","slug":"21-yuzyil-egitiminde-6c-modeli","status":"publish","type":"product","link":"https:\/\/roveyayinevi.com.tr\/index.php\/urun\/21-yuzyil-egitiminde-6c-modeli\/","title":{"rendered":"21. Y\u00fczy\u0131l E\u011fitiminde 6C Modeli"},"content":{"rendered":"<p>21. y\u00fczy\u0131l hayat\u0131m\u0131za sirayet eti\u011fi pek \u00e7ok yenilikle, de\u011fi\u015fim ve d\u00f6n\u00fc\u015f\u00fcm \u00e7a\u011f\u0131 olarak nitelendirilmektedir.Bu d\u00f6n\u00fc\u015f\u00fcm s\u00fcrecinin ba\u015f akt\u00f6rlerinden biri hi\u00e7 \u015f\u00fcphesiz bilgi-ileti\u015fim teknolojilerindeki geli\u015fmeler olmu\u015ftur. Bu durum 21. Y\u00fczy\u0131l i\u00e7erisinde geli\u015fmi\u015f \u00fclkeler aras\u0131nda \u00fcretim, bulu\u015f yapma ve teknolojik geli\u015fme alanlar\u0131ndaki yar\u0131\u015f iyice h\u0131zlanm\u0131\u015ft\u0131r. Geli\u015fen teknolojiyle 21.YY gelindi\u011finde bilgiye ula\u015fmak daha kolayla\u015fm\u0131\u015f Bili\u015fim \u00c7a\u011f\u0131 ortaya \u00e7\u0131km\u0131\u015ft\u0131r. Uza\u011f\u0131 yak\u0131n, bilinmeyenleri bir tu\u015fla bilinebilir k\u0131lan bu de\u011fi\u015fim alan\u0131, bireylerin g\u00fcnl\u00fck ya\u015fam\u0131 \u00fczerinde oldu\u011fu kadar bireyin \u00e7evresi ile aras\u0131ndaki ili\u015fkileri de derinden etkilemi\u015ftir. Bu kapsamda, bir yandan birey kendisini ke\u015ffederek geli\u015ftirmesi di\u011fer yandan da \u00e7evresine uyum g\u00f6stermesi elzemdir.Bu kitap, 21. Y\u00fczy\u0131lda erken \u00e7ocukluk e\u011fitim modellerinden 6C\u2019yi g\u00fcncel geli\u015fme ve tart\u0131\u015fmalar \u00e7er\u00e7evesinde ele almay\u0131 ve detayl\u0131 bir okuma \u00e7er\u00e7evesi sunmay\u0131 ama\u00e7lamaktad\u0131r.<\/p>\n","protected":false},"excerpt":{"rendered":"<p>21. y\u00fczy\u0131l hayat\u0131m\u0131za sirayet eti\u011fi pek \u00e7ok yenilikle, de\u011fi\u015fim ve d\u00f6n\u00fc\u015f\u00fcm \u00e7a\u011f\u0131 olarak nitelendirilmektedir.Bu d\u00f6n\u00fc\u015f\u00fcm s\u00fcrecinin ba\u015f akt\u00f6rlerinden biri hi\u00e7 \u015f\u00fcphesiz bilgi-ileti\u015fim teknolojilerindeki geli\u015fmeler olmu\u015ftur. Bu<span class=\"excerpt-hellip\"> [\u2026]<\/span><\/p>\n","protected":false},"featured_media":0,"template":"","meta":{"_monsterinsights_skip_tracking":false,"_monsterinsights_sitenote_active":false,"_monsterinsights_sitenote_note":"","_monsterinsights_sitenote_category":0},"product_brand":[],"product_cat":[12573,12566],"product_tag":[],"class_list":{"0":"post-723129","1":"product","2":"type-product","3":"status-publish","5":"product_cat-akademik-kitaplar","6":"product_cat-egitim","7":"pa_cilt-ciltsiz","8":"pa_tur-kitap","9":"pa_yayinevi-egiten-kitap","10":"pa_yazar-kolektif","12":"first","13":"instock","14":"sale","15":"shipping-taxable","16":"purchasable","17":"product-type-simple"},"_links":{"self":[{"href":"https:\/\/roveyayinevi.com.tr\/index.php\/wp-json\/wp\/v2\/product\/723129","targetHints":{"allow":["GET"]}}],"collection":[{"href":"https:\/\/roveyayinevi.com.tr\/index.php\/wp-json\/wp\/v2\/product"}],"about":[{"href":"https:\/\/roveyayinevi.com.tr\/index.php\/wp-json\/wp\/v2\/types\/product"}],"wp:attachment":[{"href":"https:\/\/roveyayinevi.com.tr\/index.php\/wp-json\/wp\/v2\/media?parent=723129"}],"wp:term":[{"taxonomy":"product_brand","embeddable":true,"href":"https:\/\/roveyayinevi.com.tr\/index.php\/wp-json\/wp\/v2\/product_brand?post=723129"},{"taxonomy":"product_cat","embeddable":true,"href":"https:\/\/roveyayinevi.com.tr\/index.php\/wp-json\/wp\/v2\/product_cat?post=723129"},{"taxonomy":"product_tag","embeddable":true,"href":"https:\/\/roveyayinevi.com.tr\/index.php\/wp-json\/wp\/v2\/product_tag?post=723129"}],"curies":[{"name":"wp","href":"https:\/\/api.w.org\/{rel}","templated":true}]}}