{"id":723128,"date":"2025-08-27T19:14:14","date_gmt":"2025-08-27T16:14:14","guid":{"rendered":"https:\/\/roveyayinevi.com.tr\/index.php\/urun\/turkiye-uzerinde-1945-kabusu\/"},"modified":"2026-04-16T02:31:01","modified_gmt":"2026-04-15T23:31:01","slug":"turkiye-uzerinde-1945-kabusu","status":"publish","type":"product","link":"https:\/\/roveyayinevi.com.tr\/index.php\/urun\/turkiye-uzerinde-1945-kabusu\/","title":{"rendered":"T\u00fcrkiye \u00dczerinde 1945 Kabusu"},"content":{"rendered":"<p>Metin Toker\u2019in bu eserinin kitap haline gelmeden \u00f6nce ola\u011fan\u00fcst\u00fc bir kaderi oldu. Ara\u015ft\u0131rma, Ankara Televizyonunda \u00fc\u00e7 program halinde yay\u0131nland\u0131. \u00d6z\u00fc Milliyet gazetesinde bir ay s\u00fcreyle tefrika edildi. Kitab\u0131n ilk bask\u0131s\u0131 yap\u0131l\u0131rken \u0130ngilizceye terc\u00fcme hakk\u0131 \u00fczerinde bir yabanc\u0131 yay\u0131nevi ile g\u00f6r\u00fc\u015fmeler yap\u0131l\u0131yordu ve baz\u0131 Amerikan \u00fcniversiteleri ayr\u0131 tekliflerde bulunuyordu.Bilgi Yay\u0131nevi, \u0130kinci D\u00fcnya Sava\u015f\u0131 sonunda d\u00fcnya devi haline gelmi\u015f Sovyetler\u2019in bask\u0131s\u0131yla k\u00f6\u015feye s\u0131k\u0131\u015ft\u0131r\u0131lmaya \u00e7al\u0131\u015f\u0131lan ve t\u00fcm bask\u0131lara direnen, ba\u011f\u0131ms\u0131zl\u0131\u011f\u0131ndan \u00f6d\u00fcn vermeyen T\u00fcrkiye\u2019nin o d\u00f6nemdeki t\u00fcm ad\u0131mlar\u0131n\u0131 bir bir anlatan T\u00fcrkiye \u00dczerinde 1945 K\u00e2busu\u2019nun tam metnini, yeni bask\u0131s\u0131yla okuyuculara sunuyor.<\/p>\n","protected":false},"excerpt":{"rendered":"<p>Metin Toker\u2019in bu eserinin kitap haline gelmeden \u00f6nce ola\u011fan\u00fcst\u00fc bir kaderi oldu. Ara\u015ft\u0131rma, Ankara Televizyonunda \u00fc\u00e7 program halinde yay\u0131nland\u0131. \u00d6z\u00fc Milliyet gazetesinde bir ay s\u00fcreyle tefrika<span class=\"excerpt-hellip\"> [\u2026]<\/span><\/p>\n","protected":false},"featured_media":0,"template":"","meta":{"_monsterinsights_skip_tracking":false,"_monsterinsights_sitenote_active":false,"_monsterinsights_sitenote_note":"","_monsterinsights_sitenote_category":0},"product_brand":[],"product_cat":[13590,12337],"product_tag":[],"class_list":{"0":"post-723128","1":"product","2":"type-product","3":"status-publish","5":"product_cat-arastirma-inceleme-politika-siyaset","6":"product_cat-politika-siyaset","7":"pa_cilt-ciltsiz","8":"pa_tur-kitap","9":"pa_yayinevi-bilgi-yayinevi","10":"pa_yazar-metin-toker","12":"first","13":"instock","14":"sale","15":"shipping-taxable","16":"purchasable","17":"product-type-simple"},"_links":{"self":[{"href":"https:\/\/roveyayinevi.com.tr\/index.php\/wp-json\/wp\/v2\/product\/723128","targetHints":{"allow":["GET"]}}],"collection":[{"href":"https:\/\/roveyayinevi.com.tr\/index.php\/wp-json\/wp\/v2\/product"}],"about":[{"href":"https:\/\/roveyayinevi.com.tr\/index.php\/wp-json\/wp\/v2\/types\/product"}],"wp:attachment":[{"href":"https:\/\/roveyayinevi.com.tr\/index.php\/wp-json\/wp\/v2\/media?parent=723128"}],"wp:term":[{"taxonomy":"product_brand","embeddable":true,"href":"https:\/\/roveyayinevi.com.tr\/index.php\/wp-json\/wp\/v2\/product_brand?post=723128"},{"taxonomy":"product_cat","embeddable":true,"href":"https:\/\/roveyayinevi.com.tr\/index.php\/wp-json\/wp\/v2\/product_cat?post=723128"},{"taxonomy":"product_tag","embeddable":true,"href":"https:\/\/roveyayinevi.com.tr\/index.php\/wp-json\/wp\/v2\/product_tag?post=723128"}],"curies":[{"name":"wp","href":"https:\/\/api.w.org\/{rel}","templated":true}]}}