{"id":723126,"date":"2025-08-27T19:14:13","date_gmt":"2025-08-27T16:14:13","guid":{"rendered":"https:\/\/roveyayinevi.com.tr\/index.php\/urun\/tecrubenin-isiginda-genc-aydinlikcilar\/"},"modified":"2026-04-16T02:31:01","modified_gmt":"2026-04-15T23:31:01","slug":"tecrubenin-isiginda-genc-aydinlikcilar","status":"publish","type":"product","link":"https:\/\/roveyayinevi.com.tr\/index.php\/urun\/tecrubenin-isiginda-genc-aydinlikcilar\/","title":{"rendered":"Tecr\u00fcbenin I\u015f\u0131\u011f\u0131nda Gen\u00e7 Ayd\u0131nl\u0131k\u00e7\u0131lar"},"content":{"rendered":"<p>\u201cToplumlar, b\u00fcy\u00fck kararlara en \u00f6nde gen\u00e7li\u011fiyle y\u00fcr\u00fcr. Hele T\u00fcrk milleti! Gen\u00e7 T\u00fcrk kavram\u0131, d\u00fcnya \u00f6l\u00e7e\u011findedir.Gen\u00e7 T\u00fcrkler, \u00f6n cephedir, T\u00fcrk milletinin fedailer m\u00fcfrezesidir.Bug\u00fcn Vatan Partisi \u00d6nc\u00fc Gen\u00e7lik, T\u00fcrkiye gen\u00e7li\u011finin \u00f6nderidir ve milletin umududur.Gen\u00e7li\u011fin aya\u011fa kalk\u0131\u015f\u0131, T\u00fcrkiye\u2019nin \u00e7a\u011f de\u011fi\u015fikli\u011finin i\u015faretidir.\u201d<\/p>\n","protected":false},"excerpt":{"rendered":"<p>\u201cToplumlar, b\u00fcy\u00fck kararlara en \u00f6nde gen\u00e7li\u011fiyle y\u00fcr\u00fcr. Hele T\u00fcrk milleti! Gen\u00e7 T\u00fcrk kavram\u0131, d\u00fcnya \u00f6l\u00e7e\u011findedir.Gen\u00e7 T\u00fcrkler, \u00f6n cephedir, T\u00fcrk milletinin fedailer m\u00fcfrezesidir.Bug\u00fcn Vatan Partisi \u00d6nc\u00fc Gen\u00e7lik,<span class=\"excerpt-hellip\"> [\u2026]<\/span><\/p>\n","protected":false},"featured_media":0,"template":"","meta":{"_monsterinsights_skip_tracking":false,"_monsterinsights_sitenote_active":false,"_monsterinsights_sitenote_note":"","_monsterinsights_sitenote_category":0},"product_brand":[],"product_cat":[13059,12337],"product_tag":[],"class_list":{"0":"post-723126","1":"product","2":"type-product","3":"status-publish","5":"product_cat-diger-politika-siyaset","6":"product_cat-politika-siyaset","7":"pa_cilt-ciltsiz","8":"pa_tur-kitap","9":"pa_yayinevi-kaynak-yayinlari","10":"pa_yazar-ozgur-bursali","12":"first","13":"instock","14":"sale","15":"shipping-taxable","16":"purchasable","17":"product-type-simple"},"_links":{"self":[{"href":"https:\/\/roveyayinevi.com.tr\/index.php\/wp-json\/wp\/v2\/product\/723126","targetHints":{"allow":["GET"]}}],"collection":[{"href":"https:\/\/roveyayinevi.com.tr\/index.php\/wp-json\/wp\/v2\/product"}],"about":[{"href":"https:\/\/roveyayinevi.com.tr\/index.php\/wp-json\/wp\/v2\/types\/product"}],"wp:attachment":[{"href":"https:\/\/roveyayinevi.com.tr\/index.php\/wp-json\/wp\/v2\/media?parent=723126"}],"wp:term":[{"taxonomy":"product_brand","embeddable":true,"href":"https:\/\/roveyayinevi.com.tr\/index.php\/wp-json\/wp\/v2\/product_brand?post=723126"},{"taxonomy":"product_cat","embeddable":true,"href":"https:\/\/roveyayinevi.com.tr\/index.php\/wp-json\/wp\/v2\/product_cat?post=723126"},{"taxonomy":"product_tag","embeddable":true,"href":"https:\/\/roveyayinevi.com.tr\/index.php\/wp-json\/wp\/v2\/product_tag?post=723126"}],"curies":[{"name":"wp","href":"https:\/\/api.w.org\/{rel}","templated":true}]}}