{"id":723125,"date":"2025-08-27T19:14:12","date_gmt":"2025-08-27T16:14:12","guid":{"rendered":"https:\/\/roveyayinevi.com.tr\/index.php\/urun\/emdr-ve-cocuklarla-psikoterapi-sanati\/"},"modified":"2026-04-16T02:31:01","modified_gmt":"2026-04-15T23:31:01","slug":"emdr-ve-cocuklarla-psikoterapi-sanati","status":"publish","type":"product","link":"https:\/\/roveyayinevi.com.tr\/index.php\/urun\/emdr-ve-cocuklarla-psikoterapi-sanati\/","title":{"rendered":"EMDR ve \u00c7ocuklarla Psikoterapi Sanat\u0131"},"content":{"rendered":"<p>Travmatik olaylar, \u00e7ocuklar\u0131n sa\u011fl\u0131kl\u0131 n\u00f6rolojik ve ruhsal geli\u015fimlerini, ayr\u0131ca hayatlar\u0131ndaki tu\u0308m gelecek deneyimleri olumsuz etkileyebilen \u00f6nemli ya\u015fam olaylar\u0131d\u0131r. Bu tu\u0308r olaylarda birey, ya\u015fant\u0131s\u0131na du\u0308\u011fu\u0308mlenmi\u015f bir bili\u015fsel materyalle devam eder. G\u00f6z Hareketleri ile Duyars\u0131zla\u015ft\u0131rma ve Yeniden \u0130\u015fleme (EMDR) terapisi, bireyin i\u015flevsiz bi\u00e7imde depolanm\u0131\u015f bu materyaline y\u00f6nelik sekiz a\u015famal\u0131 bir tedavi sunarak onun sa\u011fl\u0131kl\u0131 haline geri d\u00f6nmesini sa\u011flar. EMDR terapisi, \u00e7ocuklarda da kan\u0131ta dayal\u0131 bir uygulama olarak kabul edilir. Ancak terapi a\u015famalar\u0131, \u00e7ocu\u011fun geli\u015fimsel ihtiya\u00e7lar\u0131n\u0131 kar\u015f\u0131layacak bi\u00e7imde ayarlanmal\u0131d\u0131r.   Bu kitap, Tu\u0308rk\u00e7eye kazand\u0131r\u0131lm\u0131\u015f ilk \u00e7ocukla EMDR kitab\u0131 olma \u00f6zelli\u011findedir. EMDR ve \u00c7ocuklarla Psikoterapi Sanat\u0131 ile uygulay\u0131c\u0131lar, EMDR terapisinin sekiz a\u015famas\u0131n\u0131 bebekler, oyun \u00e7a\u011f\u0131 \u00e7ocuklar\u0131, okul\u00f6ncesi \u00e7ocuklar, okul \u00e7a\u011f\u0131 \u00e7ocuklar\u0131, \u00f6nergenler ve ergenler i\u00e7in geli\u015fimsel bir bak\u0131\u015f a\u00e7\u0131s\u0131yla nas\u0131l kullanacaklar\u0131n\u0131 \u00f6\u011freneceklerdir. Kitapta, \u00e7ocuklara \u00f6zel, ya\u015f gruplar\u0131na uygun dilde haz\u0131rlanm\u0131\u015f talimatlar, ayr\u0131nt\u0131l\u0131 y\u00f6nergeler, ger\u00e7ek vaka \u00f6rnekleri ve senaryolara yer verilmi\u015f, ayr\u0131ca terapinin ayr\u0131lmaz bir par\u00e7as\u0131 olan ebeveynleri\/bak\u0131m verenleri y\u00f6nlendirmek i\u00e7in bir \u00e7al\u0131\u015fma modeli sunulmu\u015ftur. <\/p>\n","protected":false},"excerpt":{"rendered":"<p>Travmatik olaylar, \u00e7ocuklar\u0131n sa\u011fl\u0131kl\u0131 n\u00f6rolojik ve ruhsal geli\u015fimlerini, ayr\u0131ca hayatlar\u0131ndaki tu\u0308m gelecek deneyimleri olumsuz etkileyebilen \u00f6nemli ya\u015fam olaylar\u0131d\u0131r. Bu tu\u0308r olaylarda birey, ya\u015fant\u0131s\u0131na du\u0308\u011fu\u0308mlenmi\u015f bir bili\u015fsel<span class=\"excerpt-hellip\"> [\u2026]<\/span><\/p>\n","protected":false},"featured_media":0,"template":"","meta":{"_monsterinsights_skip_tracking":false,"_monsterinsights_sitenote_active":false,"_monsterinsights_sitenote_note":"","_monsterinsights_sitenote_category":0},"product_brand":[],"product_cat":[12679,12357],"product_tag":[],"class_list":{"0":"post-723125","1":"product","2":"type-product","3":"status-publish","5":"product_cat-cocuk-psikolojisi","6":"product_cat-psikoloji","7":"pa_cilt-ciltsiz","8":"pa_tur-kitap","9":"pa_yayinevi-say-yayinlari","10":"pa_yazar-robbie-adler-tapia-carolyn-settle","12":"first","13":"instock","14":"sale","15":"shipping-taxable","16":"purchasable","17":"product-type-simple"},"_links":{"self":[{"href":"https:\/\/roveyayinevi.com.tr\/index.php\/wp-json\/wp\/v2\/product\/723125","targetHints":{"allow":["GET"]}}],"collection":[{"href":"https:\/\/roveyayinevi.com.tr\/index.php\/wp-json\/wp\/v2\/product"}],"about":[{"href":"https:\/\/roveyayinevi.com.tr\/index.php\/wp-json\/wp\/v2\/types\/product"}],"wp:attachment":[{"href":"https:\/\/roveyayinevi.com.tr\/index.php\/wp-json\/wp\/v2\/media?parent=723125"}],"wp:term":[{"taxonomy":"product_brand","embeddable":true,"href":"https:\/\/roveyayinevi.com.tr\/index.php\/wp-json\/wp\/v2\/product_brand?post=723125"},{"taxonomy":"product_cat","embeddable":true,"href":"https:\/\/roveyayinevi.com.tr\/index.php\/wp-json\/wp\/v2\/product_cat?post=723125"},{"taxonomy":"product_tag","embeddable":true,"href":"https:\/\/roveyayinevi.com.tr\/index.php\/wp-json\/wp\/v2\/product_tag?post=723125"}],"curies":[{"name":"wp","href":"https:\/\/api.w.org\/{rel}","templated":true}]}}