{"id":723124,"date":"2025-08-27T19:14:11","date_gmt":"2025-08-27T16:14:11","guid":{"rendered":"https:\/\/roveyayinevi.com.tr\/index.php\/urun\/fizik-bedenim-cinsel-enerjim-ve-parasal-kazancimla-dengede-miyim-ben\/"},"modified":"2026-04-16T02:31:01","modified_gmt":"2026-04-15T23:31:01","slug":"fizik-bedenim-cinsel-enerjim-ve-parasal-kazancimla-dengede-miyim-ben","status":"publish","type":"product","link":"https:\/\/roveyayinevi.com.tr\/index.php\/urun\/fizik-bedenim-cinsel-enerjim-ve-parasal-kazancimla-dengede-miyim-ben\/","title":{"rendered":"Fizik Bedenim, Cinsel Enerjim ve Parasal Kazanc\u0131mla Dengede miyim Ben?"},"content":{"rendered":"<p>K\u00e2inatta her \u015fey z\u0131dd\u0131yla var olmu\u015ftur. Siyaha kar\u015f\u0131l\u0131k beyaz vard\u0131r, yere kar\u015f\u0131 g\u00f6k\u2026 Ancak her biri bir b\u00fct\u00fcn\u00fc olu\u015fturan par\u00e7alardan farkl\u0131 bir \u015fey de\u011fildir. Esas \u00fczerinde durulmas\u0131 gereken konu ise her zaman \u201cdenge\u201d. Sa\u011fl\u0131k yakla\u015f\u0131mlar\u0131nda daima \u00f6nde tutulan fizik beden ile enerji bedenin ahengini izleyeceksiniz bu kitapta.Sa\u011faltma y\u00f6ntemlerinde fiziksel ve manevi tedaviyi e\u015fzamanl\u0131 s\u00fcrd\u00fcrme tekni\u011fi kitab\u0131m\u0131z\u0131n da bel kemi\u011fini olu\u015fturmaktad\u0131r. \u00d6yle ya, bel kemi\u011finizi d\u00fczeltmeniz fiziksel anlamda kendinizi tedavi etmenizi sa\u011flarken, kavu\u015ftu\u011funuz fizik beden dengesi, enerji bedeninizde dengeye kavu\u015fman\u0131z\u0131n da \u00f6n\u00fcn\u00fc a\u00e7acakt\u0131r.Uygulayaca\u011f\u0131n\u0131z egzersizler ve fark\u0131ndal\u0131k \u00e7al\u0131\u015fmalar\u0131yla beraber cinsel enerjinizi de aktive ederek \u201colu\u015fturma g\u00fcc\u00fcn\u00fcz\u00fc\u201d harekete ge\u00e7ireceksiniz. Olu\u015fturma g\u00fcc\u00fcn\u00fcz\u00fc aktifle\u015ftirdikten sonra bunun parasal kaynaklar\u0131n\u0131za yans\u0131mamas\u0131 i\u015ften bile de\u011fil. Her \u015feyin temeli olan di\u015fil-eril prensipler aras\u0131nda denge sa\u011flad\u0131\u011f\u0131n\u0131zda ya\u015fam\u0131n\u0131zdaki bereketin ve huzurun artt\u0131\u011f\u0131n\u0131 ke\u015ffedeceksiniz.<\/p>\n","protected":false},"excerpt":{"rendered":"<p>K\u00e2inatta her \u015fey z\u0131dd\u0131yla var olmu\u015ftur. Siyaha kar\u015f\u0131l\u0131k beyaz vard\u0131r, yere kar\u015f\u0131 g\u00f6k\u2026 Ancak her biri bir b\u00fct\u00fcn\u00fc olu\u015fturan par\u00e7alardan farkl\u0131 bir \u015fey de\u011fildir. Esas \u00fczerinde<span class=\"excerpt-hellip\"> [\u2026]<\/span><\/p>\n","protected":false},"featured_media":0,"template":"","meta":{"_monsterinsights_skip_tracking":false,"_monsterinsights_sitenote_active":false,"_monsterinsights_sitenote_note":"","_monsterinsights_sitenote_category":0},"product_brand":[],"product_cat":[20313,13365],"product_tag":[],"class_list":{"0":"post-723124","1":"product","2":"type-product","3":"status-publish","5":"product_cat-basvuru-kitaplari-saglik","6":"product_cat-saglik","7":"pa_cilt-ciltsiz","8":"pa_tur-kitap","9":"pa_yayinevi-hayat-yayinlari","10":"pa_yazar-cagla-yuksel","12":"first","13":"instock","14":"sale","15":"shipping-taxable","16":"purchasable","17":"product-type-simple"},"_links":{"self":[{"href":"https:\/\/roveyayinevi.com.tr\/index.php\/wp-json\/wp\/v2\/product\/723124","targetHints":{"allow":["GET"]}}],"collection":[{"href":"https:\/\/roveyayinevi.com.tr\/index.php\/wp-json\/wp\/v2\/product"}],"about":[{"href":"https:\/\/roveyayinevi.com.tr\/index.php\/wp-json\/wp\/v2\/types\/product"}],"wp:attachment":[{"href":"https:\/\/roveyayinevi.com.tr\/index.php\/wp-json\/wp\/v2\/media?parent=723124"}],"wp:term":[{"taxonomy":"product_brand","embeddable":true,"href":"https:\/\/roveyayinevi.com.tr\/index.php\/wp-json\/wp\/v2\/product_brand?post=723124"},{"taxonomy":"product_cat","embeddable":true,"href":"https:\/\/roveyayinevi.com.tr\/index.php\/wp-json\/wp\/v2\/product_cat?post=723124"},{"taxonomy":"product_tag","embeddable":true,"href":"https:\/\/roveyayinevi.com.tr\/index.php\/wp-json\/wp\/v2\/product_tag?post=723124"}],"curies":[{"name":"wp","href":"https:\/\/api.w.org\/{rel}","templated":true}]}}