{"id":723123,"date":"2025-08-27T19:14:11","date_gmt":"2025-08-27T16:14:11","guid":{"rendered":"https:\/\/roveyayinevi.com.tr\/index.php\/urun\/arinma-ve-korunma\/"},"modified":"2026-04-16T02:31:01","modified_gmt":"2026-04-15T23:31:01","slug":"arinma-ve-korunma","status":"publish","type":"product","link":"https:\/\/roveyayinevi.com.tr\/index.php\/urun\/arinma-ve-korunma\/","title":{"rendered":"Ar\u0131nma Ve Korunma"},"content":{"rendered":"<p>Arinma ve KorunmaSihirli MucizelerZafer ALTINTA\u015eHer \u015fey denge i\u00e7erisindedir. Karanl\u0131k var olmadan, \u0131\u015f\u0131k var olmaz. \u0130kisi Yin-Yang gibidir.Ya\u015fad\u0131\u011f\u0131m\u0131z olumsuzluklar\u0131n her biri e\u015fsiz deneyimlerdir. Bizler ya\u015fad\u0131\u011f\u0131m\u0131z deneyimlerden almam\u0131z gereken dersleri ald\u0131\u011f\u0131m\u0131zda, ya\u015fad\u0131\u011f\u0131m\u0131z k\u0131s\u0131r d\u00f6ng\u00fcler de ortadan kalkar.Bu kitab\u0131n amac\u0131, hayat\u0131m\u0131zdaki en k\u00fc\u00e7\u00fck ayr\u0131nt\u0131n\u0131n bile bizleri ne kadar etkiledi\u011fini ve yapaca\u011f\u0131m\u0131z k\u00fc\u00e7\u00fck de\u011fi\u015fimlerin, hayat\u0131m\u0131zda ne kadar b\u00fcy\u00fck de\u011fi\u015fimlere yelken a\u00e7t\u0131raca\u011f\u0131n\u0131n fark\u0131na varmakt\u0131r.Elinizdeki bu kitap, Yazar Zafer Alt\u0131nta\u015f\u2019\u0131n uzun y\u0131llard\u0131r yapm\u0131\u015f oldu\u011fu ara\u015ft\u0131rmalar ve e\u011fitimlerde alm\u0131\u015f oldu\u011fu bilgilerden olu\u015fmu\u015ftur.Tam anlam\u0131yle, korunma ve ar\u0131nma ile ilgili en temel ve pratik bilgilerden olu\u015fan bu \u00e7al\u0131\u015fman\u0131n, sizlerin ba\u015fucu kitab\u0131 olaca\u011f\u0131na inan\u0131yoruz.O halde kitab\u0131n sayfalar\u0131n\u0131 a\u00e7maya ba\u015flayabilirsiniz.<\/p>\n","protected":false},"excerpt":{"rendered":"<p>Arinma ve KorunmaSihirli MucizelerZafer ALTINTA\u015eHer \u015fey denge i\u00e7erisindedir. Karanl\u0131k var olmadan, \u0131\u015f\u0131k var olmaz. \u0130kisi Yin-Yang gibidir.Ya\u015fad\u0131\u011f\u0131m\u0131z olumsuzluklar\u0131n her biri e\u015fsiz deneyimlerdir. Bizler ya\u015fad\u0131\u011f\u0131m\u0131z deneyimlerden almam\u0131z<span class=\"excerpt-hellip\"> [\u2026]<\/span><\/p>\n","protected":false},"featured_media":0,"template":"","meta":{"_monsterinsights_skip_tracking":false,"_monsterinsights_sitenote_active":false,"_monsterinsights_sitenote_note":"","_monsterinsights_sitenote_category":0},"product_brand":[],"product_cat":[12364,12376],"product_tag":[],"class_list":{"0":"post-723123","1":"product","2":"type-product","3":"status-publish","5":"product_cat-genel-konular","6":"product_cat-kisisel-gelisim","7":"pa_cilt-ciltsiz","8":"pa_tur-kitap","9":"pa_yayinevi-new-age-yayinlari","10":"pa_yazar-zafer-altintas","12":"first","13":"instock","14":"sale","15":"shipping-taxable","16":"purchasable","17":"product-type-simple"},"_links":{"self":[{"href":"https:\/\/roveyayinevi.com.tr\/index.php\/wp-json\/wp\/v2\/product\/723123","targetHints":{"allow":["GET"]}}],"collection":[{"href":"https:\/\/roveyayinevi.com.tr\/index.php\/wp-json\/wp\/v2\/product"}],"about":[{"href":"https:\/\/roveyayinevi.com.tr\/index.php\/wp-json\/wp\/v2\/types\/product"}],"wp:attachment":[{"href":"https:\/\/roveyayinevi.com.tr\/index.php\/wp-json\/wp\/v2\/media?parent=723123"}],"wp:term":[{"taxonomy":"product_brand","embeddable":true,"href":"https:\/\/roveyayinevi.com.tr\/index.php\/wp-json\/wp\/v2\/product_brand?post=723123"},{"taxonomy":"product_cat","embeddable":true,"href":"https:\/\/roveyayinevi.com.tr\/index.php\/wp-json\/wp\/v2\/product_cat?post=723123"},{"taxonomy":"product_tag","embeddable":true,"href":"https:\/\/roveyayinevi.com.tr\/index.php\/wp-json\/wp\/v2\/product_tag?post=723123"}],"curies":[{"name":"wp","href":"https:\/\/api.w.org\/{rel}","templated":true}]}}