{"id":723122,"date":"2025-08-27T19:14:10","date_gmt":"2025-08-27T16:14:10","guid":{"rendered":"https:\/\/roveyayinevi.com.tr\/index.php\/urun\/cografya-kederleri\/"},"modified":"2026-04-16T02:31:01","modified_gmt":"2026-04-15T23:31:01","slug":"cografya-kederleri","status":"publish","type":"product","link":"https:\/\/roveyayinevi.com.tr\/index.php\/urun\/cografya-kederleri\/","title":{"rendered":"Co\u011frafya Kederleri"},"content":{"rendered":"<p>\u201c Co\u011frafya Kederleri, elinizin alt\u0131nda bulunmas\u0131 gereken bir ya\u015fam atlas\u0131&#8230;Bu atlasta Ferrari\u2019sini ba\u011f\u0131\u015flayan bilgelerle \u00c2\u015f\u0131k Garip, Nef\u00ee ile Pessoa, Ne\u015fet Erta\u015f ile Rilke, Akif \u0130nan ile Meral Maruf, H\u00f6lderlin ile Yunus Emre, Rimbaud ile Sezai Karako\u00e7 yan yana.\u015eiir, \u00f6yk\u00fc ve denemeleriyle tan\u0131d\u0131\u011f\u0131m\u0131z Mustafa Akar, Co\u011frafya Kederleri kitab\u0131nda sinemadan televizyon dizilerine, s\u0131k\u0131\u015f\u0131p kald\u0131\u011f\u0131m\u0131z apartmanlardan d\u00fc\u015fsel topraklara,Raskolnikov\u2019dan Emma Bovary\u2019ye uzanan geni\u015f bir \u00e7er\u00e7eve \u00e7iziyor okurlar\u0131na&#8230;Yaln\u0131zca kendi co\u011frafyam\u0131z\u0131n kederli yanlar\u0131n\u0131 anlatmakla kalm\u0131yor Akar, okurlar\u0131na kuvvet \u015furubu gibi sorular soruyor: Melankoli bat\u0131l\u0131, h\u00fcz\u00fcn do\u011fulu mudur? \u00c2\u015f\u0131k Garip Co\u011frafyas\u0131 hangi \u015fehirleri kapsar? R\u00fcyalar\u0131n yap\u0131ld\u0131\u011f\u0131 madde nedir? T\u00fcrkiye niye muhacirlerin vatan\u0131d\u0131r? Neden baz\u0131 kitaplar baz\u0131 mevsimleri bekler? Gelenek neyimiz olur?Tabiat\u0131n i\u00e7ine, kendi tabiat\u0131n\u0131z\u0131n i\u00e7ine y\u00fcr\u00fcmeye haz\u0131r m\u0131s\u0131n\u0131z?<\/p>\n","protected":false},"excerpt":{"rendered":"<p>\u201c Co\u011frafya Kederleri, elinizin alt\u0131nda bulunmas\u0131 gereken bir ya\u015fam atlas\u0131&#8230;Bu atlasta Ferrari\u2019sini ba\u011f\u0131\u015flayan bilgelerle \u00c2\u015f\u0131k Garip, Nef\u00ee ile Pessoa, Ne\u015fet Erta\u015f ile Rilke, Akif \u0130nan ile<span class=\"excerpt-hellip\"> [\u2026]<\/span><\/p>\n","protected":false},"featured_media":0,"template":"","meta":{"_monsterinsights_skip_tracking":false,"_monsterinsights_sitenote_active":false,"_monsterinsights_sitenote_note":"","_monsterinsights_sitenote_category":0},"product_brand":[],"product_cat":[12777,12291],"product_tag":[],"class_list":{"0":"post-723122","1":"product","2":"type-product","3":"status-publish","5":"product_cat-deneme","6":"product_cat-edebiyat","7":"pa_cilt-ciltsiz","8":"pa_tur-kitap","9":"pa_yayinevi-turkuvaz-kitap","10":"pa_yazar-mustafa-akar","12":"first","13":"instock","14":"sale","15":"shipping-taxable","16":"purchasable","17":"product-type-simple"},"_links":{"self":[{"href":"https:\/\/roveyayinevi.com.tr\/index.php\/wp-json\/wp\/v2\/product\/723122","targetHints":{"allow":["GET"]}}],"collection":[{"href":"https:\/\/roveyayinevi.com.tr\/index.php\/wp-json\/wp\/v2\/product"}],"about":[{"href":"https:\/\/roveyayinevi.com.tr\/index.php\/wp-json\/wp\/v2\/types\/product"}],"wp:attachment":[{"href":"https:\/\/roveyayinevi.com.tr\/index.php\/wp-json\/wp\/v2\/media?parent=723122"}],"wp:term":[{"taxonomy":"product_brand","embeddable":true,"href":"https:\/\/roveyayinevi.com.tr\/index.php\/wp-json\/wp\/v2\/product_brand?post=723122"},{"taxonomy":"product_cat","embeddable":true,"href":"https:\/\/roveyayinevi.com.tr\/index.php\/wp-json\/wp\/v2\/product_cat?post=723122"},{"taxonomy":"product_tag","embeddable":true,"href":"https:\/\/roveyayinevi.com.tr\/index.php\/wp-json\/wp\/v2\/product_tag?post=723122"}],"curies":[{"name":"wp","href":"https:\/\/api.w.org\/{rel}","templated":true}]}}