{"id":723118,"date":"2025-08-27T19:14:07","date_gmt":"2025-08-27T16:14:07","guid":{"rendered":"https:\/\/roveyayinevi.com.tr\/index.php\/urun\/baslangic-hikayesi\/"},"modified":"2026-04-16T02:31:01","modified_gmt":"2026-04-15T23:31:01","slug":"baslangic-hikayesi","status":"publish","type":"product","link":"https:\/\/roveyayinevi.com.tr\/index.php\/urun\/baslangic-hikayesi\/","title":{"rendered":"Ba\u015flang\u0131\u00e7 Hikayesi"},"content":{"rendered":"<p>Evrenin hi\u00e7 yaz\u0131lmam\u0131\u015f hik\u00e2yesi   T\u00fcm insanl\u0131k i\u00e7in ortak bir tarih yaz\u0131labilir mi? Yeni bir ba\u015flang\u0131\u00e7 hik\u00e2yesi olu\u015fturulabilir mi? D\u00fcnya tarihi, evrenin olu\u015fumundan bug\u00fcne; dinlere, h\u00fck\u00fcmdarlara, milletlere, rejimlere ya da sava\u015flara indirgenmeden anlat\u0131labilir mi? B\u00fcy\u00fck Tarih; e\u015fiklere, ba\u015fl\u0131ca d\u00f6n\u00fc\u015f\u00fcmlere ve k\u00f6kenlerimiz hakk\u0131nda derin sorulara odaklanan, gezegenlerin olu\u015fumundan evrime, tar\u0131m\u0131n do\u011fu\u015fundan k\u00fcreselle\u015fmeye her \u015feyin tarihini ele alan, farkl\u0131 disiplinlerden beslenen b\u00fct\u00fcnc\u00fcl bir yakla\u015f\u0131m. Bu ekol\u00fcn \u00f6nde gelen isimlerinden David Christian, B\u00fcy\u00fck Patlama\u2019dan g\u00fcn\u00fcm\u00fcze dek s\u00fcren, hatta uzak gelece\u011fe uzanan bir hik\u00e2ye anlat\u0131yor. Nereden geldi\u011fimizi, nerede oldu\u011fumuzu ve nereye yol ald\u0131\u011f\u0131m\u0131z\u0131 d\u00fc\u015f\u00fcnd\u00fcrecek heyecan verici bak\u0131\u015f a\u00e7\u0131s\u0131yla Ba\u015flang\u0131\u00e7 Hik\u00e2yesi, okurlar\u0131 on \u00fc\u00e7 milyar y\u0131l s\u00fcren m\u00fcthi\u015f bir ser\u00fcvene \u00e7\u0131kar\u0131yor. <\/p>\n","protected":false},"excerpt":{"rendered":"<p>Evrenin hi\u00e7 yaz\u0131lmam\u0131\u015f hik\u00e2yesi T\u00fcm insanl\u0131k i\u00e7in ortak bir tarih yaz\u0131labilir mi? Yeni bir ba\u015flang\u0131\u00e7 hik\u00e2yesi olu\u015fturulabilir mi? D\u00fcnya tarihi, evrenin olu\u015fumundan bug\u00fcne; dinlere, h\u00fck\u00fcmdarlara, milletlere,<span class=\"excerpt-hellip\"> [\u2026]<\/span><\/p>\n","protected":false},"featured_media":0,"template":"","meta":{"_monsterinsights_skip_tracking":false,"_monsterinsights_sitenote_active":false,"_monsterinsights_sitenote_note":"","_monsterinsights_sitenote_category":0},"product_brand":[],"product_cat":[12370,12304],"product_tag":[],"class_list":{"0":"post-723118","1":"product","2":"type-product","3":"status-publish","5":"product_cat-arastirma-inceleme","6":"product_cat-tarih","7":"pa_cilt-ciltsiz","8":"pa_tur-kitap","9":"pa_yayinevi-dogan-kitap","10":"pa_yazar-david-christian","12":"first","13":"instock","14":"sale","15":"shipping-taxable","16":"purchasable","17":"product-type-simple"},"_links":{"self":[{"href":"https:\/\/roveyayinevi.com.tr\/index.php\/wp-json\/wp\/v2\/product\/723118","targetHints":{"allow":["GET"]}}],"collection":[{"href":"https:\/\/roveyayinevi.com.tr\/index.php\/wp-json\/wp\/v2\/product"}],"about":[{"href":"https:\/\/roveyayinevi.com.tr\/index.php\/wp-json\/wp\/v2\/types\/product"}],"wp:attachment":[{"href":"https:\/\/roveyayinevi.com.tr\/index.php\/wp-json\/wp\/v2\/media?parent=723118"}],"wp:term":[{"taxonomy":"product_brand","embeddable":true,"href":"https:\/\/roveyayinevi.com.tr\/index.php\/wp-json\/wp\/v2\/product_brand?post=723118"},{"taxonomy":"product_cat","embeddable":true,"href":"https:\/\/roveyayinevi.com.tr\/index.php\/wp-json\/wp\/v2\/product_cat?post=723118"},{"taxonomy":"product_tag","embeddable":true,"href":"https:\/\/roveyayinevi.com.tr\/index.php\/wp-json\/wp\/v2\/product_tag?post=723118"}],"curies":[{"name":"wp","href":"https:\/\/api.w.org\/{rel}","templated":true}]}}