{"id":723116,"date":"2025-08-27T19:14:06","date_gmt":"2025-08-27T16:14:06","guid":{"rendered":"https:\/\/roveyayinevi.com.tr\/index.php\/urun\/saglik-ararken-aldatilmak\/"},"modified":"2026-04-16T02:31:01","modified_gmt":"2026-04-15T23:31:01","slug":"saglik-ararken-aldatilmak","status":"publish","type":"product","link":"https:\/\/roveyayinevi.com.tr\/index.php\/urun\/saglik-ararken-aldatilmak\/","title":{"rendered":"Sa\u011fl\u0131k Ararken Aldat\u0131lmak"},"content":{"rendered":"<p>Fark\u0131nda m\u0131s\u0131n\u0131z? Sa\u011fl\u0131k ve \u00f6zellikle de beslenme alan\u0131nda bir y\u00fczeysellik ve tutars\u0131zl\u0131k r\u00fczg\u00e2r\u0131 esiyor. Kavramlar\u0131n, bilgilerin, oturmu\u015f d\u00fczenlerin i\u00e7ini bo\u015faltmaya \u00e7al\u0131\u015fan bir r\u00fczg\u00e2r bu. \u00c7\u0131karc\u0131 ve hatta k\u00fcstah. Bu r\u00fczg\u00e2r sadece d\u0131\u015f g\u00f6r\u00fcn\u00fc\u015fe ve alg\u0131 olu\u015fturmaya dayal\u0131 bir d\u00fc\u015f\u00fcnce yap\u0131s\u0131n\u0131 s\u00fcrekli olarak bize ta\u015f\u0131yor. Yaln\u0131zca kabuktan veya bir isimden olu\u015fmu\u015f sa\u011fl\u0131k mucizesi vaatleri r\u00fczg\u00e2rla havada u\u00e7u\u015fuyor. Son on y\u0131lda ya\u015fam\u0131n\u0131za ka\u00e7 tane beslenme trendi girdi? Ya da adlar\u0131n\u0131 duydunuz, \u201cAcaba yapsam m\u0131?\u201d diye d\u00fc\u015f\u00fcnd\u00fcn\u00fcz. Ka\u00e7 kez g\u0131da katk\u0131lar\u0131 ald\u0131n\u0131z? Sonra b\u0131rakt\u0131n\u0131z&#8230; Bunlar\u0131n sonucunda ne elde ettiniz? Ne kaybettiniz? \u201cHi\u00e7bir \u015fey kaybetmedim. Denedim sadece\u201d diyorsan\u0131z bir kez daha d\u00fc\u015f\u00fcnmenizi sal\u0131k veririm. Buna zaman\u0131n ruhu diyenler olabilir. Toplumsal bir d\u00f6n\u00fc\u015f\u00fcm yani. Toplumsal d\u00f6n\u00fc\u015f\u00fcmler engellenemez. Ancak bu durum bizim birey olarak r\u00fczg\u00e2rda s\u00fcr\u00fcklenen yapraklar gibi oradan oraya savrulmam\u0131z\u0131 da gerektirmez. Kendimizi korumal\u0131y\u0131z! Ayakkab\u0131lar\u0131n veya giysilerin modas\u0131 olabilir ama sa\u011fl\u0131\u011f\u0131n ve beslenmenin olmaz! Olmamal\u0131. Bu kitab\u0131n sizi \u00e7epe\u00e7evre sarm\u0131\u015f olan sahte bilim ve i\u015fe yaramaz \u00fcr\u00fcnleri mucize diye satan \u201cy\u0131lan ya\u011f\u0131&#8221; sat\u0131c\u0131lar\u0131n\u0131 fark etmenize yard\u0131mc\u0131 olmas\u0131n\u0131 dilerim.  \u00dclkemizin en yetkin, alan\u0131n\u0131n en \u00f6nemli hekimlerinden Prof. Dr. Taner Damc\u0131\u2019dan genel ge\u00e7er sa\u011fl\u0131k ve beslenme trendlerinin ipli\u011fini pazara \u00e7\u0131karan, sahte ve ger\u00e7ek bilim aras\u0131ndaki ayr\u0131m\u0131 ortaya koyan ve adeta bir \u201ctak\u0131nt\u0131\u201dya d\u00f6n\u00fc\u015fm\u00fc\u015f sa\u011fl\u0131k meselesinde ger\u00e7ek bilgiyle kayg\u0131lar\u0131m\u0131z\u0131 yat\u0131\u015ft\u0131ran bir kitap&#8230; <\/p>\n","protected":false},"excerpt":{"rendered":"<p>Fark\u0131nda m\u0131s\u0131n\u0131z? Sa\u011fl\u0131k ve \u00f6zellikle de beslenme alan\u0131nda bir y\u00fczeysellik ve tutars\u0131zl\u0131k r\u00fczg\u00e2r\u0131 esiyor. Kavramlar\u0131n, bilgilerin, oturmu\u015f d\u00fczenlerin i\u00e7ini bo\u015faltmaya \u00e7al\u0131\u015fan bir r\u00fczg\u00e2r bu. \u00c7\u0131karc\u0131 ve<span class=\"excerpt-hellip\"> [\u2026]<\/span><\/p>\n","protected":false},"featured_media":0,"template":"","meta":{"_monsterinsights_skip_tracking":false,"_monsterinsights_sitenote_active":false,"_monsterinsights_sitenote_note":"","_monsterinsights_sitenote_category":0},"product_brand":[],"product_cat":[13366,13365],"product_tag":[],"class_list":{"0":"post-723116","1":"product","2":"type-product","3":"status-publish","5":"product_cat-diger-saglik","6":"product_cat-saglik","7":"pa_cilt-ciltsiz","8":"pa_tur-kitap","9":"pa_yayinevi-dogan-novus","10":"pa_yazar-taner-damci","12":"first","13":"instock","14":"sale","15":"shipping-taxable","16":"purchasable","17":"product-type-simple"},"_links":{"self":[{"href":"https:\/\/roveyayinevi.com.tr\/index.php\/wp-json\/wp\/v2\/product\/723116","targetHints":{"allow":["GET"]}}],"collection":[{"href":"https:\/\/roveyayinevi.com.tr\/index.php\/wp-json\/wp\/v2\/product"}],"about":[{"href":"https:\/\/roveyayinevi.com.tr\/index.php\/wp-json\/wp\/v2\/types\/product"}],"wp:attachment":[{"href":"https:\/\/roveyayinevi.com.tr\/index.php\/wp-json\/wp\/v2\/media?parent=723116"}],"wp:term":[{"taxonomy":"product_brand","embeddable":true,"href":"https:\/\/roveyayinevi.com.tr\/index.php\/wp-json\/wp\/v2\/product_brand?post=723116"},{"taxonomy":"product_cat","embeddable":true,"href":"https:\/\/roveyayinevi.com.tr\/index.php\/wp-json\/wp\/v2\/product_cat?post=723116"},{"taxonomy":"product_tag","embeddable":true,"href":"https:\/\/roveyayinevi.com.tr\/index.php\/wp-json\/wp\/v2\/product_tag?post=723116"}],"curies":[{"name":"wp","href":"https:\/\/api.w.org\/{rel}","templated":true}]}}