{"id":723114,"date":"2025-08-27T19:14:04","date_gmt":"2025-08-27T16:14:04","guid":{"rendered":"https:\/\/roveyayinevi.com.tr\/index.php\/urun\/ben-sana-tesekkur-ederim\/"},"modified":"2026-04-13T02:37:59","modified_gmt":"2026-04-12T23:37:59","slug":"ben-sana-tesekkur-ederim","status":"publish","type":"product","link":"https:\/\/roveyayinevi.com.tr\/index.php\/urun\/ben-sana-tesekkur-ederim\/","title":{"rendered":"Ben Sana Te\u015fekk\u00fcr Ederim"},"content":{"rendered":"<p>Daha ilk \u015fiirlerinden itibaren kendi sesini bulmu\u015f \u015fairlerden biridir \u00dclk\u00fc Tamer. \u201cBa\u015ftan itibaren \u0130kinci Yeni\u2019nin \u00f6nemli geli\u015fme halkalar\u0131ndan biri de o oldu&#8230; En soyut at\u0131l\u0131m\u0131n\u0131 bile \u00e7ok yal\u0131n bir dille yapan bir \u015fairdir o&#8230; K\u0131sa \u015fiirlerinin \u00e7o\u011fu karnaval bileti gibidir, sevin\u00e7le doludur; uzunlar\u0131 ise hemen hemen her zaman trajik \u00f6\u011felerle \u00e7al\u0131\u015f\u0131r,\u201d diyordu Cemal S\u00fcreya, \u00dclk\u00fc Tamer ve \u015fiirini anlat\u0131rken\u2026 \u201c\u015eiir her g\u00fcn yeniden ba\u015flar\u201d diyen Tamer\u2019in kendi se\u00e7ti\u011fi \u015fiirlerden olu\u015fan Ben Sana Te\u015fekk\u00fcr Ederim bir taraftan Cemal S\u00fcreya\u2019n\u0131n s\u00f6zlerini ispatlarken bir taraftan \u015fairin poetikas\u0131n\u0131 yans\u0131t\u0131yor. <\/p>\n","protected":false},"excerpt":{"rendered":"<p>Daha ilk \u015fiirlerinden itibaren kendi sesini bulmu\u015f \u015fairlerden biridir \u00dclk\u00fc Tamer. \u201cBa\u015ftan itibaren \u0130kinci Yeni\u2019nin \u00f6nemli geli\u015fme halkalar\u0131ndan biri de o oldu&#8230; En soyut at\u0131l\u0131m\u0131n\u0131 bile<span class=\"excerpt-hellip\"> [\u2026]<\/span><\/p>\n","protected":false},"featured_media":0,"template":"","meta":{"_monsterinsights_skip_tracking":false,"_monsterinsights_sitenote_active":false,"_monsterinsights_sitenote_note":"","_monsterinsights_sitenote_category":0},"product_brand":[],"product_cat":[12291,12509],"product_tag":[],"class_list":{"0":"post-723114","1":"product","2":"type-product","3":"status-publish","5":"product_cat-edebiyat","6":"product_cat-siir","7":"pa_cilt-ciltsiz","8":"pa_tur-kitap","9":"pa_yayinevi-kirmizi-kedi-yayinevi","10":"pa_yazar-ulku-tamer","12":"first","13":"instock","14":"sale","15":"shipping-taxable","16":"purchasable","17":"product-type-simple"},"_links":{"self":[{"href":"https:\/\/roveyayinevi.com.tr\/index.php\/wp-json\/wp\/v2\/product\/723114","targetHints":{"allow":["GET"]}}],"collection":[{"href":"https:\/\/roveyayinevi.com.tr\/index.php\/wp-json\/wp\/v2\/product"}],"about":[{"href":"https:\/\/roveyayinevi.com.tr\/index.php\/wp-json\/wp\/v2\/types\/product"}],"wp:attachment":[{"href":"https:\/\/roveyayinevi.com.tr\/index.php\/wp-json\/wp\/v2\/media?parent=723114"}],"wp:term":[{"taxonomy":"product_brand","embeddable":true,"href":"https:\/\/roveyayinevi.com.tr\/index.php\/wp-json\/wp\/v2\/product_brand?post=723114"},{"taxonomy":"product_cat","embeddable":true,"href":"https:\/\/roveyayinevi.com.tr\/index.php\/wp-json\/wp\/v2\/product_cat?post=723114"},{"taxonomy":"product_tag","embeddable":true,"href":"https:\/\/roveyayinevi.com.tr\/index.php\/wp-json\/wp\/v2\/product_tag?post=723114"}],"curies":[{"name":"wp","href":"https:\/\/api.w.org\/{rel}","templated":true}]}}