{"id":723109,"date":"2025-08-27T19:13:59","date_gmt":"2025-08-27T16:13:59","guid":{"rendered":"https:\/\/roveyayinevi.com.tr\/index.php\/urun\/efsanevi-yaratiklar\/"},"modified":"2026-04-16T02:31:01","modified_gmt":"2026-04-15T23:31:01","slug":"efsanevi-yaratiklar","status":"publish","type":"product","link":"https:\/\/roveyayinevi.com.tr\/index.php\/urun\/efsanevi-yaratiklar\/","title":{"rendered":"Efsanevi Yarat\u0131klar"},"content":{"rendered":"<p>Okuman\u0131n Tarihi, Geceleyin K\u00fct\u00fcphane ve Hayali Yerler S\u00f6zl\u00fc\u011f\u00fc gibi kitaplar\u0131yla tan\u0131d\u0131\u011f\u0131m\u0131z Alberto Manguel, yeni kitab\u0131 Efsanevi Yarat\u0131klar\u2019da okurlar\u0131n\u0131 mitolojiden, dinler tarihinden, edebiyattan ve pop\u00fcler k\u00fclt\u00fcrden karakterlerle dolu bir gezintiye \u00e7\u0131kar\u0131yor. Bu ki\u015fisel koleksiyonda Drakula ile K\u0131rm\u0131z\u0131 Ba\u015fl\u0131kl\u0131 K\u0131z, \u015eeytan ile Superman, Sinbad ile Kaptan Nemo, Karag\u00f6z ve Hacivat ile Quasimodo yan yana geliyor. Ortak insanl\u0131k miras\u0131m\u0131z\u0131n en k\u0131ymetli par\u00e7alar\u0131ndan birinin, hik\u00e2yelerin co\u011frafyas\u0131nda ikamet eden onlarca \u201cefsanevi yarat\u0131k\u201d\u0131n, can bulduklar\u0131 kitap ve efsanelerden d\u0131\u015far\u0131ya ta\u015f\u0131p ba\u015fka k\u0131l\u0131klarda ya\u015famay\u0131 nas\u0131l s\u00fcrd\u00fcrd\u00fcklerini, d\u00fcnya hakk\u0131nda her \u00e7a\u011fda yeni \u015feyler s\u00f6ylemeyi nas\u0131l ba\u015fard\u0131klar\u0131n\u0131 Manguel\u2019in k\u0131l\u0131 k\u0131rk yaran, yarat\u0131c\u0131, oyunbaz yorumlar\u0131 ve e\u011flenceli \u00e7izimleri e\u015fli\u011finde ke\u015ffetmek kitapseverler i\u00e7in ger\u00e7ek bir ayr\u0131cal\u0131k.\u201cBir kitap \u00e2\u015f\u0131\u011f\u0131ndan, unutamad\u0131\u011f\u0131 karakterlere kelimeler ve resimler yoluyla bir sayg\u0131 duru\u015fu.\u201d- New York Times\u201cEfsanevi Yarat\u0131klar\u2019da Alberto Manguel, hayali ki\u015filerin bizim hayatlar\u0131m\u0131z\u0131 resmetti\u011fini iddia ediyor. Evet, diyoruz, biz b\u00f6yleyiz, birbirimize b\u00f6yle davran\u0131yoruz, bunlar\u0131n hepsi do\u011fru. Edebiyat\u0131n insana belki de en \u00e7ok bu \u015fekilde yard\u0131m\u0131 dokunabilir.\u201d- Salman Rushdie<\/p>\n","protected":false},"excerpt":{"rendered":"<p>Okuman\u0131n Tarihi, Geceleyin K\u00fct\u00fcphane ve Hayali Yerler S\u00f6zl\u00fc\u011f\u00fc gibi kitaplar\u0131yla tan\u0131d\u0131\u011f\u0131m\u0131z Alberto Manguel, yeni kitab\u0131 Efsanevi Yarat\u0131klar\u2019da okurlar\u0131n\u0131 mitolojiden, dinler tarihinden, edebiyattan ve pop\u00fcler k\u00fclt\u00fcrden karakterlerle<span class=\"excerpt-hellip\"> [\u2026]<\/span><\/p>\n","protected":false},"featured_media":0,"template":"","meta":{"_monsterinsights_skip_tracking":false,"_monsterinsights_sitenote_active":false,"_monsterinsights_sitenote_note":"","_monsterinsights_sitenote_category":0},"product_brand":[],"product_cat":[12777,12291],"product_tag":[],"class_list":{"0":"post-723109","1":"product","2":"type-product","3":"status-publish","5":"product_cat-deneme","6":"product_cat-edebiyat","7":"pa_cilt-ciltsiz","8":"pa_tur-kitap","9":"pa_yayinevi-yapi-kredi-yayinlari","10":"pa_yazar-alberto-manguel","12":"first","13":"instock","14":"sale","15":"shipping-taxable","16":"purchasable","17":"product-type-simple"},"_links":{"self":[{"href":"https:\/\/roveyayinevi.com.tr\/index.php\/wp-json\/wp\/v2\/product\/723109","targetHints":{"allow":["GET"]}}],"collection":[{"href":"https:\/\/roveyayinevi.com.tr\/index.php\/wp-json\/wp\/v2\/product"}],"about":[{"href":"https:\/\/roveyayinevi.com.tr\/index.php\/wp-json\/wp\/v2\/types\/product"}],"wp:attachment":[{"href":"https:\/\/roveyayinevi.com.tr\/index.php\/wp-json\/wp\/v2\/media?parent=723109"}],"wp:term":[{"taxonomy":"product_brand","embeddable":true,"href":"https:\/\/roveyayinevi.com.tr\/index.php\/wp-json\/wp\/v2\/product_brand?post=723109"},{"taxonomy":"product_cat","embeddable":true,"href":"https:\/\/roveyayinevi.com.tr\/index.php\/wp-json\/wp\/v2\/product_cat?post=723109"},{"taxonomy":"product_tag","embeddable":true,"href":"https:\/\/roveyayinevi.com.tr\/index.php\/wp-json\/wp\/v2\/product_tag?post=723109"}],"curies":[{"name":"wp","href":"https:\/\/api.w.org\/{rel}","templated":true}]}}