{"id":723108,"date":"2025-08-27T19:13:58","date_gmt":"2025-08-27T16:13:58","guid":{"rendered":"https:\/\/roveyayinevi.com.tr\/index.php\/urun\/eylul-15\/"},"modified":"2026-04-16T02:31:01","modified_gmt":"2026-04-15T23:31:01","slug":"eylul-15","status":"publish","type":"product","link":"https:\/\/roveyayinevi.com.tr\/index.php\/urun\/eylul-15\/","title":{"rendered":"Eyl\u00fcl"},"content":{"rendered":"<p>Mehmet Rauf, modern T\u00fcrk roman\u0131n\u0131n k\u00f6klerinin olu\u015ftu\u011fu Servet-i F\u00fcn\u00fbn d\u00f6neminde dilinin sadeli\u011fiyle \u00f6ne \u00e7\u0131km\u0131\u015f yazarlardand\u0131r. Ustas\u0131 Halit Ziya\u2019n\u0131n izinden giderek kaleme ald\u0131\u011f\u0131, edebiyat\u0131m\u0131zda \u201cilk psikolojik roman\u201d kabul edilen Eyl\u00fcl \u2019de platonik bir yasak a\u015fk\u0131n kahramanlar\u0131 Necib ile Suad\u2019\u0131n tutkular\u0131n\u0131, \u00e7alkant\u0131l\u0131 i\u00e7 d\u00fcnyalar\u0131n\u0131 anlat\u0131r.Eyl\u00fcl, g\u00fcn\u00fcm\u00fcz okuru i\u00e7in, yal\u0131larda, k\u00f6\u015fklerde ya\u015fam\u0131\u015f Bat\u0131l\u0131la\u015fma etkisindeki \u0130stanbullular\u0131n aile yap\u0131s\u0131; kad\u0131nlar\u0131n duygu d\u00fcnyas\u0131; m\u00fczik, yeme i\u00e7me, giyim ku\u015fam, e\u011flence k\u00fclt\u00fcr\u00fc gibi g\u00fcndelik ya\u015fam odakl\u0131 da okunabilecek klasik bir roman.\u201cBen seni ne kadar sevdi\u011fimi ba\u015fka kad\u0131nlar\u0131 g\u00f6rd\u00fc\u011f\u00fcm zaman anl\u0131yorum. Bazen rast gelip hatta senden g\u00fczel buldu\u011fum kad\u0131nlara bak\u0131yorum da kendi kendime hi\u00e7birisini senin kadar, senin gibi sevemeyece\u011fime yemin ediyorum. Sende bir \u015fey var, \u00f6yle bir \u015fey ki hi\u00e7birinde rast gelmiyorum&#8230; \u00d6yle bir \u015fey ki i\u015fte b\u00fct\u00fcn endi\u015felerim senin yan\u0131nda mahvoluyor.\u201d<\/p>\n","protected":false},"excerpt":{"rendered":"<p>Mehmet Rauf, modern T\u00fcrk roman\u0131n\u0131n k\u00f6klerinin olu\u015ftu\u011fu Servet-i F\u00fcn\u00fbn d\u00f6neminde dilinin sadeli\u011fiyle \u00f6ne \u00e7\u0131km\u0131\u015f yazarlardand\u0131r. Ustas\u0131 Halit Ziya\u2019n\u0131n izinden giderek kaleme ald\u0131\u011f\u0131, edebiyat\u0131m\u0131zda \u201cilk psikolojik roman\u201d<span class=\"excerpt-hellip\"> [\u2026]<\/span><\/p>\n","protected":false},"featured_media":0,"template":"","meta":{"_monsterinsights_skip_tracking":false,"_monsterinsights_sitenote_active":false,"_monsterinsights_sitenote_note":"","_monsterinsights_sitenote_category":0},"product_brand":[],"product_cat":[12291,12711],"product_tag":[],"class_list":{"0":"post-723108","1":"product","2":"type-product","3":"status-publish","5":"product_cat-edebiyat","6":"product_cat-roman-oyku","7":"pa_cilt-ciltsiz","8":"pa_tur-kitap","9":"pa_yayinevi-yapi-kredi-yayinlari","10":"pa_yazar-mehmet-rauf","12":"first","13":"instock","14":"sale","15":"shipping-taxable","16":"purchasable","17":"product-type-simple"},"_links":{"self":[{"href":"https:\/\/roveyayinevi.com.tr\/index.php\/wp-json\/wp\/v2\/product\/723108","targetHints":{"allow":["GET"]}}],"collection":[{"href":"https:\/\/roveyayinevi.com.tr\/index.php\/wp-json\/wp\/v2\/product"}],"about":[{"href":"https:\/\/roveyayinevi.com.tr\/index.php\/wp-json\/wp\/v2\/types\/product"}],"wp:attachment":[{"href":"https:\/\/roveyayinevi.com.tr\/index.php\/wp-json\/wp\/v2\/media?parent=723108"}],"wp:term":[{"taxonomy":"product_brand","embeddable":true,"href":"https:\/\/roveyayinevi.com.tr\/index.php\/wp-json\/wp\/v2\/product_brand?post=723108"},{"taxonomy":"product_cat","embeddable":true,"href":"https:\/\/roveyayinevi.com.tr\/index.php\/wp-json\/wp\/v2\/product_cat?post=723108"},{"taxonomy":"product_tag","embeddable":true,"href":"https:\/\/roveyayinevi.com.tr\/index.php\/wp-json\/wp\/v2\/product_tag?post=723108"}],"curies":[{"name":"wp","href":"https:\/\/api.w.org\/{rel}","templated":true}]}}