{"id":723107,"date":"2025-08-27T19:13:58","date_gmt":"2025-08-27T16:13:58","guid":{"rendered":"https:\/\/roveyayinevi.com.tr\/index.php\/urun\/hermann-lauscher\/"},"modified":"2026-04-16T02:31:01","modified_gmt":"2026-04-15T23:31:01","slug":"hermann-lauscher","status":"publish","type":"product","link":"https:\/\/roveyayinevi.com.tr\/index.php\/urun\/hermann-lauscher\/","title":{"rendered":"Hermann Lauscher"},"content":{"rendered":"<p>Hesse\u2019nin hen\u00fcz yirmi ya\u015f\u0131nda kaleme ald\u0131\u011f\u0131 Hermann Lauscher (Hermann Lauscher\u2019den Kalan Yaz\u0131lar ve \u015eiirler) bir t\u00fcr \u201ckendini aray\u0131\u015f\u201d olarak de\u011ferlendirilebilir. Hesse, sonras\u0131nda \u201cgen\u00e7lik g\u00fcnah\u0131\u201d diye niteledi\u011fi kitab\u0131n\u0131n ilk bask\u0131s\u0131na (1900 sonu) yazd\u0131\u011f\u0131 \u00d6ns\u00f6z\u2019de Hermann Lauscher\u2019de yer alan metinlerin gizemini \u015fu s\u00f6zlerle a\u00e7\u0131klar: \u201cHermann Lauscher ismi bu kitapla ilk kez kamuoyu \u00f6n\u00fcne \u00e7\u0131k\u0131yor. Lauscher\u2019in yabanc\u0131 bir isimle bas\u0131lan yaz\u0131lar\u0131, fazla geni\u015f say\u0131lmayacak belli bir okur kitlesince \u00e7ok iyi bilinmektedir. Ne yaz\u0131k ki bu d\u00fcnyadan g\u00f6\u00e7\u00fcp gitmi\u015f yazar, s\u0131rr\u0131n\u0131 a\u00e7\u0131klamam\u0131 ve \u00f6l\u00fcm\u00fcnden \u00f6nce bas\u0131lm\u0131\u015f yaz\u0131lar\u0131n\u0131 kendisine mal etmemi yasaklam\u0131\u015f bulunuyor.\u201d\u201cAc\u0131 kavray\u0131\u015f, kavray\u0131\u015fs\u0131zl\u0131ktan iyidir ve kim bir kez kendini g\u00f6zlemleme ve itiraf etmenin tehlikeli yoluna girmi\u015fse, beklenmedik ve \u00fcz\u00fcc\u00fc de olsa, sonu\u00e7lar\u0131na katlanmal\u0131d\u0131r.\u201dY\u0131llar i\u00e7inde Lauscher\u2019e ne zaman bir g\u00f6z atay\u0131m desem, \u00e7\u0131kar\u0131p atmak ya da de\u011fi\u015ftirmek istedi\u011fim pasajlarla kar\u015f\u0131la\u015ft\u0131m, \u00f6rne\u011fin G\u00fcnl\u00fck\u2019\u00fcn ba\u015f\u0131ndaki Tolstoy \u00fczerine kaleme al\u0131nm\u0131\u015f, gen\u00e7li\u011fe \u00f6zg\u00fc, kibirli, aptalca s\u00f6zler&#8230; Ne var ki gen\u00e7lik portremde ge\u00e7mi\u015fe d\u00f6n\u00fck tahrifat yapma hakk\u0131na sahip oldu\u011fumu sanm\u0131yorum&#8230;Hermann Hesse, 1933<\/p>\n","protected":false},"excerpt":{"rendered":"<p>Hesse\u2019nin hen\u00fcz yirmi ya\u015f\u0131nda kaleme ald\u0131\u011f\u0131 Hermann Lauscher (Hermann Lauscher\u2019den Kalan Yaz\u0131lar ve \u015eiirler) bir t\u00fcr \u201ckendini aray\u0131\u015f\u201d olarak de\u011ferlendirilebilir. Hesse, sonras\u0131nda \u201cgen\u00e7lik g\u00fcnah\u0131\u201d diye niteledi\u011fi<span class=\"excerpt-hellip\"> [\u2026]<\/span><\/p>\n","protected":false},"featured_media":0,"template":"","meta":{"_monsterinsights_skip_tracking":false,"_monsterinsights_sitenote_active":false,"_monsterinsights_sitenote_note":"","_monsterinsights_sitenote_category":0},"product_brand":[],"product_cat":[18545,12291],"product_tag":[],"class_list":{"0":"post-723107","1":"product","2":"type-product","3":"status-publish","5":"product_cat-anlati","6":"product_cat-edebiyat","7":"pa_cilt-ciltsiz","8":"pa_tur-kitap","9":"pa_yayinevi-yapi-kredi-yayinlari","10":"pa_yazar-hermann-hesse","12":"first","13":"instock","14":"sale","15":"shipping-taxable","16":"purchasable","17":"product-type-simple"},"_links":{"self":[{"href":"https:\/\/roveyayinevi.com.tr\/index.php\/wp-json\/wp\/v2\/product\/723107","targetHints":{"allow":["GET"]}}],"collection":[{"href":"https:\/\/roveyayinevi.com.tr\/index.php\/wp-json\/wp\/v2\/product"}],"about":[{"href":"https:\/\/roveyayinevi.com.tr\/index.php\/wp-json\/wp\/v2\/types\/product"}],"wp:attachment":[{"href":"https:\/\/roveyayinevi.com.tr\/index.php\/wp-json\/wp\/v2\/media?parent=723107"}],"wp:term":[{"taxonomy":"product_brand","embeddable":true,"href":"https:\/\/roveyayinevi.com.tr\/index.php\/wp-json\/wp\/v2\/product_brand?post=723107"},{"taxonomy":"product_cat","embeddable":true,"href":"https:\/\/roveyayinevi.com.tr\/index.php\/wp-json\/wp\/v2\/product_cat?post=723107"},{"taxonomy":"product_tag","embeddable":true,"href":"https:\/\/roveyayinevi.com.tr\/index.php\/wp-json\/wp\/v2\/product_tag?post=723107"}],"curies":[{"name":"wp","href":"https:\/\/api.w.org\/{rel}","templated":true}]}}