{"id":723106,"date":"2025-08-27T19:13:57","date_gmt":"2025-08-27T16:13:57","guid":{"rendered":"https:\/\/roveyayinevi.com.tr\/index.php\/urun\/barnestataki-mezarlik\/"},"modified":"2026-04-16T02:31:01","modified_gmt":"2026-04-15T23:31:01","slug":"barnestataki-mezarlik","status":"publish","type":"product","link":"https:\/\/roveyayinevi.com.tr\/index.php\/urun\/barnestataki-mezarlik\/","title":{"rendered":"Barnesta&#8217;taki Mezarl\u0131k"},"content":{"rendered":"<p>\u0130ngilizce edebiyat\u0131n yenilik\u00e7i yazar\u0131 Gabriel Josipovici, Barnes\u2019taki Mezarl\u0131k roman\u0131nda, e\u015finin \u00f6l\u00fcm\u00fcnden sonra Londra\u2019dan Paris\u2019e ve oradan da bir Galler kentine ta\u015f\u0131nan bir \u00e7evirmenin \u015fehir de\u011fi\u015ftirdik\u00e7e d\u00f6n\u00fc\u015f\u00fcme u\u011frayan hayat\u0131na odaklan\u0131yor. \u00dc\u00e7 farkl\u0131 mek\u00e2n\u0131n anlat\u0131lar\u0131 yapboz par\u00e7alar\u0131 gibi bir araya geliyor. Shakespeare ve Du Bellay\u2019nin \u015fiirleri ile Monteverdi\u2019nin \u00fcnl\u00fc opera eseri Orfeo\u2019nun izinde bir haf\u0131za yolculu\u011fu ba\u015fl\u0131yor b\u00f6ylece; d\u00fcn ile bug\u00fcn kavu\u015fuyor. Kitap sayfalar\u0131ndan sokaklara, m\u00fczik notalar\u0131ndan mezarl\u0131klara s\u0131zan bir \u00f6yk\u00fc \u00e7\u0131k\u0131yor kar\u015f\u0131m\u0131za. 2018\u2019de Goldsmiths \u00d6d\u00fcl\u00fc finalisti se\u00e7ilen Barnes\u2019taki Mezarl\u0131k edebiyat, a\u015fk, \u00f6l\u00fcm ve arzunun alacakaranl\u0131k d\u00fcnyas\u0131 hakk\u0131nda, muammalarla \u00f6r\u00fcl\u00fc bir roman.   \u201cJosipovici\u2019nin zek\u00e2s\u0131 ile yetene\u011finin daimi hayran\u0131y\u0131m.\u201d -Muriel Spark \u201cJosipovici, \u0130ngiltere\u2019nin en c\u00fcretk\u00e2r ve se\u00e7kin yazarlar\u0131ndan biri.\u201d -Deborah Levy <\/p>\n","protected":false},"excerpt":{"rendered":"<p>\u0130ngilizce edebiyat\u0131n yenilik\u00e7i yazar\u0131 Gabriel Josipovici, Barnes\u2019taki Mezarl\u0131k roman\u0131nda, e\u015finin \u00f6l\u00fcm\u00fcnden sonra Londra\u2019dan Paris\u2019e ve oradan da bir Galler kentine ta\u015f\u0131nan bir \u00e7evirmenin \u015fehir de\u011fi\u015ftirdik\u00e7e d\u00f6n\u00fc\u015f\u00fcme<span class=\"excerpt-hellip\"> [\u2026]<\/span><\/p>\n","protected":false},"featured_media":0,"template":"","meta":{"_monsterinsights_skip_tracking":false,"_monsterinsights_sitenote_active":false,"_monsterinsights_sitenote_note":"","_monsterinsights_sitenote_category":0},"product_brand":[],"product_cat":[12291,12711],"product_tag":[],"class_list":{"0":"post-723106","1":"product","2":"type-product","3":"status-publish","5":"product_cat-edebiyat","6":"product_cat-roman-oyku","7":"pa_cilt-ciltsiz","8":"pa_tur-kitap","9":"pa_yayinevi-cinar-yayinlari","10":"pa_yazar-gabriel-josipovici","12":"first","13":"instock","14":"sale","15":"shipping-taxable","16":"purchasable","17":"product-type-simple"},"_links":{"self":[{"href":"https:\/\/roveyayinevi.com.tr\/index.php\/wp-json\/wp\/v2\/product\/723106","targetHints":{"allow":["GET"]}}],"collection":[{"href":"https:\/\/roveyayinevi.com.tr\/index.php\/wp-json\/wp\/v2\/product"}],"about":[{"href":"https:\/\/roveyayinevi.com.tr\/index.php\/wp-json\/wp\/v2\/types\/product"}],"wp:attachment":[{"href":"https:\/\/roveyayinevi.com.tr\/index.php\/wp-json\/wp\/v2\/media?parent=723106"}],"wp:term":[{"taxonomy":"product_brand","embeddable":true,"href":"https:\/\/roveyayinevi.com.tr\/index.php\/wp-json\/wp\/v2\/product_brand?post=723106"},{"taxonomy":"product_cat","embeddable":true,"href":"https:\/\/roveyayinevi.com.tr\/index.php\/wp-json\/wp\/v2\/product_cat?post=723106"},{"taxonomy":"product_tag","embeddable":true,"href":"https:\/\/roveyayinevi.com.tr\/index.php\/wp-json\/wp\/v2\/product_tag?post=723106"}],"curies":[{"name":"wp","href":"https:\/\/api.w.org\/{rel}","templated":true}]}}