{"id":723100,"date":"2025-08-27T19:13:52","date_gmt":"2025-08-27T16:13:52","guid":{"rendered":"https:\/\/roveyayinevi.com.tr\/index.php\/urun\/hangi-dogru\/"},"modified":"2026-04-16T02:31:01","modified_gmt":"2026-04-15T23:31:01","slug":"hangi-dogru","status":"publish","type":"product","link":"https:\/\/roveyayinevi.com.tr\/index.php\/urun\/hangi-dogru\/","title":{"rendered":"Hangi Do\u011fru"},"content":{"rendered":"<p>\u201cDuyanlar\u0131n yanl\u0131\u015f anlad\u0131\u011f\u0131 bir do\u011frudan daha k\u00f6t\u00fc bir yalan yoktur.\u201d    Do\u011frular\u0131 kendi emellerine hizmet edecek \u015fekilde evirip \u00e7evirmekte uzman politikac\u0131lar, s\u0131rf t\u0131k als\u0131n diye man\u015fette do\u011fruyu e\u011fip b\u00fcken gazeteciler, i\u015f-lerine yarayacak do\u011frular\u0131, daha b\u00fcy\u00fck bir do\u011fruyu yanl\u0131\u015f sunmak pahas\u0131na c\u0131mb\u0131zlayan aktivistler&#8230;  Hepsi basit bir ger\u00e7ekten faydalan\u0131yor: Hemen her konuda birden fazla do\u011fru var ve bizler d\u00fcnyaya se\u00e7ti\u011fimiz do\u011frular\u0131n merce\u011finden bak\u0131yoruz. \u0130nternet bilgi mi yay\u0131yor, nefret mi; et t\u00fcketmek iyi mi, k\u00f6t\u00fc m\u00fc; Amazon, kitap\u00e7\u0131lar\u0131 yok eden bir canavar m\u0131 yoksa daha fazla okumaya te\u015fvik eden bir dost mu? Cevap, hangi do\u011fruya \u00f6ncelik verdi\u011finize g\u00f6re de\u011fi\u015fiyor. Ve \u00f6z\u00fcnde tarafs\u0131z olmas\u0131 gereken rakip do\u011frular, maharetli ellerde yalandan bile yan\u0131lt\u0131c\u0131 bir ikna arac\u0131na d\u00f6n\u00fc\u015febiliyor.   Hector MacDonald politika, i\u015f d\u00fcnyas\u0131, medya ve g\u00fcndelik hayattan al\u0131nm\u0131\u015f ilgin\u00e7 \u2013hatta kimi zaman deh\u015fete d\u00fc\u015f\u00fcren\u2013 \u00e7ok say\u0131da vakay\u0131 inceleyerek do\u011f-runun, ger\u00e7eklikten neden ve nas\u0131l kopar\u0131labildi\u011fini ortaya koyuyor. Hangi Do\u011fru, d\u00fc\u015f\u00fcncelerimiz ve eylemlerimizin bize sunulan se\u00e7ilmi\u015f do\u011frularla nas\u0131l derinden \u015fekillendi\u011fini anlatan ay\u0131lt\u0131c\u0131 ve yol g\u00f6sterici bir kitap.   \u201cMacDonald do\u011frunun kaypakl\u0131\u011f\u0131na ni\u015fan al\u0131yor.\u201d New York Times    \u201cNefis.\u201d Matt Ridley <\/p>\n","protected":false},"excerpt":{"rendered":"<p>\u201cDuyanlar\u0131n yanl\u0131\u015f anlad\u0131\u011f\u0131 bir do\u011frudan daha k\u00f6t\u00fc bir yalan yoktur.\u201d Do\u011frular\u0131 kendi emellerine hizmet edecek \u015fekilde evirip \u00e7evirmekte uzman politikac\u0131lar, s\u0131rf t\u0131k als\u0131n diye man\u015fette do\u011fruyu<span class=\"excerpt-hellip\"> [\u2026]<\/span><\/p>\n","protected":false},"featured_media":0,"template":"","meta":{"_monsterinsights_skip_tracking":false,"_monsterinsights_sitenote_active":false,"_monsterinsights_sitenote_note":"","_monsterinsights_sitenote_category":0},"product_brand":[],"product_cat":[15983,13488],"product_tag":[],"class_list":{"0":"post-723100","1":"product","2":"type-product","3":"status-publish","5":"product_cat-iletisim-ve-medya","6":"product_cat-toplum-ve-insan","7":"pa_cilt-ciltsiz","8":"pa_tur-kitap","9":"pa_yayinevi-domingo-yayinevi","10":"pa_yazar-hector-macdonald","12":"first","13":"instock","14":"sale","15":"shipping-taxable","16":"purchasable","17":"product-type-simple"},"_links":{"self":[{"href":"https:\/\/roveyayinevi.com.tr\/index.php\/wp-json\/wp\/v2\/product\/723100","targetHints":{"allow":["GET"]}}],"collection":[{"href":"https:\/\/roveyayinevi.com.tr\/index.php\/wp-json\/wp\/v2\/product"}],"about":[{"href":"https:\/\/roveyayinevi.com.tr\/index.php\/wp-json\/wp\/v2\/types\/product"}],"wp:attachment":[{"href":"https:\/\/roveyayinevi.com.tr\/index.php\/wp-json\/wp\/v2\/media?parent=723100"}],"wp:term":[{"taxonomy":"product_brand","embeddable":true,"href":"https:\/\/roveyayinevi.com.tr\/index.php\/wp-json\/wp\/v2\/product_brand?post=723100"},{"taxonomy":"product_cat","embeddable":true,"href":"https:\/\/roveyayinevi.com.tr\/index.php\/wp-json\/wp\/v2\/product_cat?post=723100"},{"taxonomy":"product_tag","embeddable":true,"href":"https:\/\/roveyayinevi.com.tr\/index.php\/wp-json\/wp\/v2\/product_tag?post=723100"}],"curies":[{"name":"wp","href":"https:\/\/api.w.org\/{rel}","templated":true}]}}