{"id":723099,"date":"2025-08-27T19:13:51","date_gmt":"2025-08-27T16:13:51","guid":{"rendered":"https:\/\/roveyayinevi.com.tr\/index.php\/urun\/sunnet-ve-hadisi-anlama-kilavuzu\/"},"modified":"2026-04-16T02:31:01","modified_gmt":"2026-04-15T23:31:01","slug":"sunnet-ve-hadisi-anlama-kilavuzu","status":"publish","type":"product","link":"https:\/\/roveyayinevi.com.tr\/index.php\/urun\/sunnet-ve-hadisi-anlama-kilavuzu\/","title":{"rendered":"S\u00fcnnet ve Hadisi Anlama K\u0131lavuzu"},"content":{"rendered":"<p>Bu kitap, Hz. Peygamber\u2019in beyan ve tatbiki ile g\u00f6sterdi\u011fi yolun yani s\u00fcnnetin ve s\u00fcnnet nizam\u0131n\u0131 bize ta\u015f\u0131yan s\u00f6zl\u00fc haberlerin yani hadisin do\u011fru anla\u015f\u0131lmas\u0131 ve yorumlanmas\u0131na dair k\u0131lavuz bir kitapt\u0131r. Kitap, bilhassa fakih ve us\u00fblc\u00fclerin g\u00f6r\u00fc\u015fleri esas al\u0131narak s\u00fcnnette \u00f6rneklik, hadiste b\u00fct\u00fcnl\u00fck ilkeleri \u00fczerinden risalet-i Muhammediyye\u2019yi hi\u00e7bir rivayete feda etmeyen bir s\u00fcnnet ve hadis us\u00fbl\u00fcne giri\u015f mahiyetindedir. Bu kitap, T\u00fcrkiye\u2019de ve \u0130slam d\u00fcnyas\u0131nda ifrat ve tefrit noktalar\u0131nda seyreden s\u00fcnnet ve hadis tart\u0131\u015fmalar\u0131n\u0131n do\u011fru ve mutedil bir zemine ta\u015f\u0131nmas\u0131na katk\u0131 sunmay\u0131 ama\u00e7lamaktad\u0131r.<\/p>\n","protected":false},"excerpt":{"rendered":"<p>Bu kitap, Hz. Peygamber\u2019in beyan ve tatbiki ile g\u00f6sterdi\u011fi yolun yani s\u00fcnnetin ve s\u00fcnnet nizam\u0131n\u0131 bize ta\u015f\u0131yan s\u00f6zl\u00fc haberlerin yani hadisin do\u011fru anla\u015f\u0131lmas\u0131 ve yorumlanmas\u0131na dair<span class=\"excerpt-hellip\"> [\u2026]<\/span><\/p>\n","protected":false},"featured_media":0,"template":"","meta":{"_monsterinsights_skip_tracking":false,"_monsterinsights_sitenote_active":false,"_monsterinsights_sitenote_note":"","_monsterinsights_sitenote_category":0},"product_brand":[],"product_cat":[16789,12718,12719],"product_tag":[],"class_list":{"0":"post-723099","1":"product","2":"type-product","3":"status-publish","5":"product_cat-diger-islam","6":"product_cat-din","7":"product_cat-islam","8":"pa_cilt-ciltsiz","9":"pa_tur-kitap","10":"pa_yayinevi-otto-yayinlari","11":"pa_yazar-mehmet-gormez","13":"first","14":"instock","15":"sale","16":"shipping-taxable","17":"purchasable","18":"product-type-simple"},"_links":{"self":[{"href":"https:\/\/roveyayinevi.com.tr\/index.php\/wp-json\/wp\/v2\/product\/723099","targetHints":{"allow":["GET"]}}],"collection":[{"href":"https:\/\/roveyayinevi.com.tr\/index.php\/wp-json\/wp\/v2\/product"}],"about":[{"href":"https:\/\/roveyayinevi.com.tr\/index.php\/wp-json\/wp\/v2\/types\/product"}],"wp:attachment":[{"href":"https:\/\/roveyayinevi.com.tr\/index.php\/wp-json\/wp\/v2\/media?parent=723099"}],"wp:term":[{"taxonomy":"product_brand","embeddable":true,"href":"https:\/\/roveyayinevi.com.tr\/index.php\/wp-json\/wp\/v2\/product_brand?post=723099"},{"taxonomy":"product_cat","embeddable":true,"href":"https:\/\/roveyayinevi.com.tr\/index.php\/wp-json\/wp\/v2\/product_cat?post=723099"},{"taxonomy":"product_tag","embeddable":true,"href":"https:\/\/roveyayinevi.com.tr\/index.php\/wp-json\/wp\/v2\/product_tag?post=723099"}],"curies":[{"name":"wp","href":"https:\/\/api.w.org\/{rel}","templated":true}]}}