{"id":723094,"date":"2025-08-27T19:13:47","date_gmt":"2025-08-27T16:13:47","guid":{"rendered":"https:\/\/roveyayinevi.com.tr\/index.php\/urun\/eskici-baba\/"},"modified":"2026-04-16T02:31:01","modified_gmt":"2026-04-15T23:31:01","slug":"eskici-baba","status":"publish","type":"product","link":"https:\/\/roveyayinevi.com.tr\/index.php\/urun\/eskici-baba\/","title":{"rendered":"Eskici Baba"},"content":{"rendered":"<p>&#8220;\u00c7ocuk, ihtiyar adam\u0131n iri ve nas\u0131rl\u0131 elini k\u00fc\u00e7\u00fcc\u00fck elleriyle tutarak \u00f6pt\u00fc. \u0130htiyar\u0131n g\u00f6zleri dopdolu oldu. \u015eimdi bu ana kuzusu ailesinin yan\u0131nda olsa kim bilir nas\u0131l s\u00fcslenir, nas\u0131l ku\u015f gibi c\u0131v\u0131ldard\u0131. Anac\u0131\u011f\u0131 babac\u0131\u011f\u0131 kim bilir \u015fimdi onun yoklu\u011fundan nas\u0131l bir azap duyuyorlard\u0131. Ona ne yapmal\u0131, nas\u0131l bir hediye vererek g\u00f6nl\u00fcn\u00fc almal\u0131yd\u0131? \u0130htiyar adam\u0131n i\u00e7i ku\u015f gibi \u00e7\u0131rp\u0131n\u0131yordu. G\u00f6zlerini etraf\u0131nda dola\u015ft\u0131r\u0131yordu. Sonra akl\u0131na bir \u015fey geldi.&#8221; Kemalettin Tu\u011fcu Eskici Baba kitab\u0131nda; mahalleli taraf\u0131ndan yaln\u0131zl\u0131\u011fa itilen ya\u015fl\u0131ca bir adam\u0131n, k\u00fc\u00e7\u00fcc\u00fck bir \u00e7ocu\u011fun varl\u0131\u011f\u0131yla hayata tutunmas\u0131n\u0131 ve onun sayesinde ili\u015fkileri zay\u0131flam\u0131\u015f ailelerin yeniden birbirlerine ba\u011flanmas\u0131n\u0131 anlat\u0131yor. Her kitab\u0131n arkas\u0131ndaki s\u00f6zl\u00fck ile yazar\u0131n kurdu\u011fu d\u00fcnyay\u0131 bozmadan okurlara sunuyoruz. <\/p>\n","protected":false},"excerpt":{"rendered":"<p>&#8220;\u00c7ocuk, ihtiyar adam\u0131n iri ve nas\u0131rl\u0131 elini k\u00fc\u00e7\u00fcc\u00fck elleriyle tutarak \u00f6pt\u00fc. \u0130htiyar\u0131n g\u00f6zleri dopdolu oldu. \u015eimdi bu ana kuzusu ailesinin yan\u0131nda olsa kim bilir nas\u0131l s\u00fcslenir,<span class=\"excerpt-hellip\"> [\u2026]<\/span><\/p>\n","protected":false},"featured_media":0,"template":"","meta":{"_monsterinsights_skip_tracking":false,"_monsterinsights_sitenote_active":false,"_monsterinsights_sitenote_note":"","_monsterinsights_sitenote_category":0},"product_brand":[],"product_cat":[12274,12284],"product_tag":[],"class_list":{"0":"post-723094","1":"product","2":"type-product","3":"status-publish","5":"product_cat-cocuk-ve-genclik-kitaplari","6":"product_cat-hikayeler","7":"pa_cilt-ciltsiz","8":"pa_tur-kitap","9":"pa_yayinevi-ucan-at","10":"pa_yazar-kemalettin-tugcu","12":"first","13":"instock","14":"sale","15":"shipping-taxable","16":"purchasable","17":"product-type-simple"},"_links":{"self":[{"href":"https:\/\/roveyayinevi.com.tr\/index.php\/wp-json\/wp\/v2\/product\/723094","targetHints":{"allow":["GET"]}}],"collection":[{"href":"https:\/\/roveyayinevi.com.tr\/index.php\/wp-json\/wp\/v2\/product"}],"about":[{"href":"https:\/\/roveyayinevi.com.tr\/index.php\/wp-json\/wp\/v2\/types\/product"}],"wp:attachment":[{"href":"https:\/\/roveyayinevi.com.tr\/index.php\/wp-json\/wp\/v2\/media?parent=723094"}],"wp:term":[{"taxonomy":"product_brand","embeddable":true,"href":"https:\/\/roveyayinevi.com.tr\/index.php\/wp-json\/wp\/v2\/product_brand?post=723094"},{"taxonomy":"product_cat","embeddable":true,"href":"https:\/\/roveyayinevi.com.tr\/index.php\/wp-json\/wp\/v2\/product_cat?post=723094"},{"taxonomy":"product_tag","embeddable":true,"href":"https:\/\/roveyayinevi.com.tr\/index.php\/wp-json\/wp\/v2\/product_tag?post=723094"}],"curies":[{"name":"wp","href":"https:\/\/api.w.org\/{rel}","templated":true}]}}